{"id":922,"date":"2019-03-27T16:39:19","date_gmt":"2019-03-27T16:39:19","guid":{"rendered":"http:\/\/imd.mini.icom.museum\/?page_id=922"},"modified":"2019-03-27T16:41:22","modified_gmt":"2019-03-27T16:41:22","slug":"nuit-europeenne-des-musees","status":"publish","type":"page","link":"https:\/\/imd.icom.museum\/fr\/journee-internationale-des-musees-2023\/nuit-europeenne-des-musees\/","title":{"rendered":"Nuit europ\u00e9enne des mus\u00e9es"},"content":{"rendered":"<p><img decoding=\"async\" loading=\"lazy\" class=\"size-medium wp-image-919 alignleft\" src=\"http:\/\/imd.mini.icom.museum\/wp-content\/uploads\/sites\/54\/2019\/03\/Affiche_LNEDM_avec-logos-partenaires_light-200x300.jpg\" alt=\"\" width=\"200\" height=\"300\" srcset=\"https:\/\/imd.icom.museum\/wp-content\/uploads\/sites\/54\/2019\/03\/Affiche_LNEDM_avec-logos-partenaires_light-200x300.jpg 200w, https:\/\/imd.icom.museum\/wp-content\/uploads\/sites\/54\/2019\/03\/Affiche_LNEDM_avec-logos-partenaires_light-768x1152.jpg 768w, https:\/\/imd.icom.museum\/wp-content\/uploads\/sites\/54\/2019\/03\/Affiche_LNEDM_avec-logos-partenaires_light-683x1024.jpg 683w, https:\/\/imd.icom.museum\/wp-content\/uploads\/sites\/54\/2019\/03\/Affiche_LNEDM_avec-logos-partenaires_light.jpg 1000w\" sizes=\"(max-width: 200px) 100vw, 200px\" \/>Depuis 2011, l&#8217;ICOM accorde son patronage \u00e0 la Nuit europ\u00e9enne des mus\u00e9es, qui a lieu, tous les ans, le samedi le plus proche de la Journ\u00e9e internationale des mus\u00e9es. Cette ann\u00e9e, la Nuit europ\u00e9enne des mus\u00e9es sera c\u00e9l\u00e9br\u00e9e dans la nuit du 18 au 19 mai 2019. Cr\u00e9\u00e9e en 2005 par le Minist\u00e8re fran\u00e7ais de la Culture et de la Communication, la Nuit europ\u00e9enne des mus\u00e9es permet aux visiteurs de visiter les mus\u00e9es participants, de nuit, gratuitement, en reculant la contrainte horaire de la fermeture, jusqu&#8217;\u00e0 une heure du matin environ. En accueillant le public la nuit, les mus\u00e9es ouvrent \u00e0 une autre visite de leurs collections, une approche plus sensorielle et insolite. L&#8217;an dernier, les mus\u00e9es de 33 pays europ\u00e9ens se sont mobilis\u00e9s pour faire de la 11\u00e8me \u00e9dition un moment magique pour les tr\u00e8s nombreux noctambules qui avaient r\u00e9pondu pr\u00e9sents. De nombreuses animations sont propos\u00e9es. Un public diff\u00e9rent, plus jeune et familial, participe massivement \u00e0 cet \u00e9v\u00e9nement festif.<\/p>\n","protected":false},"excerpt":{"rendered":"<p>Depuis 2011, l&#8217;ICOM accorde son patronage \u00e0 la Nuit europ\u00e9enne des mus\u00e9es, qui a lieu, tous les ans, le samedi le plus proche de la Journ\u00e9e internationale des mus\u00e9es. Cette ann\u00e9e, la Nuit europ\u00e9enne des mus\u00e9es sera c\u00e9l\u00e9br\u00e9e dans la nuit du 18 au 19 mai 2019. Cr\u00e9\u00e9e en 2005 par le Minist\u00e8re fran\u00e7ais de [&hellip;]<\/p>\n","protected":false},"author":1,"featured_media":0,"parent":471,"menu_order":4,"comment_status":"closed","ping_status":"closed","template":"","meta":{"footnotes":""},"yst_prominent_words":[82,79,85,77,516,514,511,83,512,509,507,506,205,339,86,84,515,513,510,508],"acf":[],"_links":{"self":[{"href":"https:\/\/imd.icom.museum\/fr\/wp-json\/wp\/v2\/pages\/922"}],"collection":[{"href":"https:\/\/imd.icom.museum\/fr\/wp-json\/wp\/v2\/pages"}],"about":[{"href":"https:\/\/imd.icom.museum\/fr\/wp-json\/wp\/v2\/types\/page"}],"author":[{"embeddable":true,"href":"https:\/\/imd.icom.museum\/fr\/wp-json\/wp\/v2\/users\/1"}],"replies":[{"embeddable":true,"href":"https:\/\/imd.icom.museum\/fr\/wp-json\/wp\/v2\/comments?post=922"}],"version-history":[{"count":2,"href":"https:\/\/imd.icom.museum\/fr\/wp-json\/wp\/v2\/pages\/922\/revisions"}],"predecessor-version":[{"id":927,"href":"https:\/\/imd.icom.museum\/fr\/wp-json\/wp\/v2\/pages\/922\/revisions\/927"}],"up":[{"embeddable":true,"href":"https:\/\/imd.icom.museum\/fr\/wp-json\/wp\/v2\/pages\/471"}],"wp:attachment":[{"href":"https:\/\/imd.icom.museum\/fr\/wp-json\/wp\/v2\/media?parent=922"}],"wp:term":[{"taxonomy":"yst_prominent_words","embeddable":true,"href":"https:\/\/imd.icom.museum\/fr\/wp-json\/wp\/v2\/yst_prominent_words?post=922"}],"curies":[{"name":"wp","href":"https:\/\/api.w.org\/{rel}","templated":true}]}}