{"id":636,"date":"2019-01-30T10:26:51","date_gmt":"2019-01-30T10:26:51","guid":{"rendered":"http:\/\/imd.mini.icom.museum\/?page_id=636"},"modified":"2021-02-01T11:56:14","modified_gmt":"2021-02-01T11:56:14","slug":"2016-musees-et-paysages-culturels","status":"publish","type":"page","link":"https:\/\/imd.icom.museum\/fr\/editions-precedentes\/2016-musees-et-paysages-culturels\/","title":{"rendered":"2016 &#8211; Mus\u00e9es et paysages culturels"},"content":{"rendered":"<p><img decoding=\"async\" loading=\"lazy\" class=\"size-full wp-image-632 alignleft\" src=\"http:\/\/imd.mini.icom.museum\/wp-content\/uploads\/sites\/54\/2019\/01\/729cde8d9f.jpg\" alt=\"\" width=\"133\" height=\"200\" \/><\/p>\n<p>En 2016, le th\u00e8me de la Journ\u00e9e internationale des mus\u00e9es a \u00e9t\u00e9\u00a0\u00ab<strong>Mus\u00e9es et paysages culturels<\/strong>\u00a0\u00bb<em>,<\/em> \u00e9galement au c\u0153ur des d\u00e9bats de la Conf\u00e9rence g\u00e9n\u00e9rale ICOM Milano 2016, du 3 au 9 juillet 2016. Ce th\u00e8me induit une grande responsabilit\u00e9 des mus\u00e9es envers les paysages dont ils font partie int\u00e9grante, auxquels ils peuvent apporter leur contribution sous forme de connaissances et de comp\u00e9tences propres. La mission principale des mus\u00e9es reste de veiller \u00e0 la sauvegarde et \u00e0 la protection du patrimoine, qu\u2019il soit dans ou hors les murs. Dans la Charte de Sienne, le paysage culturel est d\u00e9fini comme \u00ab\u00a0le territoire o\u00f9 l\u2019on vit, celui qui nous entoure, avec les images et les symboles qui l\u2019identifient et le caract\u00e9risent \u00bb. Ainsi, le paysage culturel est empreint du contexte \u2013 g\u00e9ographique, historique, \u00e9conomique, social et culturel \u2013 dans lequel les mus\u00e9es existent et op\u00e8rent.<\/p>\n","protected":false},"excerpt":{"rendered":"<p>En 2016, le th\u00e8me de la Journ\u00e9e internationale des mus\u00e9es a \u00e9t\u00e9\u00a0\u00abMus\u00e9es et paysages culturels\u00a0\u00bb, \u00e9galement au c\u0153ur des d\u00e9bats de la Conf\u00e9rence g\u00e9n\u00e9rale ICOM Milano 2016, du 3 au 9 juillet 2016. Ce th\u00e8me induit une grande responsabilit\u00e9 des mus\u00e9es envers les paysages dont ils font partie int\u00e9grante, auxquels ils peuvent apporter leur contribution [&hellip;]<\/p>\n","protected":false},"author":1,"featured_media":0,"parent":604,"menu_order":2,"comment_status":"closed","ping_status":"closed","template":"","meta":{"footnotes":""},"yst_prominent_words":[377,382,841,839,840,82,79,85,77,398,294,83,205,383,380,379,339,84,838,381],"acf":[],"_links":{"self":[{"href":"https:\/\/imd.icom.museum\/fr\/wp-json\/wp\/v2\/pages\/636"}],"collection":[{"href":"https:\/\/imd.icom.museum\/fr\/wp-json\/wp\/v2\/pages"}],"about":[{"href":"https:\/\/imd.icom.museum\/fr\/wp-json\/wp\/v2\/types\/page"}],"author":[{"embeddable":true,"href":"https:\/\/imd.icom.museum\/fr\/wp-json\/wp\/v2\/users\/1"}],"replies":[{"embeddable":true,"href":"https:\/\/imd.icom.museum\/fr\/wp-json\/wp\/v2\/comments?post=636"}],"version-history":[{"count":6,"href":"https:\/\/imd.icom.museum\/fr\/wp-json\/wp\/v2\/pages\/636\/revisions"}],"predecessor-version":[{"id":2113,"href":"https:\/\/imd.icom.museum\/fr\/wp-json\/wp\/v2\/pages\/636\/revisions\/2113"}],"up":[{"embeddable":true,"href":"https:\/\/imd.icom.museum\/fr\/wp-json\/wp\/v2\/pages\/604"}],"wp:attachment":[{"href":"https:\/\/imd.icom.museum\/fr\/wp-json\/wp\/v2\/media?parent=636"}],"wp:term":[{"taxonomy":"yst_prominent_words","embeddable":true,"href":"https:\/\/imd.icom.museum\/fr\/wp-json\/wp\/v2\/yst_prominent_words?post=636"}],"curies":[{"name":"wp","href":"https:\/\/api.w.org\/{rel}","templated":true}]}}