{"id":626,"date":"2019-01-30T10:18:17","date_gmt":"2019-01-30T10:18:17","guid":{"rendered":"http:\/\/imd.mini.icom.museum\/?page_id=626"},"modified":"2021-02-01T11:55:41","modified_gmt":"2021-02-01T11:55:41","slug":"2017-musees-et-histoires-douloureuses-dire-lindicible-dans-les-musees","status":"publish","type":"page","link":"https:\/\/imd.icom.museum\/fr\/editions-precedentes\/2017-musees-et-histoires-douloureuses-dire-lindicible-dans-les-musees\/","title":{"rendered":"2017 &#8211; Mus\u00e9es et histoires douloureuses : dire l&#8217;indicible dans les mus\u00e9es"},"content":{"rendered":"<p><img decoding=\"async\" loading=\"lazy\" class=\"size-full wp-image-623 alignleft\" src=\"https:\/\/imd.icom.museum\/wp-content\/uploads\/sites\/54\/2019\/01\/IMD2017-AN-180.jpg\" alt=\"\" width=\"180\" height=\"270\" \/><\/p>\n<p>Autour du 18 mai 2017, la communaut\u00e9 mondiale des mus\u00e9es a c\u00e9l\u00e9br\u00e9 la Journ\u00e9e internationale des mus\u00e9es autour du th\u00e8me \u00ab\u00a0<strong>Mus\u00e9es et histoires douloureuses : dire l\u2019indicible dans les mus\u00e9es\u00a0\u00bb<\/strong>. Ce th\u00e8me met en lumi\u00e8re le r\u00f4le des mus\u00e9es qui, en se mettant au service de la soci\u00e9t\u00e9, peuvent devenir des centres de pacification des relations entre les peuples. L\u2019acceptation d\u2019un pass\u00e9 douloureux constitue un premier pas pour envisager un avenir commun sous le signe de la r\u00e9conciliation. Dire l\u2019indicible au mus\u00e9e, c\u2019est appr\u00e9hender l\u2019incompr\u00e9hensible des pass\u00e9s douloureux inh\u00e9rents \u00e0 l\u2019humanit\u00e9. Cette th\u00e9matique inscrit le mus\u00e9e comme acteur de l\u2019apaisement des histoires traumatiques pass\u00e9es gr\u00e2ce \u00e0 la m\u00e9diation et \u00e0 la pluralit\u00e9 des points de vues exprim\u00e9s.<\/p>\n","protected":false},"excerpt":{"rendered":"<p>Autour du 18 mai 2017, la communaut\u00e9 mondiale des mus\u00e9es a c\u00e9l\u00e9br\u00e9 la Journ\u00e9e internationale des mus\u00e9es autour du th\u00e8me \u00ab\u00a0Mus\u00e9es et histoires douloureuses : dire l\u2019indicible dans les mus\u00e9es\u00a0\u00bb. Ce th\u00e8me met en lumi\u00e8re le r\u00f4le des mus\u00e9es qui, en se mettant au service de la soci\u00e9t\u00e9, peuvent devenir des centres de pacification des [&hellip;]<\/p>\n","protected":false},"author":1,"featured_media":0,"parent":604,"menu_order":7,"comment_status":"closed","ping_status":"closed","template":"","meta":{"footnotes":""},"yst_prominent_words":[382,402,397,395,82,79,85,77,400,396,398,215,294,399,401,83,205,339,84,232],"acf":[],"_links":{"self":[{"href":"https:\/\/imd.icom.museum\/fr\/wp-json\/wp\/v2\/pages\/626"}],"collection":[{"href":"https:\/\/imd.icom.museum\/fr\/wp-json\/wp\/v2\/pages"}],"about":[{"href":"https:\/\/imd.icom.museum\/fr\/wp-json\/wp\/v2\/types\/page"}],"author":[{"embeddable":true,"href":"https:\/\/imd.icom.museum\/fr\/wp-json\/wp\/v2\/users\/1"}],"replies":[{"embeddable":true,"href":"https:\/\/imd.icom.museum\/fr\/wp-json\/wp\/v2\/comments?post=626"}],"version-history":[{"count":8,"href":"https:\/\/imd.icom.museum\/fr\/wp-json\/wp\/v2\/pages\/626\/revisions"}],"predecessor-version":[{"id":2112,"href":"https:\/\/imd.icom.museum\/fr\/wp-json\/wp\/v2\/pages\/626\/revisions\/2112"}],"up":[{"embeddable":true,"href":"https:\/\/imd.icom.museum\/fr\/wp-json\/wp\/v2\/pages\/604"}],"wp:attachment":[{"href":"https:\/\/imd.icom.museum\/fr\/wp-json\/wp\/v2\/media?parent=626"}],"wp:term":[{"taxonomy":"yst_prominent_words","embeddable":true,"href":"https:\/\/imd.icom.museum\/fr\/wp-json\/wp\/v2\/yst_prominent_words?post=626"}],"curies":[{"name":"wp","href":"https:\/\/api.w.org\/{rel}","templated":true}]}}