{"id":613,"date":"2019-01-30T10:05:50","date_gmt":"2019-01-30T10:05:50","guid":{"rendered":"http:\/\/imd.mini.icom.museum\/?page_id=613"},"modified":"2021-02-01T11:54:31","modified_gmt":"2021-02-01T11:54:31","slug":"2018-musees-hyperconnectes-nouvelles-approches-nouveaux-publics","status":"publish","type":"page","link":"https:\/\/imd.icom.museum\/fr\/editions-precedentes\/2018-musees-hyperconnectes-nouvelles-approches-nouveaux-publics\/","title":{"rendered":"2018 &#8211; Mus\u00e9es hyperconnect\u00e9s : Nouvelles approches, nouveaux publics"},"content":{"rendered":"<p><img decoding=\"async\" loading=\"lazy\" class=\"size-medium wp-image-611 alignleft\" src=\"https:\/\/imd.icom.museum\/wp-content\/uploads\/sites\/54\/2019\/01\/IMD2018-afficheanglais-200x300.png\" alt=\"\" width=\"200\" height=\"300\" srcset=\"https:\/\/imd.icom.museum\/wp-content\/uploads\/sites\/54\/2019\/01\/IMD2018-afficheanglais-200x300.png 200w, https:\/\/imd.icom.museum\/wp-content\/uploads\/sites\/54\/2019\/01\/IMD2018-afficheanglais-768x1152.png 768w, https:\/\/imd.icom.museum\/wp-content\/uploads\/sites\/54\/2019\/01\/IMD2018-afficheanglais-683x1024.png 683w, https:\/\/imd.icom.museum\/wp-content\/uploads\/sites\/54\/2019\/01\/IMD2018-afficheanglais.png 1134w\" sizes=\"(max-width: 200px) 100vw, 200px\" \/>Le terme \u00ab hyperconnectivit\u00e9 \u00bb a \u00e9t\u00e9 invent\u00e9 en 2001, et d\u00e9signe les multiples moyens de communication qui existent \u00e0 ce jour, tels que la discussion en face \u00e0 face, les courriels, les messageries instantan\u00e9es, le t\u00e9l\u00e9phone ou encore Internet. Ce r\u00e9seau mondial de connexions devient chaque jour plus complexe, divers et int\u00e9gr\u00e9. Et, dans ce monde hyperconnect\u00e9, les mus\u00e9es ne sont pas \u00e0 la tra\u00eene. C\u2019est pour cette raison que le Conseil international des mus\u00e9es (ICOM) a choisi pour th\u00e8me de la Journ\u00e9e internationale des mus\u00e9es 2018 <strong>\u00ab Mus\u00e9es hyperconnect\u00e9s : nouvelles approches, nouveaux publics \u00bb<\/strong>.<\/p>\n<p>En effet, il est impossible d\u2019avoir une bonne compr\u00e9hension du r\u00f4le des mus\u00e9es si l\u2019on ne tient pas compte des multiples connexions qu\u2019ils \u00e9tablissent, car ils font partie int\u00e9grante des communaut\u00e9s locales, de leur paysage culturel et de leur environnement naturel. Gr\u00e2ce aux technologies, les mus\u00e9es ont d\u00e9sormais une port\u00e9e tr\u00e8s large, bien plus vaste que leur public principal. Ils peuvent \u00e9galement attirer de nouveaux types de visiteurs en adoptant des approches diff\u00e9rentes de leurs collections, par exemple en les num\u00e9risant, en ajoutant des \u00e9l\u00e9ments multim\u00e9dias aux expositions, ou simplement en cr\u00e9ant un hashtag qui permet aux visiteurs de partager leur exp\u00e9rience sur les r\u00e9seaux sociaux.<\/p>\n<p>N\u00e9anmoins, ces nouveaux liens ne sont pas tous imputables \u00e0 la technologie. Les mus\u00e9es oeuvrent \u00e0 conserver leur valeur pour la soci\u00e9t\u00e9. Ils sont donc amen\u00e9s \u00e0 s\u2019int\u00e9resser \u00e0 leur communaut\u00e9 locale et aux divers groupes qui la composent. Ainsi, ces derni\u00e8res ann\u00e9es, nous avons pu observer la cr\u00e9ation d\u2019un grand nombre de projets communs, organis\u00e9s en collaboration entre les mus\u00e9es et les minorit\u00e9s, peuples autochtones et institutions locales. Pour attirer ces nouveaux publics et am\u00e9liorer les liens qu\u2019ils entretiennent avec eux, les mus\u00e9es doivent changer leur mani\u00e8re d\u2019interpr\u00e9ter et de pr\u00e9senter leurs collections.<\/p>\n<p>&nbsp;<\/p>\n<p><img decoding=\"async\" loading=\"lazy\" class=\"size-medium wp-image-791 aligncenter\" src=\"https:\/\/imd.icom.museum\/wp-content\/uploads\/sites\/54\/2019\/02\/32087281_1087142298090244_5815699144022425600_n-300x300.jpg\" alt=\"\" width=\"300\" height=\"300\" srcset=\"https:\/\/imd.icom.museum\/wp-content\/uploads\/sites\/54\/2019\/02\/32087281_1087142298090244_5815699144022425600_n-300x300.jpg 300w, https:\/\/imd.icom.museum\/wp-content\/uploads\/sites\/54\/2019\/02\/32087281_1087142298090244_5815699144022425600_n-150x150.jpg 150w, https:\/\/imd.icom.museum\/wp-content\/uploads\/sites\/54\/2019\/02\/32087281_1087142298090244_5815699144022425600_n-768x768.jpg 768w, https:\/\/imd.icom.museum\/wp-content\/uploads\/sites\/54\/2019\/02\/32087281_1087142298090244_5815699144022425600_n.jpg 960w\" sizes=\"(max-width: 300px) 100vw, 300px\" \/><\/p>\n<p><img decoding=\"async\" loading=\"lazy\" class=\"size-medium wp-image-794 aligncenter\" src=\"https:\/\/imd.icom.museum\/wp-content\/uploads\/sites\/54\/2019\/02\/32324772_1258500910951418_3278390885414338560_o-300x157.jpg\" alt=\"\" width=\"300\" height=\"157\" srcset=\"https:\/\/imd.icom.museum\/wp-content\/uploads\/sites\/54\/2019\/02\/32324772_1258500910951418_3278390885414338560_o-300x157.jpg 300w, https:\/\/imd.icom.museum\/wp-content\/uploads\/sites\/54\/2019\/02\/32324772_1258500910951418_3278390885414338560_o-768x402.jpg 768w, https:\/\/imd.icom.museum\/wp-content\/uploads\/sites\/54\/2019\/02\/32324772_1258500910951418_3278390885414338560_o-1024x536.jpg 1024w, https:\/\/imd.icom.museum\/wp-content\/uploads\/sites\/54\/2019\/02\/32324772_1258500910951418_3278390885414338560_o.jpg 1201w\" sizes=\"(max-width: 300px) 100vw, 300px\" \/><\/p>\n<p><img decoding=\"async\" loading=\"lazy\" class=\"size-medium wp-image-806 aligncenter\" src=\"https:\/\/imd.icom.museum\/wp-content\/uploads\/sites\/54\/2019\/02\/Museo-del-Ferrocarril-300x204.jpg\" alt=\"\" width=\"300\" height=\"204\" srcset=\"https:\/\/imd.icom.museum\/wp-content\/uploads\/sites\/54\/2019\/02\/Museo-del-Ferrocarril-300x204.jpg 300w, https:\/\/imd.icom.museum\/wp-content\/uploads\/sites\/54\/2019\/02\/Museo-del-Ferrocarril-768x523.jpg 768w, https:\/\/imd.icom.museum\/wp-content\/uploads\/sites\/54\/2019\/02\/Museo-del-Ferrocarril.jpg 1012w\" sizes=\"(max-width: 300px) 100vw, 300px\" \/><\/p>\n<p><img decoding=\"async\" loading=\"lazy\" class=\"size-medium wp-image-800 aligncenter\" src=\"https:\/\/imd.icom.museum\/wp-content\/uploads\/sites\/54\/2019\/02\/Mus\u00e9e-de-Nouvelle-Cal\u00e9donie-300x240.jpg\" alt=\"\" width=\"300\" height=\"240\" srcset=\"https:\/\/imd.icom.museum\/wp-content\/uploads\/sites\/54\/2019\/02\/Mus\u00e9e-de-Nouvelle-Cal\u00e9donie-300x240.jpg 300w, https:\/\/imd.icom.museum\/wp-content\/uploads\/sites\/54\/2019\/02\/Mus\u00e9e-de-Nouvelle-Cal\u00e9donie-768x614.jpg 768w, https:\/\/imd.icom.museum\/wp-content\/uploads\/sites\/54\/2019\/02\/Mus\u00e9e-de-Nouvelle-Cal\u00e9donie.jpg 945w\" sizes=\"(max-width: 300px) 100vw, 300px\" \/><\/p>\n<p><img decoding=\"async\" loading=\"lazy\" class=\"size-medium wp-image-779 aligncenter\" src=\"https:\/\/imd.icom.museum\/wp-content\/uploads\/sites\/54\/2019\/02\/Jaya-He-Museum-300x169.jpg\" alt=\"\" width=\"300\" height=\"169\" srcset=\"https:\/\/imd.icom.museum\/wp-content\/uploads\/sites\/54\/2019\/02\/Jaya-He-Museum-300x169.jpg 300w, https:\/\/imd.icom.museum\/wp-content\/uploads\/sites\/54\/2019\/02\/Jaya-He-Museum-768x432.jpg 768w, https:\/\/imd.icom.museum\/wp-content\/uploads\/sites\/54\/2019\/02\/Jaya-He-Museum-1024x576.jpg 1024w, https:\/\/imd.icom.museum\/wp-content\/uploads\/sites\/54\/2019\/02\/Jaya-He-Museum.jpg 1200w\" sizes=\"(max-width: 300px) 100vw, 300px\" \/><\/p>\n<p><img decoding=\"async\" loading=\"lazy\" class=\"size-medium wp-image-803 aligncenter\" src=\"https:\/\/imd.icom.museum\/wp-content\/uploads\/sites\/54\/2019\/02\/Qatar-Museums-300x300.jpg\" alt=\"\" width=\"300\" height=\"300\" srcset=\"https:\/\/imd.icom.museum\/wp-content\/uploads\/sites\/54\/2019\/02\/Qatar-Museums-300x300.jpg 300w, https:\/\/imd.icom.museum\/wp-content\/uploads\/sites\/54\/2019\/02\/Qatar-Museums-150x150.jpg 150w, https:\/\/imd.icom.museum\/wp-content\/uploads\/sites\/54\/2019\/02\/Qatar-Museums-768x768.jpg 768w, https:\/\/imd.icom.museum\/wp-content\/uploads\/sites\/54\/2019\/02\/Qatar-Museums-1024x1024.jpg 1024w, https:\/\/imd.icom.museum\/wp-content\/uploads\/sites\/54\/2019\/02\/Qatar-Museums.jpg 1200w\" sizes=\"(max-width: 300px) 100vw, 300px\" \/><\/p>\n<p><img decoding=\"async\" loading=\"lazy\" class=\"size-medium wp-image-767 aligncenter\" src=\"https:\/\/imd.icom.museum\/wp-content\/uploads\/sites\/54\/2019\/02\/Casa-Museo-EFM-300x150.jpg\" alt=\"\" width=\"300\" height=\"150\" srcset=\"https:\/\/imd.icom.museum\/wp-content\/uploads\/sites\/54\/2019\/02\/Casa-Museo-EFM-300x150.jpg 300w, https:\/\/imd.icom.museum\/wp-content\/uploads\/sites\/54\/2019\/02\/Casa-Museo-EFM-768x384.jpg 768w, https:\/\/imd.icom.museum\/wp-content\/uploads\/sites\/54\/2019\/02\/Casa-Museo-EFM.jpg 1024w\" sizes=\"(max-width: 300px) 100vw, 300px\" \/><\/p>\n","protected":false},"excerpt":{"rendered":"<p>Le terme \u00ab hyperconnectivit\u00e9 \u00bb a \u00e9t\u00e9 invent\u00e9 en 2001, et d\u00e9signe les multiples moyens de communication qui existent \u00e0 ce jour, tels que la discussion en face \u00e0 face, les courriels, les messageries instantan\u00e9es, le t\u00e9l\u00e9phone ou encore Internet. Ce r\u00e9seau mondial de connexions devient chaque jour plus complexe, divers et int\u00e9gr\u00e9. Et, dans [&hellip;]<\/p>\n","protected":false},"author":1,"featured_media":0,"parent":604,"menu_order":0,"comment_status":"closed","ping_status":"closed","template":"","meta":{"footnotes":""},"yst_prominent_words":[382,428,425,423,85,77,215,87,83,205,86,426,424,420,284,427,422,231,344,421],"acf":[],"_links":{"self":[{"href":"https:\/\/imd.icom.museum\/fr\/wp-json\/wp\/v2\/pages\/613"}],"collection":[{"href":"https:\/\/imd.icom.museum\/fr\/wp-json\/wp\/v2\/pages"}],"about":[{"href":"https:\/\/imd.icom.museum\/fr\/wp-json\/wp\/v2\/types\/page"}],"author":[{"embeddable":true,"href":"https:\/\/imd.icom.museum\/fr\/wp-json\/wp\/v2\/users\/1"}],"replies":[{"embeddable":true,"href":"https:\/\/imd.icom.museum\/fr\/wp-json\/wp\/v2\/comments?post=613"}],"version-history":[{"count":7,"href":"https:\/\/imd.icom.museum\/fr\/wp-json\/wp\/v2\/pages\/613\/revisions"}],"predecessor-version":[{"id":2109,"href":"https:\/\/imd.icom.museum\/fr\/wp-json\/wp\/v2\/pages\/613\/revisions\/2109"}],"up":[{"embeddable":true,"href":"https:\/\/imd.icom.museum\/fr\/wp-json\/wp\/v2\/pages\/604"}],"wp:attachment":[{"href":"https:\/\/imd.icom.museum\/fr\/wp-json\/wp\/v2\/media?parent=613"}],"wp:term":[{"taxonomy":"yst_prominent_words","embeddable":true,"href":"https:\/\/imd.icom.museum\/fr\/wp-json\/wp\/v2\/yst_prominent_words?post=613"}],"curies":[{"name":"wp","href":"https:\/\/api.w.org\/{rel}","templated":true}]}}