{"id":488,"date":"2019-01-29T11:58:25","date_gmt":"2019-01-29T11:58:25","guid":{"rendered":"http:\/\/imd.mini.icom.museum\/?page_id=488"},"modified":"2024-05-12T21:23:52","modified_gmt":"2024-05-12T21:23:52","slug":"laffiche","status":"publish","type":"page","link":"https:\/\/imd.icom.museum\/fr\/journee-internationale-des-musees-2023\/laffiche\/","title":{"rendered":"L&#8217;affiche"},"content":{"rendered":"<p><img decoding=\"async\" loading=\"lazy\" class=\"size-large wp-image-2935 aligncenter\" src=\"https:\/\/imd.icom.museum\/wp-content\/uploads\/sites\/54\/2024\/02\/IMD_Poster_Fr_RGB-683x1024.jpg\" alt=\"\" width=\"683\" height=\"1024\" srcset=\"https:\/\/imd.icom.museum\/wp-content\/uploads\/sites\/54\/2024\/02\/IMD_Poster_Fr_RGB-683x1024.jpg 683w, https:\/\/imd.icom.museum\/wp-content\/uploads\/sites\/54\/2024\/02\/IMD_Poster_Fr_RGB-200x300.jpg 200w, https:\/\/imd.icom.museum\/wp-content\/uploads\/sites\/54\/2024\/02\/IMD_Poster_Fr_RGB-768x1152.jpg 768w, https:\/\/imd.icom.museum\/wp-content\/uploads\/sites\/54\/2024\/02\/IMD_Poster_Fr_RGB-1024x1536.jpg 1024w, https:\/\/imd.icom.museum\/wp-content\/uploads\/sites\/54\/2024\/02\/IMD_Poster_Fr_RGB-1366x2048.jpg 1366w, https:\/\/imd.icom.museum\/wp-content\/uploads\/sites\/54\/2024\/02\/IMD_Poster_Fr_RGB-scaled.jpg 1707w\" sizes=\"(max-width: 683px) 100vw, 683px\" \/><\/p>\n<p>Pour chaque Journ\u00e9e internationale des mus\u00e9es, l&#8217;ICOM choisit un th\u00e8me qui est au c\u0153ur des pr\u00e9occupations de la soci\u00e9t\u00e9. L&#8217;ICOM cr\u00e9e une affiche IMD pour illustrer le th\u00e8me, et nous invitons tous les mus\u00e9es participants \u00e0 l&#8217;adapter en fonction de leurs besoins : promouvoir une exposition sp\u00e9ciale, ajouter des \u00e9l\u00e9ments locaux, jouer avec les couleurs, etc.<\/p>\n<p style=\"text-align: center;\"><span class=\"link_red\"><a href=\"https:\/\/icom.museum\/wp-content\/uploads\/2024\/02\/IMD2024-Poster.zip\">T\u00e9l\u00e9charger l&#8217;affiche et les \u00e9l\u00e9ments modifiables<\/a><\/span><\/p>\n<p style=\"text-align: center;\"><span class=\"link_black\"><a href=\"https:\/\/www.canva.com\/design\/DAF9Pj-MHAc\/zFGrc2BiqoiWVW3tLUgYDg\/view?utm_content=DAF9Pj-MHAc&amp;utm_campaign=designshare&amp;utm_medium=link&amp;utm_source=publishsharelink&amp;mode=preview\">Poster modifiable dans Canva<\/a><\/span><\/p>\n<h3>Faites-vous plaisir !<\/h3>\n<p>Nous vous invitons \u00e0 adapter le poster en fonction des besoins de votre mus\u00e9e : peut-\u00eatre pour promouvoir une exposition sp\u00e9ciale ou tout autre \u00e9v\u00e9nement. Une version personnalisable de l&#8217;affiche est disponible. Nous vous encourageons donc \u00e0 faire participer le personnel et le public de votre mus\u00e9e pour la modifier. Notre objectif est de proposer autant de versions diff\u00e9rentes que possible pour repr\u00e9senter les visions que les mus\u00e9es ont de leurs propres pratiques. Lorsque votre chef-d&#8217;\u0153uvre est termin\u00e9, prenez une photo, t\u00e9l\u00e9chargez-la sur vos m\u00e9dias sociaux et marquez-la. Nous partagerons les meilleures d&#8217;entre elles sur nos comptes officiels !<\/p>\n<p class=\"bodytext\">Si vous souhaitez utiliser l\u2019affiche dans une langue qui n\u2019est pas disponible, n\u2019h\u00e9sitez pas \u00e0 contacter votre\u00a0<a href=\"http:\/\/icom.museum\/les-comites\/comites-nationaux\/L\/2\/\" target=\"_blank\" rel=\"noopener\"><b>Comit\u00e9 national<\/b><\/a> ou <strong><a href=\"https:\/\/docs.google.com\/forms\/d\/e\/1FAIpQLSeB1uerUdHAuy0ZyUFlaZgObBBe2Cl3wpgOL0yKi2Usw2Hlag\/viewform?usp=sf_link\">compl\u00e9tez le formulaire<\/a><\/strong>.<\/p>\n<h3><\/h3>\n<h3>Traductions<\/h3>\n<p><span class=\"link_red\"><a href=\"https:\/\/imd.icom.museum\/wp-content\/uploads\/sites\/54\/2024\/04\/Afrikaans.pdf\" target=\"_blank\" rel=\"noopener\">Afrikaans<\/a><\/span><\/p>\n<p><span class=\"link_red\"><a href=\"https:\/\/imd.icom.museum\/wp-content\/uploads\/sites\/54\/2024\/04\/Albanian.pdf\" target=\"_blank\" rel=\"noopener\">Albanais<\/a><\/span><\/p>\n<p><span class=\"link_red\"><a href=\"https:\/\/imd.icom.museum\/wp-content\/uploads\/sites\/54\/2024\/03\/Arabic.pdf\" target=\"_blank\" rel=\"noopener\">Arabe<\/a><\/span><\/p>\n<p><span class=\"link_red\"><a href=\"https:\/\/imd.icom.museum\/wp-content\/uploads\/sites\/54\/2024\/04\/Armenian.pdf\" target=\"_blank\" rel=\"noopener\">Arm\u00e9nien<\/a><\/span><\/p>\n<p><span class=\"link_red\"><a href=\"https:\/\/imd.icom.museum\/wp-content\/uploads\/sites\/54\/2024\/03\/Bahasa-Indonesia.pdf\" target=\"_blank\" rel=\"noopener\">Bahasa Indonesia<\/a><\/span><\/p>\n<p><span class=\"link_red\"><a href=\"https:\/\/imd.icom.museum\/wp-content\/uploads\/sites\/54\/2024\/03\/Euskera.pdf\" target=\"_blank\" rel=\"noopener\">Basque<\/a><\/span><\/p>\n<p><span class=\"link_red\"><a href=\"https:\/\/imd.icom.museum\/wp-content\/uploads\/sites\/54\/2024\/03\/Burmese-1.pdf\" target=\"_blank\" rel=\"noopener\">Birman<\/a><\/span><\/p>\n<p><span class=\"link_red\"><a href=\"https:\/\/imd.icom.museum\/wp-content\/uploads\/sites\/54\/2024\/05\/Belarusian.pdf\" target=\"_blank\" rel=\"noopener\">Bi\u00e9lorusse<\/a><\/span><\/p>\n<p><span class=\"link_red\"><a href=\"https:\/\/imd.icom.museum\/wp-content\/uploads\/sites\/54\/2024\/04\/Bosnian-Croatian-Serbian.pdf\" target=\"_blank\" rel=\"noopener\">Bosniaque-croate-serbe<\/a><\/span><\/p>\n<p><span class=\"link_red\"><a href=\"https:\/\/imd.icom.museum\/wp-content\/uploads\/sites\/54\/2024\/04\/Bulgarian.pdf\" target=\"_blank\" rel=\"noopener\">Bulgare<\/a><\/span><\/p>\n<p><span class=\"link_red\"><a href=\"https:\/\/imd.icom.museum\/wp-content\/uploads\/sites\/54\/2024\/03\/Catalan.pdf\" target=\"_blank\" rel=\"noopener\">Catalan<\/a><\/span><\/p>\n<p><span class=\"link_red\"><a href=\"https:\/\/imd.icom.museum\/wp-content\/uploads\/sites\/54\/2024\/03\/Chinese-Mandarin.pdf\" target=\"_blank\" rel=\"noopener\">Chinois (mandarin)<\/a><\/span><\/p>\n<p><span class=\"link_red\"><a href=\"https:\/\/imd.icom.museum\/wp-content\/uploads\/sites\/54\/2024\/05\/Croatian.pdf\" target=\"_blank\" rel=\"noopener\">Croate<\/a><\/span><\/p>\n<p><span class=\"link_red\"><a href=\"https:\/\/imd.icom.museum\/wp-content\/uploads\/sites\/54\/2024\/03\/Czech-1.pdf\" target=\"_blank\" rel=\"noopener\">Tch\u00e8que<\/a><\/span><\/p>\n<p><span class=\"link_red\"><a href=\"https:\/\/imd.icom.museum\/wp-content\/uploads\/sites\/54\/2024\/03\/Danish.pdf\" target=\"_blank\" rel=\"noopener\">Danois<\/a><\/span><\/p>\n<p><span class=\"link_red\"><a href=\"https:\/\/imd.icom.museum\/wp-content\/uploads\/sites\/54\/2024\/03\/Dutch.pdf\" target=\"_blank\" rel=\"noopener\">N\u00e9erlandais<\/a><\/span><\/p>\n<p><span class=\"link_red\"><a href=\"https:\/\/imd.icom.museum\/wp-content\/uploads\/sites\/54\/2024\/03\/Faroese.pdf\" target=\"_blank\" rel=\"noopener\">F\u00e9ro\u00efen<\/a><\/span><\/p>\n<p><span class=\"link_red\"><a href=\"https:\/\/imd.icom.museum\/wp-content\/uploads\/sites\/54\/2024\/03\/Farsi.pdf\" target=\"_blank\" rel=\"noopener\">Farsi<\/a><\/span><\/p>\n<p><span class=\"link_red\"><a href=\"https:\/\/imd.icom.museum\/wp-content\/uploads\/sites\/54\/2024\/03\/Filipino.pdf\" target=\"_blank\" rel=\"noopener\">Philippin<\/a><\/span><\/p>\n<p><span class=\"link_red\"><a href=\"https:\/\/imd.icom.museum\/wp-content\/uploads\/sites\/54\/2024\/03\/Galician-1.pdf\" target=\"_blank\" rel=\"noopener\">Galicien<\/a><\/span><\/p>\n<p><span class=\"link_red\"><a href=\"https:\/\/imd.icom.museum\/wp-content\/uploads\/sites\/54\/2024\/03\/Georgian.pdf\" target=\"_blank\" rel=\"noopener\">G\u00e9orgien<\/a><\/span><\/p>\n<p><span class=\"link_red\"><a href=\"https:\/\/imd.icom.museum\/wp-content\/uploads\/sites\/54\/2024\/03\/German.pdf\" target=\"_blank\" rel=\"noopener\">Allemand<\/a><\/span><\/p>\n<p><span class=\"link_red\"><a href=\"https:\/\/imd.icom.museum\/wp-content\/uploads\/sites\/54\/2024\/03\/Greek.pdf\" target=\"_blank\" rel=\"noopener\">Grec<\/a><\/span><\/p>\n<p><span class=\"link_red\"><a href=\"https:\/\/imd.icom.museum\/wp-content\/uploads\/sites\/54\/2024\/03\/Greenlandic-1.pdf\" target=\"_blank\" rel=\"noopener\">Groenlandais<\/a><\/span><\/p>\n<p><span class=\"link_red\"><a href=\"https:\/\/imd.icom.museum\/wp-content\/uploads\/sites\/54\/2024\/03\/Guarani-1.pdf\" target=\"_blank\" rel=\"noopener\">Guaran\u00ed<\/a><\/span><\/p>\n<p><span class=\"link_red\"><a href=\"https:\/\/imd.icom.museum\/wp-content\/uploads\/sites\/54\/2024\/03\/Hausa.pdf\" target=\"_blank\" rel=\"noopener\">Haoussa<\/a><\/span><\/p>\n<p><span class=\"link_red\"><a href=\"https:\/\/imd.icom.museum\/wp-content\/uploads\/sites\/54\/2024\/03\/Hindi.pdf\" target=\"_blank\" rel=\"noopener\">Hindi<\/a><\/span><\/p>\n<p><span class=\"link_red\"><a href=\"https:\/\/imd.icom.museum\/wp-content\/uploads\/sites\/54\/2024\/03\/Hungarian.pdf\" target=\"_blank\" rel=\"noopener\">Hongrois<\/a><\/span><\/p>\n<p><span class=\"link_red\"><a href=\"https:\/\/imd.icom.museum\/wp-content\/uploads\/sites\/54\/2024\/03\/Italian-1.pdf\" target=\"_blank\" rel=\"noopener\">Italien<\/a><\/span><\/p>\n<p><span class=\"link_red\"><a href=\"https:\/\/imd.icom.museum\/wp-content\/uploads\/sites\/54\/2024\/03\/Japanese-1.pdf\" target=\"_blank\" rel=\"noopener\">Japonais<\/a><\/span><\/p>\n<p><span class=\"link_red\"><a href=\"https:\/\/imd.icom.museum\/wp-content\/uploads\/sites\/54\/2024\/03\/Korean.pdf\" target=\"_blank\" rel=\"noopener\">Cor\u00e9en<\/a><\/span><\/p>\n<p><span class=\"link_red\"><a href=\"https:\/\/imd.icom.museum\/wp-content\/uploads\/sites\/54\/2024\/05\/Khmer.pdf\" target=\"_blank\" rel=\"noopener\">Khmer<\/a><\/span><\/p>\n<p><span class=\"link_red\"><a href=\"https:\/\/imd.icom.museum\/wp-content\/uploads\/sites\/54\/2024\/04\/Kurdish.pdf\" target=\"_blank\" rel=\"noopener\">Kurde<\/a><\/span><\/p>\n<p><span class=\"link_red\"><a href=\"https:\/\/imd.icom.museum\/wp-content\/uploads\/sites\/54\/2024\/03\/Lithuanian.pdf\" target=\"_blank\" rel=\"noopener\">Lituanien<\/a><\/span><\/p>\n<p><span class=\"link_red\"><a href=\"https:\/\/imd.icom.museum\/wp-content\/uploads\/sites\/54\/2024\/03\/Luxembourgish.pdf\" target=\"_blank\" rel=\"noopener\">Luxembourgeois<\/a><\/span><\/p>\n<p><span class=\"link_red\"><a href=\"https:\/\/imd.icom.museum\/wp-content\/uploads\/sites\/54\/2024\/04\/Macedonian.pdf\" target=\"_blank\" rel=\"noopener\">Mac\u00e9donien<\/a><\/span><\/p>\n<p><span class=\"link_red\"><a href=\"https:\/\/imd.icom.museum\/wp-content\/uploads\/sites\/54\/2024\/05\/Bahasa-Malaysia.pdf\" target=\"_blank\" rel=\"noopener\">Malais<\/a><\/span><\/p>\n<p><span class=\"link_red\"><a href=\"https:\/\/imd.icom.museum\/wp-content\/uploads\/sites\/54\/2024\/03\/Manipuri.pdf\" target=\"_blank\" rel=\"noopener\">Manipuri<\/a><\/span><\/p>\n<p><span class=\"link_red\"><a href=\"https:\/\/imd.icom.museum\/wp-content\/uploads\/sites\/54\/2024\/03\/Maya-yucateco.pdf\" target=\"_blank\" rel=\"noopener\">Maya yucat\u00e8que<\/a><\/span><\/p>\n<p><span class=\"link_red\"><a href=\"https:\/\/imd.icom.museum\/wp-content\/uploads\/sites\/54\/2024\/04\/Mongolian.pdf\" target=\"_blank\" rel=\"noopener\">Mongolien<\/a><\/span><\/p>\n<p><span class=\"link_red\"><a href=\"https:\/\/imd.icom.museum\/wp-content\/uploads\/sites\/54\/2024\/03\/Norwegian.pdf\" target=\"_blank\" rel=\"noopener\">Norv\u00e9gien<\/a><\/span><\/p>\n<p><span class=\"link_red\"><a href=\"https:\/\/imd.icom.museum\/wp-content\/uploads\/sites\/54\/2024\/03\/Papiamentu.pdf\" target=\"_blank\" rel=\"noopener\">Papiamentu<\/a><\/span><\/p>\n<p><span class=\"link_red\"><a href=\"https:\/\/imd.icom.museum\/wp-content\/uploads\/sites\/54\/2024\/03\/Portuguese-Brazil-1.pdf\" target=\"_blank\" rel=\"noopener\">Portugais (Br\u00e9sil)<\/a><\/span><\/p>\n<p><span class=\"link_red\"><a href=\"https:\/\/imd.icom.museum\/wp-content\/uploads\/sites\/54\/2024\/03\/Portuguese-Portugal.pdf\" target=\"_blank\" rel=\"noopener\">Portugais (Portugal)<\/a><\/span><\/p>\n<p><span class=\"link_red\"><a href=\"https:\/\/imd.icom.museum\/wp-content\/uploads\/sites\/54\/2024\/03\/Romanian.pdf\" target=\"_blank\" rel=\"noopener\">Roumain<\/a><\/span><\/p>\n<p><span class=\"link_red\"><a href=\"https:\/\/imd.icom.museum\/wp-content\/uploads\/sites\/54\/2024\/03\/Russian.pdf\" target=\"_blank\" rel=\"noopener\">Russe<\/a><\/span><\/p>\n<p><span class=\"link_red\"><a href=\"https:\/\/imd.icom.museum\/wp-content\/uploads\/sites\/54\/2024\/03\/Serbian.pdf\" target=\"_blank\" rel=\"noopener\">Serbe<\/a><\/span><\/p>\n<p><span class=\"link_red\"><a href=\"https:\/\/imd.icom.museum\/wp-content\/uploads\/sites\/54\/2024\/05\/Siswati.pdf\" target=\"_blank\" rel=\"noopener\">Siswati<\/a><\/span><\/p>\n<p><span class=\"link_red\"><a href=\"https:\/\/imd.icom.museum\/wp-content\/uploads\/sites\/54\/2024\/03\/Turkish-1.pdf\" target=\"_blank\" rel=\"noopener\">Turc<\/a><\/span><\/p>\n<p><span class=\"link_red\"><a href=\"https:\/\/imd.icom.museum\/wp-content\/uploads\/sites\/54\/2024\/03\/Ukrainian.pdf\">Ukrainien<\/a><\/span><\/p>\n<p><span class=\"link_red\"><a href=\"https:\/\/imd.icom.museum\/wp-content\/uploads\/sites\/54\/2024\/03\/Vietnamese.pdf\" target=\"_blank\" rel=\"noopener\">Vietnamien<\/a><\/span><\/p>\n","protected":false},"excerpt":{"rendered":"<p>Pour chaque Journ\u00e9e internationale des mus\u00e9es, l&#8217;ICOM choisit un th\u00e8me qui est au c\u0153ur des pr\u00e9occupations de la soci\u00e9t\u00e9. L&#8217;ICOM cr\u00e9e une affiche IMD pour illustrer le th\u00e8me, et nous invitons tous les mus\u00e9es participants \u00e0 l&#8217;adapter en fonction de leurs besoins : promouvoir une exposition sp\u00e9ciale, ajouter des \u00e9l\u00e9ments locaux, jouer avec les couleurs, [&hellip;]<\/p>\n","protected":false},"author":1,"featured_media":0,"parent":471,"menu_order":2,"comment_status":"closed","ping_status":"closed","template":"","meta":{"footnotes":""},"yst_prominent_words":[265,267,85,1122,294,205,339,86,631,231,233,632],"acf":[],"_links":{"self":[{"href":"https:\/\/imd.icom.museum\/fr\/wp-json\/wp\/v2\/pages\/488"}],"collection":[{"href":"https:\/\/imd.icom.museum\/fr\/wp-json\/wp\/v2\/pages"}],"about":[{"href":"https:\/\/imd.icom.museum\/fr\/wp-json\/wp\/v2\/types\/page"}],"author":[{"embeddable":true,"href":"https:\/\/imd.icom.museum\/fr\/wp-json\/wp\/v2\/users\/1"}],"replies":[{"embeddable":true,"href":"https:\/\/imd.icom.museum\/fr\/wp-json\/wp\/v2\/comments?post=488"}],"version-history":[{"count":107,"href":"https:\/\/imd.icom.museum\/fr\/wp-json\/wp\/v2\/pages\/488\/revisions"}],"predecessor-version":[{"id":3297,"href":"https:\/\/imd.icom.museum\/fr\/wp-json\/wp\/v2\/pages\/488\/revisions\/3297"}],"up":[{"embeddable":true,"href":"https:\/\/imd.icom.museum\/fr\/wp-json\/wp\/v2\/pages\/471"}],"wp:attachment":[{"href":"https:\/\/imd.icom.museum\/fr\/wp-json\/wp\/v2\/media?parent=488"}],"wp:term":[{"taxonomy":"yst_prominent_words","embeddable":true,"href":"https:\/\/imd.icom.museum\/fr\/wp-json\/wp\/v2\/yst_prominent_words?post=488"}],"curies":[{"name":"wp","href":"https:\/\/api.w.org\/{rel}","templated":true}]}}