{"id":479,"date":"2019-01-29T11:51:22","date_gmt":"2019-01-29T11:51:22","guid":{"rendered":"http:\/\/imd.mini.icom.museum\/?page_id=479"},"modified":"2022-01-25T11:25:23","modified_gmt":"2022-01-25T11:25:23","slug":"lavenir-des-musees","status":"publish","type":"page","link":"https:\/\/imd.icom.museum\/fr\/editions-precedentes\/lavenir-des-musees\/","title":{"rendered":"2021 &#8211; L&#8217;Avenir des mus\u00e9es : se r\u00e9tablir et se r\u00e9inventer"},"content":{"rendered":"<p class=\"p1\">Avec le th\u00e8me &#8220;<b>L&#8217;avenir des mus\u00e9es : se r\u00e9tablir et se r\u00e9inventer<\/b>&#8220;, la Journ\u00e9e internationale des mus\u00e9es 2021 invite les mus\u00e9es, leurs professionnels et leurs communaut\u00e9s \u00e0 d\u00e9velopper, imaginer et partager de nouvelles pratiques de (co)cr\u00e9ation de valeur, de nouveaux mod\u00e8les commerciaux pour les institutions culturelles et des solutions innovantes pour les d\u00e9fis sociaux, \u00e9conomiques et environnementaux du pr\u00e9sent.<\/p>\n<p><img decoding=\"async\" loading=\"lazy\" class=\"alignnone wp-image-1997 size-large\" src=\"https:\/\/imd.icom.museum\/wp-content\/uploads\/sites\/54\/2021\/01\/IMD_2021_POSTER_FR-683x1024.jpg\" alt=\"\" width=\"683\" height=\"1024\" srcset=\"https:\/\/imd.icom.museum\/wp-content\/uploads\/sites\/54\/2021\/01\/IMD_2021_POSTER_FR-683x1024.jpg 683w, https:\/\/imd.icom.museum\/wp-content\/uploads\/sites\/54\/2021\/01\/IMD_2021_POSTER_FR-200x300.jpg 200w, https:\/\/imd.icom.museum\/wp-content\/uploads\/sites\/54\/2021\/01\/IMD_2021_POSTER_FR-768x1152.jpg 768w, https:\/\/imd.icom.museum\/wp-content\/uploads\/sites\/54\/2021\/01\/IMD_2021_POSTER_FR.jpg 1667w\" sizes=\"(max-width: 683px) 100vw, 683px\" \/><\/p>\n<p class=\"p1\">En 2020, la crise de Covid-19 a frapp\u00e9 le monde entier de mani\u00e8re abrupte, affectant tous les aspects de notre vie, des interactions avec nos proches \u00e0 la fa\u00e7on dont nous percevons nos maisons et nos villes, en passant par notre travail et son organisation. Certains probl\u00e8mes d\u00e9j\u00e0 pressants ont \u00e9t\u00e9 exacerb\u00e9s, remettant en question la structure de nos soci\u00e9t\u00e9s : l&#8217;appel \u00e0 l&#8217;\u00e9galit\u00e9 est plus fort que jamais.<\/p>\n<p class=\"p1\">Les mus\u00e9es n&#8217;\u00e9chappent pas \u00e0 ces changements, et le secteur culturel est parmi les plus touch\u00e9s, avec de graves r\u00e9percussions \u00e9conomiques, sociales et psychologiques \u00e0 court et \u00e0 long terme. Mais cette crise a \u00e9galement servi de catalyseur \u00e0 des innovations cruciales d\u00e9j\u00e0 en cours, notamment une attention accrue port\u00e9e \u00e0 la num\u00e9risation et \u00e0 la cr\u00e9ation de nouvelles formes d&#8217;exp\u00e9rience et de diffusion culturelles.<\/p>\n<p class=\"p1\">C&#8217;est un moment crucial pour nos soci\u00e9t\u00e9s, et nous appelons les mus\u00e9es \u00e0 mener le changement. Le moment est venu de repenser notre relation avec les communaut\u00e9s que nous servons, d&#8217;exp\u00e9rimenter de nouveaux mod\u00e8les d&#8217;exp\u00e9rience culturelle et de r\u00e9affirmer avec force la valeur essentielle des mus\u00e9es pour la construction d&#8217;un avenir juste et durable.<\/p>\n","protected":false},"excerpt":{"rendered":"<p>Avec le th\u00e8me &#8220;L&#8217;avenir des mus\u00e9es : se r\u00e9tablir et se r\u00e9inventer&#8220;, la Journ\u00e9e internationale des mus\u00e9es 2021 invite les mus\u00e9es, leurs professionnels et leurs communaut\u00e9s \u00e0 d\u00e9velopper, imaginer et partager de nouvelles pratiques de (co)cr\u00e9ation de valeur, de nouveaux mod\u00e8les commerciaux pour les institutions culturelles et des solutions innovantes pour les d\u00e9fis sociaux, \u00e9conomiques [&hellip;]<\/p>\n","protected":false},"author":1,"featured_media":0,"parent":604,"menu_order":3,"comment_status":"closed","ping_status":"closed","template":"","meta":{"footnotes":""},"yst_prominent_words":[382,343,1117,1115,1116,85,77,215,568,87,205,86,84,340,1118,231,1119],"acf":[],"_links":{"self":[{"href":"https:\/\/imd.icom.museum\/fr\/wp-json\/wp\/v2\/pages\/479"}],"collection":[{"href":"https:\/\/imd.icom.museum\/fr\/wp-json\/wp\/v2\/pages"}],"about":[{"href":"https:\/\/imd.icom.museum\/fr\/wp-json\/wp\/v2\/types\/page"}],"author":[{"embeddable":true,"href":"https:\/\/imd.icom.museum\/fr\/wp-json\/wp\/v2\/users\/1"}],"replies":[{"embeddable":true,"href":"https:\/\/imd.icom.museum\/fr\/wp-json\/wp\/v2\/comments?post=479"}],"version-history":[{"count":13,"href":"https:\/\/imd.icom.museum\/fr\/wp-json\/wp\/v2\/pages\/479\/revisions"}],"predecessor-version":[{"id":2298,"href":"https:\/\/imd.icom.museum\/fr\/wp-json\/wp\/v2\/pages\/479\/revisions\/2298"}],"up":[{"embeddable":true,"href":"https:\/\/imd.icom.museum\/fr\/wp-json\/wp\/v2\/pages\/604"}],"wp:attachment":[{"href":"https:\/\/imd.icom.museum\/fr\/wp-json\/wp\/v2\/media?parent=479"}],"wp:term":[{"taxonomy":"yst_prominent_words","embeddable":true,"href":"https:\/\/imd.icom.museum\/fr\/wp-json\/wp\/v2\/yst_prominent_words?post=479"}],"curies":[{"name":"wp","href":"https:\/\/api.w.org\/{rel}","templated":true}]}}