{"id":2918,"date":"2024-02-07T15:16:50","date_gmt":"2024-02-07T15:16:50","guid":{"rendered":"https:\/\/imd.mini.icom.museum\/?page_id=2918"},"modified":"2024-02-07T15:16:50","modified_gmt":"2024-02-07T15:16:50","slug":"2024-musees-durabilite-et-bien-etre","status":"publish","type":"page","link":"https:\/\/imd.icom.museum\/fr\/editions-precedentes\/2024-musees-durabilite-et-bien-etre\/","title":{"rendered":"2024 &#8211; Mus\u00e9es, durabilit\u00e9 et bien-\u00eatre"},"content":{"rendered":"<h2 class=\"headline\">Le th\u00e8me de la prochaine \u00e9dition de la Journ\u00e9e internationale des mus\u00e9es (18 mai) est <em>&#8220;Mus\u00e9es, durabilit\u00e9 et bien-\u00eatre&#8221;<\/em>.<\/h2>\n<p><strong>Les mus\u00e9es contribuent de mani\u00e8re essentielle au bien-\u00eatre et au d\u00e9veloppement durable de nos communaut\u00e9s<\/strong>. En tant qu&#8217;institutions de confiance et \u00e9l\u00e9ments importants de notre tissu social commun, ils sont particuli\u00e8rement bien plac\u00e9s pour cr\u00e9er un effet en cascade et favoriser un changement positif. Les mus\u00e9es peuvent contribuer de multiples fa\u00e7ons \u00e0 la r\u00e9alisation des objectifs de d\u00e9veloppement durable, qu&#8217;il s&#8217;agisse de soutenir l&#8217;action en faveur du climat, de favoriser l&#8217;int\u00e9gration, de lutter contre l&#8217;isolement social ou d&#8217;am\u00e9liorer la sant\u00e9 mentale.<\/p>\n<p>Comme le souligne la r\u00e9solution de l&#8217;ICOM &#8220;<a href=\"https:\/\/icom.museum\/wp-content\/uploads\/2021\/02\/Resolution-sustainability-FR.pdf\">Sur la durabilit\u00e9 et la mise en \u0153uvre de l&#8217;Agenda 2030, Transformer notre monde<\/a>&#8221; (Kyoto, 2019), <strong>tous les mus\u00e9es ont un r\u00f4le \u00e0 jouer dans l&#8217;\u00e9laboration et la cr\u00e9ation de futurs durables<\/strong>, et ils peuvent le faire par le biais de programmes \u00e9ducatifs, d&#8217;expositions, d&#8217;actions de proximit\u00e9 et de recherches.<\/p>\n<p><img decoding=\"async\" loading=\"lazy\" class=\"alignnone size-large wp-image-2540\" src=\"https:\/\/imd.icom.museum\/wp-content\/uploads\/sites\/54\/2022\/12\/Poster-in-French-683x1024.jpg\" alt=\"\" width=\"683\" height=\"1024\" srcset=\"https:\/\/imd.icom.museum\/wp-content\/uploads\/sites\/54\/2022\/12\/Poster-in-French-683x1024.jpg 683w, https:\/\/imd.icom.museum\/wp-content\/uploads\/sites\/54\/2022\/12\/Poster-in-French-200x300.jpg 200w, https:\/\/imd.icom.museum\/wp-content\/uploads\/sites\/54\/2022\/12\/Poster-in-French-768x1152.jpg 768w, https:\/\/imd.icom.museum\/wp-content\/uploads\/sites\/54\/2022\/12\/Poster-in-French-1024x1536.jpg 1024w, https:\/\/imd.icom.museum\/wp-content\/uploads\/sites\/54\/2022\/12\/Poster-in-French.jpg 1134w\" sizes=\"(max-width: 683px) 100vw, 683px\" \/><\/p>\n<p>Chaque ann\u00e9e depuis 2020, la Journ\u00e9e internationale des mus\u00e9es soutient un ensemble d&#8217;objectifs issus des Objectifs de d\u00e9veloppement durable des Nations unies. En 2023, nous nous concentrerons sur :<\/p>\n<ul>\n<li><strong>Objectif 3 Sant\u00e9 et bien-\u00eatre dans le monde<\/strong> : Assurer une vie saine et promouvoir le bien-\u00eatre de tous \u00e0 tout \u00e2ge, en particulier concernant la sant\u00e9 mentale et l&#8217;isolement social.<\/li>\n<li><strong>Objectif 13 Action pour le climat<\/strong> : Prendre des mesures urgentes pour lutter contre le changement climatique et ses impacts, en adoptant des pratiques \u00e0 faible \u00e9mission de carbone dans le Nord et des strat\u00e9gies d&#8217;att\u00e9nuation dans le Sud.<\/li>\n<li><strong>Objectif 15 Vie sur terre<\/strong> : Prot\u00e9ger, restaurer et promouvoir l&#8217;utilisation durable des \u00e9cosyst\u00e8mes terrestres, en amplifiant la voix des dirigeants autochtones et en sensibilisant \u00e0 la perte de biodiversit\u00e9.<\/li>\n<\/ul>\n<p>Le 18 mai, nous encourageons tous les membres de la soci\u00e9t\u00e9 civile \u00e0 se rassembler et \u00e0 r\u00e9aliser tout le potentiel de transformation que les mus\u00e9es ont pour le d\u00e9veloppement durable et le bien-\u00eatre !<\/p>\n","protected":false},"excerpt":{"rendered":"<p>Le th\u00e8me de la prochaine \u00e9dition de la Journ\u00e9e internationale des mus\u00e9es (18 mai) est &#8220;Mus\u00e9es, durabilit\u00e9 et bien-\u00eatre&#8221;. Les mus\u00e9es contribuent de mani\u00e8re essentielle au bien-\u00eatre et au d\u00e9veloppement durable de nos communaut\u00e9s. En tant qu&#8217;institutions de confiance et \u00e9l\u00e9ments importants de notre tissu social commun, ils sont particuli\u00e8rement bien plac\u00e9s pour cr\u00e9er un [&hellip;]<\/p>\n","protected":false},"author":1,"featured_media":0,"parent":604,"menu_order":1,"comment_status":"closed","ping_status":"closed","template":"","meta":{"footnotes":""},"yst_prominent_words":[1125,79,1126,215,74,76,73,80,75,72,71,86,290,1124,1123],"acf":[],"_links":{"self":[{"href":"https:\/\/imd.icom.museum\/fr\/wp-json\/wp\/v2\/pages\/2918"}],"collection":[{"href":"https:\/\/imd.icom.museum\/fr\/wp-json\/wp\/v2\/pages"}],"about":[{"href":"https:\/\/imd.icom.museum\/fr\/wp-json\/wp\/v2\/types\/page"}],"author":[{"embeddable":true,"href":"https:\/\/imd.icom.museum\/fr\/wp-json\/wp\/v2\/users\/1"}],"replies":[{"embeddable":true,"href":"https:\/\/imd.icom.museum\/fr\/wp-json\/wp\/v2\/comments?post=2918"}],"version-history":[{"count":1,"href":"https:\/\/imd.icom.museum\/fr\/wp-json\/wp\/v2\/pages\/2918\/revisions"}],"predecessor-version":[{"id":2919,"href":"https:\/\/imd.icom.museum\/fr\/wp-json\/wp\/v2\/pages\/2918\/revisions\/2919"}],"up":[{"embeddable":true,"href":"https:\/\/imd.icom.museum\/fr\/wp-json\/wp\/v2\/pages\/604"}],"wp:attachment":[{"href":"https:\/\/imd.icom.museum\/fr\/wp-json\/wp\/v2\/media?parent=2918"}],"wp:term":[{"taxonomy":"yst_prominent_words","embeddable":true,"href":"https:\/\/imd.icom.museum\/fr\/wp-json\/wp\/v2\/yst_prominent_words?post=2918"}],"curies":[{"name":"wp","href":"https:\/\/api.w.org\/{rel}","templated":true}]}}