{"id":2516,"date":"2022-11-23T11:02:53","date_gmt":"2022-11-23T11:02:53","guid":{"rendered":"https:\/\/imd.mini.icom.museum\/?page_id=2516"},"modified":"2022-11-23T11:05:23","modified_gmt":"2022-11-23T11:05:23","slug":"le-theme-le-pouvoir-des-musees","status":"publish","type":"page","link":"https:\/\/imd.icom.museum\/fr\/editions-precedentes\/le-theme-le-pouvoir-des-musees\/","title":{"rendered":"2022 &#8211; Le pouvoir des mus\u00e9es"},"content":{"rendered":"<p>Les mus\u00e9es ont le pouvoir de transformer le monde qui nous entoure. Lieux de d\u00e9couverte incomparables, ils nous renseignent sur notre pass\u00e9 et ouvrent notre esprit \u00e0 de nouvelles id\u00e9es &#8211; deux \u00e9tapes essentielles pour construire un avenir meilleur.<\/p>\n<p><img decoding=\"async\" loading=\"lazy\" class=\"alignnone size-large wp-image-2306\" src=\"https:\/\/imd.icom.museum\/wp-content\/uploads\/sites\/54\/2022\/01\/IMD_2022_POSTER_FINAL_EN-683x1024.jpg\" alt=\"\" width=\"683\" height=\"1024\" srcset=\"https:\/\/imd.icom.museum\/wp-content\/uploads\/sites\/54\/2022\/01\/IMD_2022_POSTER_FINAL_EN-683x1024.jpg 683w, https:\/\/imd.icom.museum\/wp-content\/uploads\/sites\/54\/2022\/01\/IMD_2022_POSTER_FINAL_EN-200x300.jpg 200w, https:\/\/imd.icom.museum\/wp-content\/uploads\/sites\/54\/2022\/01\/IMD_2022_POSTER_FINAL_EN-768x1152.jpg 768w, https:\/\/imd.icom.museum\/wp-content\/uploads\/sites\/54\/2022\/01\/IMD_2022_POSTER_FINAL_EN-1024x1536.jpg 1024w, https:\/\/imd.icom.museum\/wp-content\/uploads\/sites\/54\/2022\/01\/IMD_2022_POSTER_FINAL_EN-1366x2048.jpg 1366w, https:\/\/imd.icom.museum\/wp-content\/uploads\/sites\/54\/2022\/01\/IMD_2022_POSTER_FINAL_EN-scaled.jpg 1707w\" sizes=\"(max-width: 683px) 100vw, 683px\" \/><\/p>\n<p>\u00c0 l&#8217;occasion de la Journ\u00e9e internationale des mus\u00e9es 2022, qui aura lieu le 18 mai, nous voulons explorer le potentiel des mus\u00e9es \u00e0 apporter des changements positifs dans leurs communaut\u00e9s \u00e0 travers trois optiques :<\/p>\n<ul>\n<li><strong>Le pouvoir d&#8217;atteindre la durabilit\u00e9 :<\/strong> Les mus\u00e9es sont des partenaires strat\u00e9giques dans la mise en \u0153uvre des objectifs de d\u00e9veloppement durable des Nations unies. En tant qu&#8217;acteurs cl\u00e9s dans leurs communaut\u00e9s locales, ils contribuent \u00e0 une grande vari\u00e9t\u00e9 d&#8217;objectifs, qui comprennent la promotion des circuits courts et de l&#8217;\u00e9conomie sociale et la diffusion d&#8217;informations scientifiques sur les d\u00e9fis environnementaux.<\/li>\n<li><strong>Le pouvoir d&#8217;innover en mati\u00e8re de num\u00e9risation et d&#8217;accessibilit\u00e9 :<\/strong> Les mus\u00e9es sont devenus des terrains de jeu innovants o\u00f9 les nouvelles technologies peuvent \u00eatre d\u00e9velopp\u00e9es et appliqu\u00e9es \u00e0 la vie quotidienne. L&#8217;innovation num\u00e9rique peut rendre les mus\u00e9es plus accessibles et plus attrayants, en aidant les publics \u00e0 comprendre des concepts complexes et nuanc\u00e9s.<\/li>\n<li><strong>Le pouvoir du renforcement de la communaut\u00e9 par l&#8217;\u00e9ducation :<\/strong> Gr\u00e2ce \u00e0 leurs collections et \u00e0 leurs programmes, les mus\u00e9es tissent un tissu social essentiel au renforcement des communaut\u00e9s. En d\u00e9fendant les valeurs d\u00e9mocratiques et en offrant \u00e0 tous des possibilit\u00e9s d&#8217;apprentissage tout au long de la vie, ils contribuent \u00e0 fa\u00e7onner une soci\u00e9t\u00e9 civile inform\u00e9e et engag\u00e9e.<\/li>\n<\/ul>\n<p>En cette \u00e9dition de la Journ\u00e9e internationale des mus\u00e9es, nous vous avons invit\u00e9 \u00e0 rejoindre des milliers de mus\u00e9es dans le monde pour lib\u00e9rer le pouvoir des mus\u00e9es !<\/p>\n","protected":false},"excerpt":{"rendered":"<p>Les mus\u00e9es ont le pouvoir de transformer le monde qui nous entoure. Lieux de d\u00e9couverte incomparables, ils nous renseignent sur notre pass\u00e9 et ouvrent notre esprit \u00e0 de nouvelles id\u00e9es &#8211; deux \u00e9tapes essentielles pour construire un avenir meilleur. \u00c0 l&#8217;occasion de la Journ\u00e9e internationale des mus\u00e9es 2022, qui aura lieu le 18 mai, nous [&hellip;]<\/p>\n","protected":false},"author":1,"featured_media":0,"parent":604,"menu_order":2,"comment_status":"closed","ping_status":"closed","template":"","meta":{"footnotes":""},"yst_prominent_words":[79,263,260,259,77,78,74,81,76,73,80,75,72,71,478,86],"acf":[],"_links":{"self":[{"href":"https:\/\/imd.icom.museum\/fr\/wp-json\/wp\/v2\/pages\/2516"}],"collection":[{"href":"https:\/\/imd.icom.museum\/fr\/wp-json\/wp\/v2\/pages"}],"about":[{"href":"https:\/\/imd.icom.museum\/fr\/wp-json\/wp\/v2\/types\/page"}],"author":[{"embeddable":true,"href":"https:\/\/imd.icom.museum\/fr\/wp-json\/wp\/v2\/users\/1"}],"replies":[{"embeddable":true,"href":"https:\/\/imd.icom.museum\/fr\/wp-json\/wp\/v2\/comments?post=2516"}],"version-history":[{"count":3,"href":"https:\/\/imd.icom.museum\/fr\/wp-json\/wp\/v2\/pages\/2516\/revisions"}],"predecessor-version":[{"id":2525,"href":"https:\/\/imd.icom.museum\/fr\/wp-json\/wp\/v2\/pages\/2516\/revisions\/2525"}],"up":[{"embeddable":true,"href":"https:\/\/imd.icom.museum\/fr\/wp-json\/wp\/v2\/pages\/604"}],"wp:attachment":[{"href":"https:\/\/imd.icom.museum\/fr\/wp-json\/wp\/v2\/media?parent=2516"}],"wp:term":[{"taxonomy":"yst_prominent_words","embeddable":true,"href":"https:\/\/imd.icom.museum\/fr\/wp-json\/wp\/v2\/yst_prominent_words?post=2516"}],"curies":[{"name":"wp","href":"https:\/\/api.w.org\/{rel}","templated":true}]}}