{"id":2493,"date":"2022-05-18T15:38:12","date_gmt":"2022-05-18T15:38:12","guid":{"rendered":"https:\/\/imd.mini.icom.museum\/?page_id=2493"},"modified":"2022-05-18T15:38:12","modified_gmt":"2022-05-18T15:38:12","slug":"retour-aux-origines-de-la-journee-internationale-des-musees","status":"publish","type":"page","link":"https:\/\/imd.icom.museum\/fr\/editions-precedentes\/retour-aux-origines-de-la-journee-internationale-des-musees\/","title":{"rendered":"Retour aux origines de la journ\u00e9e internationale des mus\u00e9es"},"content":{"rendered":"<div class=\"container second\">\n<article id=\"post-48080\" class=\"post-type-news\">\n<section class=\"article\">\n<div class=\"article-content\">\n<div class=\"article-body\">\n<div class=\"article-body-text\">\n<h2 class=\"headline\">La Journ\u00e9e internationale des mus\u00e9es aura lieu le 18 mai prochain mais, avant cela, retournons en 1978. Nous vous invitons \u00e0 d\u00e9couvrir l\u2019histoire derri\u00e8re la cr\u00e9ation de ce jalon pour rallier la communaut\u00e9 internationale des mus\u00e9es en plongeant dans nos archives r\u00e9cemment num\u00e9ris\u00e9es.<\/h2>\n<div class=\"separator\">\n<p>1976 : LA NAISSANCE D\u2019UNE ID\u00c9E<\/p>\n<p>D\u00c8S 1949, ANDR\u00c9 LEVEILL\u00c9, PR\u00c9SIDENT DE 1948 \u00c0 1956 DU COMIT\u00c9 N\u00b0 1 DE L\u2019ICOM POUR LES MUS\u00c9ES SCIENTIFIQUES ET TECHNIQUES, LES PLAN\u00c9TARIUMS, LES MUS\u00c9ES DE LA SANT\u00c9 ET LES MUS\u00c9ES D\u2019HISTOIRE DES SCIENCES ET DES TECHNIQUES (LE FUTUR CIMUSET), APPELLE \u00c0 UNE \u201d CROISADE DES MUS\u00c9ES \u201d \u00c0 LA FIN DE SON INTRODUCTION AU NUM\u00c9RO DE MUSEUM, VOL II, N\u00b0 4, 1949, INTITUL\u00c9 \u201d LES MUS\u00c9ES AU SERVICE DE TOUS \/ MUSEUMS IN THE SERVICE OF ALL.<\/p>\n<blockquote><p>\u201d LES DIRECTEURS DE MUS\u00c9ES PEUVENT ENVISAGER L\u2019AVENIR AVEC CONFIANCE, MAIS ILS DOIVENT AUSSI PRENDRE CONSCIENCE DE LEURS DEVOIRS ET DE LEURS RESPONSABILIT\u00c9S. ILS DOIVENT TRAVAILLER AVEC FOI ET ENTHOUSIASME, EN PARTICIPANT \u00c0 LA CROISADE POUR LES MUS\u00c9ES QUE NOUS DEMANDONS \u00c0 L\u2019UNESCO DE LANCER AVEC TOUTE LA PUISSANCE ET LES MOYENS DONT ELLE DISPOSE.\u201d<\/p><\/blockquote>\n<p><img decoding=\"async\" loading=\"lazy\" class=\"aligncenter size-full wp-image-48306\" src=\"https:\/\/icom.museum\/wp-content\/uploads\/2022\/05\/second-international-campaign-of-museums.jpeg\" sizes=\"(max-width: 338px) 100vw, 338px\" srcset=\"https:\/\/icom.museum\/wp-content\/uploads\/2022\/05\/second-international-campaign-of-museums.jpeg 338w, https:\/\/icom.museum\/wp-content\/uploads\/2022\/05\/second-international-campaign-of-museums-211x300.jpeg 211w\" alt=\"\" width=\"338\" height=\"480\" \/><\/p>\n<p>A PARTIR DE 1956, L\u2019ICOM LANCE DEUX \u201cCAMPAGNES INTERNATIONALES DES MUS\u00c9ES\u201d AVEC L\u2019UNESCO (7-14 OCTOBRE 1956, ET 1967-1968), AX\u00c9ES SUR LE R\u00d4LE \u00c9DUCATIF DES MUS\u00c9ES, MAIS IL FAUT ATTENDRE LA 138E R\u00c9UNION DU CONSEIL EX\u00c9CUTIF, LES 24 ET 25 JUIN 1976, POUR QUE NAISSE L\u2019ID\u00c9E DE CR\u00c9ER UNE JOURN\u00c9E MONDIALE ANNUELLE CONSACR\u00c9E \u00c0 LA CAUSE DES MUS\u00c9ES. LE PROC\u00c8S-VERBAL DE CETTE R\u00c9UNION INDIQUE :<\/p>\n<blockquote><p><em>\u201cAPR\u00c8S AVOIR EXAMIN\u00c9 QUELQUES PROPOSITIONS CONCR\u00c8TES \u00c9MISES PAR DIFF\u00c9RENTS COMIT\u00c9S NATIONAUX, LE CONSEIL EX\u00c9CUTIF D\u00c9CIDE :<\/em><em>[\u2026]\u00a0<\/em><em>\u2013 DE DEMANDER AU COMIT\u00c9 NATIONAL SOVI\u00c9TIQUE DE FORMULER UNE PROPOSITION POUR L\u2019\u00c9TABLISSEMENT D\u2019UNE JOURN\u00c9E INTERNATIONALE DES MUS\u00c9ES\u201d<\/em><\/p><\/blockquote>\n<\/div>\n<div class=\"separator\">\n<p><strong>1977 : 12\u00c8 CONF\u00c9RENCE G\u00c9N\u00c9RALE DE L\u2019ICOM, MOSCOU<\/strong><\/p>\n<\/div>\n<p>La conf\u00e9rence g\u00e9n\u00e9rale de Moscou en 1977 a r\u00e9unit des professionnels du monde entier autour du th\u00e8me \u00ab Mus\u00e9es et \u00e9change culturel \u00bb \/ \u00ab Museums and cultural exchanges \u00bb. Les actes de cette conf\u00e9rence sont\u00a0<a href=\"http:\/\/icom.jlbinfo.info\/bibliotheque\/jlbWeb?html=Bur&amp;base=documentation&amp;ref=31353&amp;file=628.pdf&amp;path=GC-1977_Proceedings_EN-FR.pdf\" target=\"_blank\" rel=\"noopener\">accessibles en ligne<\/a>.<\/p>\n<p><img decoding=\"async\" loading=\"lazy\" class=\"aligncenter size-large wp-image-48302\" src=\"https:\/\/icom.museum\/wp-content\/uploads\/2022\/05\/Photo_77-1024x664.jpg\" sizes=\"(max-width: 1024px) 100vw, 1024px\" srcset=\"https:\/\/icom.museum\/wp-content\/uploads\/2022\/05\/Photo_77-1024x664.jpg 1024w, https:\/\/icom.museum\/wp-content\/uploads\/2022\/05\/Photo_77-300x195.jpg 300w, https:\/\/icom.museum\/wp-content\/uploads\/2022\/05\/Photo_77-768x498.jpg 768w, https:\/\/icom.museum\/wp-content\/uploads\/2022\/05\/Photo_77-1536x997.jpg 1536w, https:\/\/icom.museum\/wp-content\/uploads\/2022\/05\/Photo_77.jpg 1632w\" alt=\"\" width=\"1024\" height=\"664\" \/><\/p>\n<p><em>Hubert Landais et Georges Henri Rivi\u00e8re \u00e0 l\u2019ICOM Moscou 1977<\/em><\/p>\n<p>C\u2019est lors de cette conf\u00e9rence g\u00e9n\u00e9rale qu\u2019est instaur\u00e9e une Journ\u00e9e annuelle Internationale des Mus\u00e9es chaque 18 mai, \u00e0 partir de 1978 avec l\u2019adoption de la r\u00e9solution n\u00b05 :<em>\u00a0<\/em>Journ\u00e9e internationale des mus\u00e9es<\/p>\n<blockquote><p><em>Notant<\/em>\u00a0le r\u00f4le sans cesse grandissant des mus\u00e9es de nombreux pays, au sein des organisations scientifiques, culturelles et techniques, ce qui correspond aux processus profonds du d\u00e9veloppement des aspirations au progr\u00e8s et des actions de ceux dans le monde entier qui veulent renforcer les relations et la compr\u00e9hension mutuelle entre les peuples,<\/p>\n<p><em>Estime<\/em>\u00a0rationnel, afin d\u2019harmoniser les aspirations cr\u00e9atrices et les efforts des mus\u00e9es et d\u2019attirer l\u2019attention de l\u2019opinion mondiale sur leur activit\u00e9, de prendre la d\u00e9cision d\u2019organiser tous les ans une Journ\u00e9e internationale des mus\u00e9es. Cette manifestation se d\u00e9roulera avec pour devise : \u201cLes mus\u00e9es, moyen important d\u2019\u00e9changes culturels, d\u2019enrichissement des cultures, du d\u00e9veloppement de la compr\u00e9hension mutuelle, de la coop\u00e9ration et de la paix entre les peuples\u201d,<\/p>\n<p><em>Recommande<\/em>\u00a0d\u2019organiser d\u00e8s 1978 la Journ\u00e9e internationale des mus\u00e9es, et ce tous les ans le 18 mai. Divers \u00e9v\u00e8nements marqueront cette journ\u00e9e : inauguration de nouveaux mus\u00e9es et expositions, rencontres avec les visiteurs, afin de faire conna\u00eetre \u00e0 l\u2019opinion les buts, les fonctions et les activit\u00e9s de l\u2019ICOM et de ses Comit\u00e9s nationaux, publication d\u2019articles sur ce th\u00e8me dans les p\u00e9riodiques, \u00e9change d\u2019expositions, forums internationaux pour discuter des grands probl\u00e8mes de la th\u00e9orie et de la pratique mus\u00e9ales,<\/p>\n<p><em>Exprime<\/em>\u00a0l\u2019assurance que la Journ\u00e9e annuelle des mus\u00e9es d\u00e9veloppera le r\u00f4le des mus\u00e9es qui utilisent le langage universel de l\u2019objet original pour am\u00e9liorer la compr\u00e9hension internationale.<\/p><\/blockquote>\n<p><span class=\"link_blue\"><a href=\"http:\/\/icom.jlbinfo.info\/archives\/jlbWeb?html=Bur&amp;base=archives&amp;ref=2093&amp;file=437.pdf&amp;path=007_GA-1977_resolutions_draft_FR.pdf\" target=\"_blank\" rel=\"noopener\">Lire le projet de R\u00e9solution<\/a><\/span><\/p>\n<p>1978 : premi\u00e8re \u00e9dition de la Journ\u00e9e internationale des mus\u00e9es<\/p>\n<p>La premi\u00e8re \u00e9dition de la Journ\u00e9e internationale des mus\u00e9es a \u00e9t\u00e9 un succ\u00e8s, et des mus\u00e9es de tous les continents y ont particip\u00e9. En Australie, par exemple, des mus\u00e9es comme le South Australian Museum d\u2019Ad\u00e9la\u00efde ont ouvert pour la premi\u00e8re fois leurs r\u00e9serves et leurs ateliers aux visiteurs, leur donnant ainsi un aper\u00e7u in\u00e9dit des coulisses. D\u2019autres mus\u00e9es au Canada et en Espagne ont propos\u00e9 des spectacles visuels et sonores, et la plupart des mus\u00e9es en Iran ont ouvert leurs portes au public gratuitement. En Nouvelle-Z\u00e9lande, le Tauranga District Museum a organis\u00e9 une f\u00eate costum\u00e9e pour le personnel et les b\u00e9n\u00e9voles. De nombreuses conf\u00e9rences ont \u00e9galement \u00e9t\u00e9 sp\u00e9cialement organis\u00e9es autour du r\u00f4le des mus\u00e9es et de l\u2019ICOM dans la communaut\u00e9 mus\u00e9ale mondiale.<\/p>\n<p>Pour en savoir plus :\u00a0<u>ICOM News, Vol. 31, n\u00b0 1-4<\/u>, p. 12-15\u00a0: Article sur la 1<sup>\u00e8re<\/sup>\u00a0journ\u00e9e internationale des mus\u00e9es le 18 mai 1978<br \/>\nhttps:\/\/gallica.bnf.fr\/ark:\/12148\/bpt6k6585110w\/f14.item<\/p>\n<div class=\"separator\">\n<p>TROUVER PLUS D\u2019INFORMATIONS SUR LA BIBLIOTH\u00c8QUE EN LIGNE<\/p>\n<\/div>\n<p>L\u2019article est illustr\u00e9 par les reproductions de quelques affiches, dont les originaux num\u00e9ris\u00e9s sont t\u00e9l\u00e9chargeables en haute d\u00e9finition sur le portail\u00a0<em>Images<\/em>\u00a0de l\u2019ICOM\u00a0:<\/p>\n<p>Portugal\u00a0:\u00a0<a href=\"http:\/\/icom.jlbinfo.info\/images\/jlbWeb?html=Pag&amp;page=Sch\/Not&amp;rang=3&amp;max=4\" target=\"_blank\" rel=\"noopener\">http:\/\/icom.jlbinfo.info\/images\/jlbWeb?html=Pag&amp;page=Sch\/Not&amp;rang=3&amp;max=4<\/a><\/p>\n<p>Catalogne\u00a0:\u00a0<a href=\"http:\/\/icom.jlbinfo.info\/images\/jlbWeb?html=Pag&amp;page=Sch\/Not&amp;rang=3&amp;max=4\" target=\"_blank\" rel=\"noopener\">http:\/\/icom.jlbinfo.info\/images\/jlbWeb?html=Pag&amp;page=Sch\/Not&amp;rang=3&amp;max=4<\/a><\/p>\n<p>Roumanie\u00a0:\u00a0<a href=\"http:\/\/icom.jlbinfo.info\/images\/jlbWeb?html=Pag&amp;page=Sch\/Not&amp;rang=1&amp;max=4\" target=\"_blank\" rel=\"noopener\">http:\/\/icom.jlbinfo.info\/images\/jlbWeb?html=Pag&amp;page=Sch\/Not&amp;rang=1&amp;max=4<\/a><\/p>\n<p class=\"x_MsoListParagraph\"><i>Si vous \u00eates adh\u00e9rent de l\u2019ICOM,<\/i>\u00a0vous pouvez d\u00e9sormais trouver sur le portail Archives 21 documents (programmes, lettres, rapports, autocollant, oblit\u00e9ration comm\u00e9morative) provenant d\u2019Espagne, de Suisse, du Portugal, des Etats-Unis, du royaume Uni, d\u2019Iran, de Roumanie et de Russie autour de cette journ\u00e9e. Pour les trouver :\u00a0<i>Espace membre\u00a0: Outils pour les comit\u00e9s \/ catalogue en ligne \/ Archives \/\u00a0<\/i>mot-cl\u00e9 = journ\u00e9e internationale des mus\u00e9es + ann\u00e9e d\u2019\u00e9dition = 1978.<\/p>\n<p class=\"x_MsoListParagraph\">D\u00e9couvrez \u00e9galement les affiches originales num\u00e9ris\u00e9s de cette \u00e9dition 1978\u00a0 au Portugal, Catalogne et Roumanie t\u00e9l\u00e9chargeables en haute d\u00e9finition sur le portail Images de l\u2019ICOM.<\/p>\n<p class=\"x_MsoListParagraph\"><i>Pour les trouver\u00a0:<\/i>\u00a0<i>Espace membre\u00a0: Outils pour les comit\u00e9s \/ catalogue en ligne \/ Images \/ Recherche avanc\u00e9e\u00a0:\u00a0<\/i>mot-cl\u00e9 = journ\u00e9e internationale des mus\u00e9es + ann\u00e9e d\u2019\u00e9dition = 1978<\/p>\n<p><span class=\"link_yellow\"><a href=\"https:\/\/icom.museum\/fr\/ressources\/bibliotheque-en-ligne\/\">En savoir plus sur la biblioth\u00e8que en ligne<\/a><\/span><\/p>\n<\/div>\n<\/div>\n<\/div>\n<\/section>\n<\/article>\n<\/div>\n<div class=\"page-decoration-container\"><\/div>\n","protected":false},"excerpt":{"rendered":"<p>La Journ\u00e9e internationale des mus\u00e9es aura lieu le 18 mai prochain mais, avant cela, retournons en 1978. Nous vous invitons \u00e0 d\u00e9couvrir l\u2019histoire derri\u00e8re la cr\u00e9ation de ce jalon pour rallier la communaut\u00e9 internationale des mus\u00e9es en plongeant dans nos archives r\u00e9cemment num\u00e9ris\u00e9es. 1976 : LA NAISSANCE D\u2019UNE ID\u00c9E D\u00c8S 1949, ANDR\u00c9 LEVEILL\u00c9, PR\u00c9SIDENT DE [&hellip;]<\/p>\n","protected":false},"author":1,"featured_media":0,"parent":604,"menu_order":7,"comment_status":"closed","ping_status":"closed","template":"","meta":{"footnotes":""},"yst_prominent_words":[],"acf":[],"_links":{"self":[{"href":"https:\/\/imd.icom.museum\/fr\/wp-json\/wp\/v2\/pages\/2493"}],"collection":[{"href":"https:\/\/imd.icom.museum\/fr\/wp-json\/wp\/v2\/pages"}],"about":[{"href":"https:\/\/imd.icom.museum\/fr\/wp-json\/wp\/v2\/types\/page"}],"author":[{"embeddable":true,"href":"https:\/\/imd.icom.museum\/fr\/wp-json\/wp\/v2\/users\/1"}],"replies":[{"embeddable":true,"href":"https:\/\/imd.icom.museum\/fr\/wp-json\/wp\/v2\/comments?post=2493"}],"version-history":[{"count":1,"href":"https:\/\/imd.icom.museum\/fr\/wp-json\/wp\/v2\/pages\/2493\/revisions"}],"predecessor-version":[{"id":2494,"href":"https:\/\/imd.icom.museum\/fr\/wp-json\/wp\/v2\/pages\/2493\/revisions\/2494"}],"up":[{"embeddable":true,"href":"https:\/\/imd.icom.museum\/fr\/wp-json\/wp\/v2\/pages\/604"}],"wp:attachment":[{"href":"https:\/\/imd.icom.museum\/fr\/wp-json\/wp\/v2\/media?parent=2493"}],"wp:term":[{"taxonomy":"yst_prominent_words","embeddable":true,"href":"https:\/\/imd.icom.museum\/fr\/wp-json\/wp\/v2\/yst_prominent_words?post=2493"}],"curies":[{"name":"wp","href":"https:\/\/api.w.org\/{rel}","templated":true}]}}