{"id":2309,"date":"2022-01-25T11:40:37","date_gmt":"2022-01-25T11:40:37","guid":{"rendered":"https:\/\/imd.mini.icom.museum\/?page_id=2309"},"modified":"2024-05-15T12:23:52","modified_gmt":"2024-05-15T12:23:52","slug":"le-theme-le-pouvoir-des-musees","status":"publish","type":"page","link":"https:\/\/imd.icom.museum\/fr\/journee-internationale-des-musees-2023\/le-theme-le-pouvoir-des-musees\/","title":{"rendered":"Le th\u00e8me &#8211; Les Mus\u00e9es pour l&#8217;\u00e9ducation et recherche"},"content":{"rendered":"<p>Le th\u00e8me de cette ann\u00e9e, \u201cLes Mus\u00e9es pour l&#8217;\u00e9ducation et recherche\u201d, souligne le r\u00f4le central des institutions culturelles dans l\u2019offre d\u2019une exp\u00e9rience \u00e9ducative holistique. Cette journ\u00e9e est l\u2019occasion de promouvoir un monde plus conscient, plus durable et plus inclusif.<\/p>\n<p><img decoding=\"async\" loading=\"lazy\" class=\"size-large wp-image-2941 aligncenter\" src=\"https:\/\/imd.icom.museum\/wp-content\/uploads\/sites\/54\/2024\/02\/IMD_Poster_Trilingual_RGB-683x1024.jpg\" alt=\"\" width=\"683\" height=\"1024\" srcset=\"https:\/\/imd.icom.museum\/wp-content\/uploads\/sites\/54\/2024\/02\/IMD_Poster_Trilingual_RGB-683x1024.jpg 683w, https:\/\/imd.icom.museum\/wp-content\/uploads\/sites\/54\/2024\/02\/IMD_Poster_Trilingual_RGB-200x300.jpg 200w, https:\/\/imd.icom.museum\/wp-content\/uploads\/sites\/54\/2024\/02\/IMD_Poster_Trilingual_RGB-768x1152.jpg 768w, https:\/\/imd.icom.museum\/wp-content\/uploads\/sites\/54\/2024\/02\/IMD_Poster_Trilingual_RGB-1024x1536.jpg 1024w, https:\/\/imd.icom.museum\/wp-content\/uploads\/sites\/54\/2024\/02\/IMD_Poster_Trilingual_RGB-1365x2048.jpg 1365w, https:\/\/imd.icom.museum\/wp-content\/uploads\/sites\/54\/2024\/02\/IMD_Poster_Trilingual_RGB-scaled.jpg 1707w\" sizes=\"(max-width: 683px) 100vw, 683px\" \/><\/p>\n<p>Les mus\u00e9es sont des centres \u00e9ducatifs dynamiques qui favorisent la curiosit\u00e9, la cr\u00e9ativit\u00e9 et l\u2019esprit critique. En 2024, nous reconnaissons leur contribution \u00e0 la recherche, en fournissant une plateforme pour l\u2019exploration et la diffusion de nouvelles id\u00e9es. De l\u2019art et de l\u2019histoire \u00e0 la science et \u00e0 la technologie, les mus\u00e9es sont des espaces vitaux o\u00f9 l\u2019\u00e9ducation et la recherche convergent pour fa\u00e7onner notre compr\u00e9hension du monde.<\/p>\n<p>Chaque ann\u00e9e depuis 2020, la Journ\u00e9e internationale des mus\u00e9es soutient un ensemble d\u2019objectifs issus des Objectifs de d\u00e9veloppement durable des Nations unies. En 2024, nous nous concentrerons sur :<\/p>\n<ul>\n<li><strong>Objectif 4 : \u00c9ducation de qualit\u00e9<\/strong>\u00a0\u2013 Assurer une \u00e9ducation de qualit\u00e9 inclusive et \u00e9quitable et promouvoir des possibilit\u00e9s d\u2019apprentissage tout au long de la vie pour tous.<\/li>\n<li><strong>Objectif 9 : Industrie, innovation et infrastructure<\/strong>\u00a0\u2013 Construire des infrastructures r\u00e9silientes, promouvoir une industrialisation inclusive et durable et favoriser l\u2019innovation.<\/li>\n<\/ul>\n<p>Pour la JIM 2024, nous voulons inviter les gens \u00e0 repenser l\u2019\u00e9ducation et \u00e0 imaginer un avenir o\u00f9 le partage des connaissances transcende les barri\u00e8res, o\u00f9 l\u2019innovation s\u2019allie \u00e0 la tradition. <strong>Le 18 mai,<\/strong> rejoignez-nous pour explorer la richesse des connaissances que les mus\u00e9es ont \u00e0 offrir et, ensemble, construisons un monde plus inform\u00e9 et plus inclusif !<\/p>\n<p>Le site d\u00e9di\u00e9 \u00e0 la<a href=\"https:\/\/imd.icom.museum\/fr\/\" target=\"_blank\" rel=\"noopener\">\u00a0Journ\u00e9e internationale des mus\u00e9es<\/a>\u00a0vous fournit toutes les informations, les outils et le mat\u00e9riel n\u00e9cessaires pour vous impliquer dans l\u2019\u00e9dition 2024.<\/p>\n<p>Pour plus d&#8217;informations, n&#8217;h\u00e9sitez pas \u00e0 nous contacter \u00e0 l&#8217;adresse imd@icom.museum.<\/p>\n","protected":false},"excerpt":{"rendered":"<p>Le th\u00e8me de cette ann\u00e9e, \u201cLes Mus\u00e9es pour l&#8217;\u00e9ducation et recherche\u201d, souligne le r\u00f4le central des institutions culturelles dans l\u2019offre d\u2019une exp\u00e9rience \u00e9ducative holistique. Cette journ\u00e9e est l\u2019occasion de promouvoir un monde plus conscient, plus durable et plus inclusif. Les mus\u00e9es sont des centres \u00e9ducatifs dynamiques qui favorisent la curiosit\u00e9, la cr\u00e9ativit\u00e9 et l\u2019esprit critique. [&hellip;]<\/p>\n","protected":false},"author":1,"featured_media":0,"parent":471,"menu_order":1,"comment_status":"closed","ping_status":"closed","template":"","meta":{"footnotes":""},"yst_prominent_words":[382,74,76,73,75,72,71,86],"acf":[],"_links":{"self":[{"href":"https:\/\/imd.icom.museum\/fr\/wp-json\/wp\/v2\/pages\/2309"}],"collection":[{"href":"https:\/\/imd.icom.museum\/fr\/wp-json\/wp\/v2\/pages"}],"about":[{"href":"https:\/\/imd.icom.museum\/fr\/wp-json\/wp\/v2\/types\/page"}],"author":[{"embeddable":true,"href":"https:\/\/imd.icom.museum\/fr\/wp-json\/wp\/v2\/users\/1"}],"replies":[{"embeddable":true,"href":"https:\/\/imd.icom.museum\/fr\/wp-json\/wp\/v2\/comments?post=2309"}],"version-history":[{"count":8,"href":"https:\/\/imd.icom.museum\/fr\/wp-json\/wp\/v2\/pages\/2309\/revisions"}],"predecessor-version":[{"id":3306,"href":"https:\/\/imd.icom.museum\/fr\/wp-json\/wp\/v2\/pages\/2309\/revisions\/3306"}],"up":[{"embeddable":true,"href":"https:\/\/imd.icom.museum\/fr\/wp-json\/wp\/v2\/pages\/471"}],"wp:attachment":[{"href":"https:\/\/imd.icom.museum\/fr\/wp-json\/wp\/v2\/media?parent=2309"}],"wp:term":[{"taxonomy":"yst_prominent_words","embeddable":true,"href":"https:\/\/imd.icom.museum\/fr\/wp-json\/wp\/v2\/yst_prominent_words?post=2309"}],"curies":[{"name":"wp","href":"https:\/\/api.w.org\/{rel}","templated":true}]}}