{"id":2092,"date":"2021-02-01T11:37:37","date_gmt":"2021-02-01T11:37:37","guid":{"rendered":"http:\/\/imd.mini.icom.museum\/?page_id=2092"},"modified":"2021-02-01T11:37:37","modified_gmt":"2021-02-01T11:37:37","slug":"2020-musees-pour-legalite-diversite-et-inclusion","status":"publish","type":"page","link":"https:\/\/imd.icom.museum\/fr\/editions-precedentes\/2020-musees-pour-legalite-diversite-et-inclusion\/","title":{"rendered":"2020 &#8211; Mus\u00e9es pour l&#8217;\u00e9galit\u00e9: diversit\u00e9 et inclusion"},"content":{"rendered":"<p>Avec le th\u00e8me <strong>Mus\u00e9es pour l&#8217;\u00c9galit\u00e9 : Diversit\u00e9 et Inclusion<\/strong>, la Journ\u00e9e Internationale des Mus\u00e9es 2020 vise \u00e0 devenir un point de ralliement pour \u00e0 la fois c\u00e9l\u00e9brer la diversit\u00e9 des perspectives qui composent les communaut\u00e9s et le personnel des mus\u00e9es, et promouvoir des outils pour identifier et surmonter les pr\u00e9jug\u00e9s dans ce qu&#8217;ils affichent, et les histoires qu&#8217;ils racontent.<\/p>\n<figure id=\"attachment_1317\" aria-describedby=\"caption-attachment-1317\" style=\"width: 682px\" class=\"wp-caption alignnone\"><img decoding=\"async\" loading=\"lazy\" class=\"wp-image-1317 size-large\" src=\"https:\/\/imd.icom.museum\/wp-content\/uploads\/sites\/54\/2020\/01\/IMD2020-affiche-OK_FR-light-682x1024.jpg\" alt=\"\" width=\"682\" height=\"1024\" srcset=\"https:\/\/imd.icom.museum\/wp-content\/uploads\/sites\/54\/2020\/01\/IMD2020-affiche-OK_FR-light-682x1024.jpg 682w, https:\/\/imd.icom.museum\/wp-content\/uploads\/sites\/54\/2020\/01\/IMD2020-affiche-OK_FR-light-200x300.jpg 200w, https:\/\/imd.icom.museum\/wp-content\/uploads\/sites\/54\/2020\/01\/IMD2020-affiche-OK_FR-light-768x1152.jpg 768w, https:\/\/imd.icom.museum\/wp-content\/uploads\/sites\/54\/2020\/01\/IMD2020-affiche-OK_FR-light.jpg 787w\" sizes=\"(max-width: 682px) 100vw, 682px\" \/><figcaption id=\"caption-attachment-1317\" class=\"wp-caption-text\">International Museum Day 2020 de Justine Navarro est titulaire d&#8217;une licence CC BY-SA 4.0<\/figcaption><\/figure>\n<p>Le potentiel des mus\u00e9es \u00e0 cr\u00e9er des exp\u00e9riences significatives pour des peuples de toutes origines et de tous horizons est au c\u0153ur de leur valeur sociale. En tant qu&#8217;agents du changement et institutions de confiance, les mus\u00e9es n&#8217;ont pas le temps de d\u00e9montrer leur pertinence en s&#8217;engageant de mani\u00e8re constructive dans les r\u00e9alit\u00e9s politiques, sociales et culturelles de la soci\u00e9t\u00e9 moderne.<\/p>\n<p>Les d\u00e9fis de l&#8217;inclusion et de la diversit\u00e9, et la difficult\u00e9 \u00e0 faire face \u00e0 des probl\u00e8mes sociaux complexes dans des environnements de plus en plus polaris\u00e9s, bien qu&#8217;ils ne soient pas propres aux mus\u00e9es et aux institutions culturelles, sont importants, en raison de la haute estime dont les mus\u00e9es sont tenus par la soci\u00e9t\u00e9.<\/p>\n<p>Une attente croissante du public pour le changement social a catalys\u00e9 la conversation sur le potentiel des mus\u00e9es pour le bien social sous la forme d&#8217;expositions, de conf\u00e9rences, de performances, de programmes \u00e9ducatifs et d&#8217;initiatives. Cependant, il reste beaucoup \u00e0 faire pour surmonter les dynamiques de pouvoir conscientes et subconscientes qui peuvent cr\u00e9er des disparit\u00e9s au sein des mus\u00e9es, et entre les mus\u00e9es et leurs visiteurs.<\/p>\n<h3>Ces disparit\u00e9s peuvent concerner de nombreux sujets, notamment l&#8217;origine ethnique, le sexe, l&#8217;orientation et l&#8217;identit\u00e9 sexuelles, le milieu socio\u00e9conomique, le niveau d&#8217;\u00e9ducation, les capacit\u00e9s physiques, l&#8217;appartenance politique et les croyances religieuses.<\/h3>\n<p>\u00c0 la suite de l&#8217;\u00e9pid\u00e9mie de Covid-19 et des mesures de confinement qui ont suivi, nous avons d\u00e9cid\u00e9 d&#8217;adapter le format et de nous concentrer sur les activit\u00e9s num\u00e9riques, afin de promouvoir les valeurs de la DIM tout en assurant la s\u00e9curit\u00e9 du public et du personnel. Malgr\u00e9 les limites impos\u00e9es par un format exclusivement num\u00e9rique, les activit\u00e9s #IMD2020 ont atteint plus de 83 000 000 d&#8217;utilisateurs sur les r\u00e9seaux sociaux, pour la seule journ\u00e9e du 18 mai !<\/p>\n<hr \/>\n<p>Nous avons rassembl\u00e9 quelques-unes de nos r\u00e9interpr\u00e9tations pr\u00e9f\u00e9r\u00e9es de l&#8217;affiche de la Journ\u00e9e internationale des mus\u00e9es 2020. Merci \u00e0 tous les participants et amateurs de mus\u00e9es qui ont d\u00e9fendu #Museums4Equality avec nous !<\/p>\n<p><em>Cr\u00e9dits@ ICOMColombie ; @ ICOM Iran ; @ BirKultur-Kizilcasar Gallery, Turquie ; @ National Museum of History, Taiwan ; @ MarieFrancoiseDelval ; @ Museo de la Universidad del Rosario, Colombie<\/em><\/p>\n<p><img decoding=\"async\" loading=\"lazy\" class=\"alignnone size-medium wp-image-2016\" src=\"https:\/\/imd.icom.museum\/wp-content\/uploads\/sites\/54\/2021\/01\/EYhpyVXX0AAPc39-295x300.png\" alt=\"\" width=\"295\" height=\"300\" srcset=\"https:\/\/imd.icom.museum\/wp-content\/uploads\/sites\/54\/2021\/01\/EYhpyVXX0AAPc39-295x300.png 295w, https:\/\/imd.icom.museum\/wp-content\/uploads\/sites\/54\/2021\/01\/EYhpyVXX0AAPc39.png 618w\" sizes=\"(max-width: 295px) 100vw, 295px\" \/> <img decoding=\"async\" loading=\"lazy\" class=\"alignnone size-medium wp-image-2013\" src=\"https:\/\/imd.icom.museum\/wp-content\/uploads\/sites\/54\/2021\/01\/EYhpyVSXgAArtfx-300x300.jpeg\" alt=\"\" width=\"300\" height=\"300\" srcset=\"https:\/\/imd.icom.museum\/wp-content\/uploads\/sites\/54\/2021\/01\/EYhpyVSXgAArtfx-300x300.jpeg 300w, https:\/\/imd.icom.museum\/wp-content\/uploads\/sites\/54\/2021\/01\/EYhpyVSXgAArtfx-150x150.jpeg 150w, https:\/\/imd.icom.museum\/wp-content\/uploads\/sites\/54\/2021\/01\/EYhpyVSXgAArtfx-768x768.jpeg 768w, https:\/\/imd.icom.museum\/wp-content\/uploads\/sites\/54\/2021\/01\/EYhpyVSXgAArtfx.jpeg 1024w\" sizes=\"(max-width: 300px) 100vw, 300px\" \/> <img decoding=\"async\" loading=\"lazy\" class=\"alignnone size-medium wp-image-2010\" src=\"https:\/\/imd.icom.museum\/wp-content\/uploads\/sites\/54\/2021\/01\/EYhpyVRXgAAet7E-300x281.png\" alt=\"\" width=\"300\" height=\"281\" srcset=\"https:\/\/imd.icom.museum\/wp-content\/uploads\/sites\/54\/2021\/01\/EYhpyVRXgAAet7E-300x281.png 300w, https:\/\/imd.icom.museum\/wp-content\/uploads\/sites\/54\/2021\/01\/EYhpyVRXgAAet7E.png 471w\" sizes=\"(max-width: 300px) 100vw, 300px\" \/> <img decoding=\"async\" loading=\"lazy\" class=\"alignnone size-medium wp-image-2007\" src=\"https:\/\/imd.icom.museum\/wp-content\/uploads\/sites\/54\/2021\/01\/EYhpyVRWAAA_d9J-200x300.jpeg\" alt=\"\" width=\"200\" height=\"300\" srcset=\"https:\/\/imd.icom.museum\/wp-content\/uploads\/sites\/54\/2021\/01\/EYhpyVRWAAA_d9J-200x300.jpeg 200w, https:\/\/imd.icom.museum\/wp-content\/uploads\/sites\/54\/2021\/01\/EYhpyVRWAAA_d9J-683x1024.jpeg 683w, https:\/\/imd.icom.museum\/wp-content\/uploads\/sites\/54\/2021\/01\/EYhpyVRWAAA_d9J.jpeg 700w\" sizes=\"(max-width: 200px) 100vw, 200px\" \/> <img decoding=\"async\" loading=\"lazy\" class=\"alignnone size-medium wp-image-2004\" src=\"https:\/\/imd.icom.museum\/wp-content\/uploads\/sites\/54\/2021\/01\/EYhp9rZXQAECiea-282x300.jpeg\" alt=\"\" width=\"282\" height=\"300\" srcset=\"https:\/\/imd.icom.museum\/wp-content\/uploads\/sites\/54\/2021\/01\/EYhp9rZXQAECiea-282x300.jpeg 282w, https:\/\/imd.icom.museum\/wp-content\/uploads\/sites\/54\/2021\/01\/EYhp9rZXQAECiea.jpeg 605w\" sizes=\"(max-width: 282px) 100vw, 282px\" \/> <img decoding=\"async\" loading=\"lazy\" class=\"alignnone size-medium wp-image-2001\" src=\"https:\/\/imd.icom.museum\/wp-content\/uploads\/sites\/54\/2021\/01\/EYhp9rhX0AIwOXD-300x210.png\" alt=\"\" width=\"300\" height=\"210\" srcset=\"https:\/\/imd.icom.museum\/wp-content\/uploads\/sites\/54\/2021\/01\/EYhp9rhX0AIwOXD-300x210.png 300w, https:\/\/imd.icom.museum\/wp-content\/uploads\/sites\/54\/2021\/01\/EYhp9rhX0AIwOXD-768x538.png 768w, https:\/\/imd.icom.museum\/wp-content\/uploads\/sites\/54\/2021\/01\/EYhp9rhX0AIwOXD.png 834w\" sizes=\"(max-width: 300px) 100vw, 300px\" \/><\/p>\n","protected":false},"excerpt":{"rendered":"<p>Avec le th\u00e8me Mus\u00e9es pour l&#8217;\u00c9galit\u00e9 : Diversit\u00e9 et Inclusion, la Journ\u00e9e Internationale des Mus\u00e9es 2020 vise \u00e0 devenir un point de ralliement pour \u00e0 la fois c\u00e9l\u00e9brer la diversit\u00e9 des perspectives qui composent les communaut\u00e9s et le personnel des mus\u00e9es, et promouvoir des outils pour identifier et surmonter les pr\u00e9jug\u00e9s dans ce qu&#8217;ils affichent, [&hellip;]<\/p>\n","protected":false},"author":1,"featured_media":0,"parent":604,"menu_order":4,"comment_status":"closed","ping_status":"closed","template":"","meta":{"footnotes":""},"yst_prominent_words":[79,77,847,293,87,74,846,76,73,845,75,72,71,205,658,657,86,84,357,659],"acf":[],"_links":{"self":[{"href":"https:\/\/imd.icom.museum\/fr\/wp-json\/wp\/v2\/pages\/2092"}],"collection":[{"href":"https:\/\/imd.icom.museum\/fr\/wp-json\/wp\/v2\/pages"}],"about":[{"href":"https:\/\/imd.icom.museum\/fr\/wp-json\/wp\/v2\/types\/page"}],"author":[{"embeddable":true,"href":"https:\/\/imd.icom.museum\/fr\/wp-json\/wp\/v2\/users\/1"}],"replies":[{"embeddable":true,"href":"https:\/\/imd.icom.museum\/fr\/wp-json\/wp\/v2\/comments?post=2092"}],"version-history":[{"count":1,"href":"https:\/\/imd.icom.museum\/fr\/wp-json\/wp\/v2\/pages\/2092\/revisions"}],"predecessor-version":[{"id":2093,"href":"https:\/\/imd.icom.museum\/fr\/wp-json\/wp\/v2\/pages\/2092\/revisions\/2093"}],"up":[{"embeddable":true,"href":"https:\/\/imd.icom.museum\/fr\/wp-json\/wp\/v2\/pages\/604"}],"wp:attachment":[{"href":"https:\/\/imd.icom.museum\/fr\/wp-json\/wp\/v2\/media?parent=2092"}],"wp:term":[{"taxonomy":"yst_prominent_words","embeddable":true,"href":"https:\/\/imd.icom.museum\/fr\/wp-json\/wp\/v2\/yst_prominent_words?post=2092"}],"curies":[{"name":"wp","href":"https:\/\/api.w.org\/{rel}","templated":true}]}}