{"id":202,"date":"2019-01-07T21:35:59","date_gmt":"2019-01-07T21:35:59","guid":{"rendered":"http:\/\/international-museum-day.icom.cust.oxymium.net\/presse\/communiques-de-presse\/"},"modified":"2024-02-29T09:39:36","modified_gmt":"2024-02-29T09:39:36","slug":"communiques-de-presse","status":"publish","type":"page","link":"https:\/\/imd.icom.museum\/fr\/presse\/communiques-de-presse\/","title":{"rendered":"Communiqu\u00e9s de presse"},"content":{"rendered":"<div id=\"RTE_CONTENT\">\n<p><!--TYPO3SEARCH_begin--> <!-- CONTENT ELEMENT, uid:18758\/textpic [begin] --><\/p>\n<div id=\"c18758\">\n<p><!-- Image block: [begin] --><\/p>\n<div>\n<h2>La Journ\u00e9e internationale des mus\u00e9es 2024 sera ax\u00e9e sur l&#8217;education et la recherche dans les mus\u00e9es.<\/h2>\n<div>\n<p><img decoding=\"async\" loading=\"lazy\" class=\"alignnone size-large wp-image-2935 aligncenter\" src=\"https:\/\/imd.icom.museum\/wp-content\/uploads\/sites\/54\/2024\/02\/IMD_Poster_Fr_RGB-683x1024.jpg\" alt=\"\" width=\"683\" height=\"1024\" srcset=\"https:\/\/imd.icom.museum\/wp-content\/uploads\/sites\/54\/2024\/02\/IMD_Poster_Fr_RGB-683x1024.jpg 683w, https:\/\/imd.icom.museum\/wp-content\/uploads\/sites\/54\/2024\/02\/IMD_Poster_Fr_RGB-200x300.jpg 200w, https:\/\/imd.icom.museum\/wp-content\/uploads\/sites\/54\/2024\/02\/IMD_Poster_Fr_RGB-768x1152.jpg 768w, https:\/\/imd.icom.museum\/wp-content\/uploads\/sites\/54\/2024\/02\/IMD_Poster_Fr_RGB-1024x1536.jpg 1024w, https:\/\/imd.icom.museum\/wp-content\/uploads\/sites\/54\/2024\/02\/IMD_Poster_Fr_RGB-1366x2048.jpg 1366w, https:\/\/imd.icom.museum\/wp-content\/uploads\/sites\/54\/2024\/02\/IMD_Poster_Fr_RGB-scaled.jpg 1707w\" sizes=\"(max-width: 683px) 100vw, 683px\" \/><\/p>\n<p>Alors que les mus\u00e9es se pr\u00e9parent \u00e0 impliquer les publics \u00e0 travers une myriade d\u2019activit\u00e9s, la Journ\u00e9e internationale des mus\u00e9es 2024 promet d\u2019\u00eatre une c\u00e9l\u00e9bration enrichissante et \u00e9clairante.<\/p>\n<p>Pour la JIM 2024, nous voulons inviter les gens \u00e0 repenser l\u2019\u00e9ducation et \u00e0 <strong>imaginer un avenir o\u00f9 le partage des connaissances transcende les barri\u00e8res, o\u00f9 l\u2019innovation s\u2019allie \u00e0 la tradition.<\/strong> Rejoignez-nous pour explorer la richesse des connaissances que les mus\u00e9es ont \u00e0 offrir et, ensemble, construire un monde plus inform\u00e9 et plus inclusif !<\/p>\n<p><span class=\"link_red\"><a href=\"https:\/\/imd.icom.museum\/wp-content\/uploads\/sites\/54\/2024\/02\/Presse-release-International-Museum-Day-2024-FR.pdf\">T\u00e9l\u00e9charger le communiqu\u00e9 de presse<\/a><\/span><\/p>\n<hr \/>\n<p class=\"p2\">Le <b>Conseil International des Mus\u00e9es (ICOM) <\/b>a institu\u00e9 la Journ\u00e9e Internationale des Mus\u00e9es en 1977 pour sensibiliser davantage le public au r\u00f4le des mus\u00e9es dans le d\u00e9veloppement de la soci\u00e9t\u00e9, et elle n&#8217;a cess\u00e9 de prendre de l&#8217;ampleur depuis. En 2023, malgr\u00e9 les limites impos\u00e9es par un format uniquement num\u00e9rique, les activit\u00e9s #IMD2023 ont g\u00e9n\u00e9r\u00e9 901 000 interactions sur les m\u00e9dias sociaux !<\/p>\n<hr \/>\n<\/div>\n<\/div>\n<p><!-- END: Content of extension \"hpo_relatedlink\", plugin \"tx_hporelatedlink_pi1\" --><\/p>\n<\/div>\n<p><!-- CONTENT ELEMENT, uid:18758\/textpic [end] --> <!--TYPO3SEARCH_end--><\/p>\n<p><strong>CONTACT PRESSE<\/strong><\/p>\n<div>CONSEIL INTERNATIONAL DES MUS\u00c9ES<\/div>\n<div>D\u00e9partement Communication et Relations ext\u00e9rieures<\/div>\n<div><a href=\"mailto:laetitia.conort@icom.museum\">communication@icom.museum<\/a><\/div>\n<p>&nbsp;<\/p>\n<\/div>\n","protected":false},"excerpt":{"rendered":"<p>La Journ\u00e9e internationale des mus\u00e9es 2024 sera ax\u00e9e sur l&#8217;education et la recherche dans les mus\u00e9es. Alors que les mus\u00e9es se pr\u00e9parent \u00e0 impliquer les publics \u00e0 travers une myriade d\u2019activit\u00e9s, la Journ\u00e9e internationale des mus\u00e9es 2024 promet d\u2019\u00eatre une c\u00e9l\u00e9bration enrichissante et \u00e9clairante. Pour la JIM 2024, nous voulons inviter les gens \u00e0 repenser [&hellip;]<\/p>\n","protected":false},"author":1,"featured_media":0,"parent":160,"menu_order":1,"comment_status":"closed","ping_status":"closed","template":"","meta":{"footnotes":""},"yst_prominent_words":[1159,77,78,74,81,76,73,80,75,72,71,339,86,84],"acf":[],"_links":{"self":[{"href":"https:\/\/imd.icom.museum\/fr\/wp-json\/wp\/v2\/pages\/202"}],"collection":[{"href":"https:\/\/imd.icom.museum\/fr\/wp-json\/wp\/v2\/pages"}],"about":[{"href":"https:\/\/imd.icom.museum\/fr\/wp-json\/wp\/v2\/types\/page"}],"author":[{"embeddable":true,"href":"https:\/\/imd.icom.museum\/fr\/wp-json\/wp\/v2\/users\/1"}],"replies":[{"embeddable":true,"href":"https:\/\/imd.icom.museum\/fr\/wp-json\/wp\/v2\/comments?post=202"}],"version-history":[{"count":20,"href":"https:\/\/imd.icom.museum\/fr\/wp-json\/wp\/v2\/pages\/202\/revisions"}],"predecessor-version":[{"id":3003,"href":"https:\/\/imd.icom.museum\/fr\/wp-json\/wp\/v2\/pages\/202\/revisions\/3003"}],"up":[{"embeddable":true,"href":"https:\/\/imd.icom.museum\/fr\/wp-json\/wp\/v2\/pages\/160"}],"wp:attachment":[{"href":"https:\/\/imd.icom.museum\/fr\/wp-json\/wp\/v2\/media?parent=202"}],"wp:term":[{"taxonomy":"yst_prominent_words","embeddable":true,"href":"https:\/\/imd.icom.museum\/fr\/wp-json\/wp\/v2\/yst_prominent_words?post=202"}],"curies":[{"name":"wp","href":"https:\/\/api.w.org\/{rel}","templated":true}]}}