{"id":1765,"date":"2020-04-21T18:48:10","date_gmt":"2020-04-21T18:48:10","guid":{"rendered":"http:\/\/imd.mini.icom.museum\/?page_id=1765"},"modified":"2024-05-15T12:28:22","modified_gmt":"2024-05-15T12:28:22","slug":"moins-dun-mois-avant-la-jim-2020-parlons-dinclusion-numerique","status":"publish","type":"page","link":"https:\/\/imd.icom.museum\/fr\/journee-internationale-des-musees-2023\/moins-dun-mois-avant-la-jim-2020-parlons-dinclusion-numerique\/","title":{"rendered":"\u00c9v\u00e9nements num\u00e9riques ou hybrides"},"content":{"rendered":"<h3><strong>C\u00e9l\u00e9brer la Journ\u00e9e internationale des mus\u00e9es : Adopter les \u00e9v\u00e9nements num\u00e9riques et hybrides<\/strong><\/h3>\n<p>Au cours des derni\u00e8res ann\u00e9es, le Conseil international des mus\u00e9es (ICOM) a dirig\u00e9 un changement transformateur dans la mani\u00e8re dont nous c\u00e9l\u00e9brons la Journ\u00e9e internationale des mus\u00e9es. Depuis 2020, au milieu des d\u00e9fis mondiaux et des avanc\u00e9es technologiques, l&#8217;ICOM a promu l&#8217;int\u00e9gration d&#8217;outils num\u00e9riques et d&#8217;innovation dans le tissu m\u00eame de cette c\u00e9l\u00e9bration annuelle. Reconnaissant l&#8217;\u00e9volution du paysage de l&#8217;engagement culturel, le plan strat\u00e9gique de l&#8217;ICOM met l&#8217;accent sur l&#8217;importance d&#8217;adopter les plateformes num\u00e9riques pour toucher un public plus large et favoriser une connexion plus profonde avec le patrimoine culturel.<\/p>\n<p><img decoding=\"async\" loading=\"lazy\" class=\"alignnone wp-image-2050 size-large\" src=\"https:\/\/imd.icom.museum\/wp-content\/uploads\/sites\/54\/2021\/01\/42264314035_d6e835bf16_b-1024x683-1024x683.jpg\" alt=\"\" width=\"1024\" height=\"683\" srcset=\"https:\/\/imd.icom.museum\/wp-content\/uploads\/sites\/54\/2021\/01\/42264314035_d6e835bf16_b-1024x683.jpg 1024w, https:\/\/imd.icom.museum\/wp-content\/uploads\/sites\/54\/2021\/01\/42264314035_d6e835bf16_b-1024x683-300x200.jpg 300w, https:\/\/imd.icom.museum\/wp-content\/uploads\/sites\/54\/2021\/01\/42264314035_d6e835bf16_b-1024x683-768x512.jpg 768w\" sizes=\"(max-width: 1024px) 100vw, 1024px\" \/><\/p>\n<h3><strong>ATTEINDRE VOTRE PUBLIC \u00c0 DISTANCE<\/strong><\/h3>\n<p>Un des piliers cl\u00e9s de la vision strat\u00e9gique de l&#8217;ICOM est la promotion d&#8217;activit\u00e9s qui exploitent le pouvoir des \u00e9v\u00e9nements num\u00e9riques et hybrides. \u00c0 une \u00e9poque marqu\u00e9e par l&#8217;avancement technologique rapide, les mus\u00e9es adoptent ces approches innovantes pour engager un public au-del\u00e0 des fronti\u00e8res physiques. \u00c0 travers des expositions num\u00e9riques, des visites virtuelles et des exp\u00e9riences interactives en ligne, les mus\u00e9es transcendent les contraintes g\u00e9ographiques, permettant aux gens des quatre coins du globe d&#8217;explorer et d&#8217;appr\u00e9cier des r\u00e9cits culturels diversifi\u00e9s.<\/p>\n<hr \/>\n<h3 class=\"p3\"><strong><span class=\"s1\">LES R\u00c9CITS <\/span><\/strong><\/h3>\n<p class=\"p1\"><span class=\"s1\">Les directeurs et conservateurs des mus\u00e9es ont depuis longtemps commenc\u00e9 \u00e0 raconter eux-m\u00eames leurs collections: des initiatives telles que \u00ab\u00a0<em><a href=\"https:\/\/twitter.com\/askacurator\">Ask a Curator<\/a><\/em> \u00bb ou \u00ab <em><a href=\"https:\/\/www.youtube.com\/watch?v=U9UUIkr0l2U&amp;feature=emb_title\">Le passeggiate del Direttore<\/a>\u00a0<\/em>\u00bb r\u00e9cemment promu par le Mus\u00e9e Egyptien de Turin, sont des outils tr\u00e8s utiles pour donner un point de vue personnel \u00e0 vos activit\u00e9s num\u00e9riques. Mais qu&#8217;en est-il des autres r\u00e9cits qui composent un mus\u00e9e ? Pourquoi ne pas impliquer l&#8217;ensemble du personnel, pour parler de vos collections ou simplement de <a href=\"https:\/\/hypebeast.com\/2020\/4\/museums-coronavirus-pandemic-digital-artifacts-exhibitions\">ce qui se passe dans le monde en ce moment<\/a> ? Ou les visiteurs et les b\u00e9n\u00e9voles, en leur demandant ce qui les a amen\u00e9s \u00e0 aimer votre institution,<strong> \u00e0 se sentir inclus ?<\/strong><br \/>\n<\/span><\/p>\n<hr \/>\n<h3 class=\"p3\"><span class=\"s1\"><b>LE PUBLIC<\/b><\/span><\/h3>\n<p>Comme nous le sugg\u00e9rons dans notre <strong><a href=\"https:\/\/icom.museum\/fr\/news\/la-boite-a-outils-de-licom-pour-la-journee-internationale-des-musees-2024\/\">guide \u00e9tape par \u00e9tape<\/a><\/strong> pour l&#8217;organisation des activit\u00e9s de la Journ\u00e9e internationale des mus\u00e9es, nous vous recommandons de cibler un public\/d\u00e9mographique sp\u00e9cifique (comme les enfants, les personnes \u00e2g\u00e9es, une minorit\u00e9, etc.).<\/p>\n<p>Au c\u0153ur du succ\u00e8s des \u00e9v\u00e9nements num\u00e9riques et hybrides pour la Journ\u00e9e internationale des mus\u00e9es se trouve l&#8217;implication d&#8217;un public sp\u00e9cifique. Par exemple, les activit\u00e9s qui impliquent la jeune g\u00e9n\u00e9ration sont non seulement vitales pour la durabilit\u00e9 des institutions culturelles, mais aussi essentielles pour favoriser un sentiment de propri\u00e9t\u00e9 et de pertinence chez les futurs gardiens de notre patrimoine. En adaptant les exp\u00e9riences num\u00e9riques pour qu&#8217;elles r\u00e9sonnent avec les int\u00e9r\u00eats et les pr\u00e9f\u00e9rences du jeune public, les mus\u00e9es peuvent susciter une passion pour l&#8217;exploration et la pr\u00e9servation culturelles d\u00e8s le plus jeune \u00e2ge.<\/p>\n<hr \/>\n<h3 class=\"p3\"><strong>Carte interactive de la Journ\u00e9e internationale des mus\u00e9es : Une passerelle vers une c\u00e9l\u00e9bration culturelle mondiale<\/strong><\/h3>\n<p>La carte interactive de la Journ\u00e9e internationale des mus\u00e9es 2024 se pr\u00e9sente comme un phare de l&#8217;innovation, offrant une plateforme dynamique pour pr\u00e9senter des \u00e9v\u00e9nements \u00e0 l&#8217;\u00e9chelle mondiale. Cet outil r\u00e9volutionnaire offre non seulement un aper\u00e7u complet de la diversit\u00e9 des activit\u00e9s organis\u00e9es pour c\u00e9l\u00e9brer la Journ\u00e9e internationale des mus\u00e9es, mais offre \u00e9galement aux utilisateurs un voyage immersif \u00e0 travers la riche diversit\u00e9 du patrimoine culturel mondial. En quelques clics seulement, les visiteurs peuvent explorer des expositions virtuelles, des ateliers interactifs et des performances en direct organis\u00e9s par des mus\u00e9es du monde entier.<\/p>\n<p><iframe loading=\"lazy\" style=\"max-width: 100%;\" title=\"2023 - EN - IMD\" src=\"https:\/\/icomuseums.maps.arcgis.com\/apps\/instant\/basic\/index.html?appid=2cb22c34de854468bf828acee3ba0d0b\" width=\"100%\" height=\"500\" frameborder=\"0\" allowfullscreen=\"allowfullscreen\"><\/iframe><\/p>\n<p><strong>Ajouter votre \u00e9v\u00e9nement \u00e0 la carte interactive : Un guide simple pour une visibilit\u00e9 mondiale<\/strong><\/p>\n<p>Pour ajouter votre \u00e9v\u00e9nement \u00e0 la carte, il vous suffit de remplir notre enqu\u00eate conviviale disponible en anglais, en espagnol ou en fran\u00e7ais. Fournissez des informations essentielles sur votre \u00e9v\u00e9nement, telles que son titre, son emplacement, sa date, une br\u00e8ve description, etc. De plus, vous aurez la possibilit\u00e9 de t\u00e9l\u00e9charger des visuels captivants et du contenu multim\u00e9dia pour enrichir la pr\u00e9sentation de votre \u00e9v\u00e9nement. Une fois l&#8217;enqu\u00eate remplie, cliquez sur soumettre pour qu&#8217;il apparaisse sur la carte interactive. En partageant votre \u00e9v\u00e9nement avec la communaut\u00e9 mondiale, vous amplifiez non seulement sa port\u00e9e, mais contribuez \u00e9galement \u00e0 la c\u00e9l\u00e9bration collective de la diversit\u00e9 culturelle et de la cr\u00e9ativit\u00e9 lors de la Journ\u00e9e internationale des mus\u00e9es. Rejoignez-nous pour mettre en valeur la richesse de notre patrimoine culturel et vous connecter avec des publics du monde entier !<\/p>\n<p><span class=\"link_red\"><a href=\"https:\/\/survey123.arcgis.com\/share\/93a9ea2813c84c9c9db0e29a81729eff\">Enqu\u00eate pour ajouter l&#8217;\u00e9v\u00e9nement sur la carte interactive<\/a><\/span><\/p>\n<p>&nbsp;<\/p>\n","protected":false},"excerpt":{"rendered":"<p>C\u00e9l\u00e9brer la Journ\u00e9e internationale des mus\u00e9es : Adopter les \u00e9v\u00e9nements num\u00e9riques et hybrides Au cours des derni\u00e8res ann\u00e9es, le Conseil international des mus\u00e9es (ICOM) a dirig\u00e9 un changement transformateur dans la mani\u00e8re dont nous c\u00e9l\u00e9brons la Journ\u00e9e internationale des mus\u00e9es. Depuis 2020, au milieu des d\u00e9fis mondiaux et des avanc\u00e9es technologiques, l&#8217;ICOM a promu l&#8217;int\u00e9gration [&hellip;]<\/p>\n","protected":false},"author":1,"featured_media":1797,"parent":471,"menu_order":4,"comment_status":"closed","ping_status":"closed","template":"","meta":{"footnotes":""},"yst_prominent_words":[260,259,77,78,74,81,76,73,80,75,72,71,1020],"acf":[],"_links":{"self":[{"href":"https:\/\/imd.icom.museum\/fr\/wp-json\/wp\/v2\/pages\/1765"}],"collection":[{"href":"https:\/\/imd.icom.museum\/fr\/wp-json\/wp\/v2\/pages"}],"about":[{"href":"https:\/\/imd.icom.museum\/fr\/wp-json\/wp\/v2\/types\/page"}],"author":[{"embeddable":true,"href":"https:\/\/imd.icom.museum\/fr\/wp-json\/wp\/v2\/users\/1"}],"replies":[{"embeddable":true,"href":"https:\/\/imd.icom.museum\/fr\/wp-json\/wp\/v2\/comments?post=1765"}],"version-history":[{"count":27,"href":"https:\/\/imd.icom.museum\/fr\/wp-json\/wp\/v2\/pages\/1765\/revisions"}],"predecessor-version":[{"id":3310,"href":"https:\/\/imd.icom.museum\/fr\/wp-json\/wp\/v2\/pages\/1765\/revisions\/3310"}],"up":[{"embeddable":true,"href":"https:\/\/imd.icom.museum\/fr\/wp-json\/wp\/v2\/pages\/471"}],"wp:featuredmedia":[{"embeddable":true,"href":"https:\/\/imd.icom.museum\/fr\/wp-json\/wp\/v2\/media\/1797"}],"wp:attachment":[{"href":"https:\/\/imd.icom.museum\/fr\/wp-json\/wp\/v2\/media?parent=1765"}],"wp:term":[{"taxonomy":"yst_prominent_words","embeddable":true,"href":"https:\/\/imd.icom.museum\/fr\/wp-json\/wp\/v2\/yst_prominent_words?post=1765"}],"curies":[{"name":"wp","href":"https:\/\/api.w.org\/{rel}","templated":true}]}}