{"id":172,"date":"2019-01-07T21:35:28","date_gmt":"2019-01-07T21:35:28","guid":{"rendered":"http:\/\/international-museum-day.icom.cust.oxymium.net\/la-jim\/a-propos-de-licom\/"},"modified":"2024-05-15T12:11:15","modified_gmt":"2024-05-15T12:11:15","slug":"a-propos-de-licom","status":"publish","type":"page","link":"https:\/\/imd.icom.museum\/fr\/la-jim\/a-propos-de-licom\/","title":{"rendered":"\u00c0 propos de l&#8217;ICOM"},"content":{"rendered":"<div id=\"RTE_CONTENT\">\n<p><!--TYPO3SEARCH_begin--> <!-- CONTENT ELEMENT, uid:18766\/textpic [begin] --><\/p>\n<div id=\"c18766\">\n<p><!-- Image block: [begin] --><\/p>\n<div>\n<p><!-- Text: [begin] --><\/p>\n<p>Cr\u00e9\u00e9 en 1946, le <a title=\"Opens external link in new window\" href=\"http:\/\/icom.museum\" target=\"_blank\" rel=\"noopener\"><b>Conseil international des mus\u00e9es (ICOM)<\/b><\/a> est l\u2019organisation internationale des mus\u00e9es et des professionnels des mus\u00e9es. L\u2019ICOM s\u2019engage \u00e0 promouvoir et \u00e0 prot\u00e9ger le patrimoine culturel et naturel, actuel et futur, mat\u00e9riel et immat\u00e9riel. Regroupant plus de <b>57,208<\/b>\u00a0membres r\u00e9partis dans <strong>138<\/strong> pays et territoire, l\u2019ICOM constitue un r\u00e9seau de professionnels des mus\u00e9es \u0153uvrant dans un large \u00e9ventail de disciplines li\u00e9es aux mus\u00e9es et au patrimoine.<\/p>\n<p>L\u2019ICOM promeut des normes d\u2019excellence dans le domaine mus\u00e9al, en particulier gr\u00e2ce \u00e0 son <a href=\"http:\/\/icom.museum\/la-vision\/code-de-deontologie\/\/L\/2\/\" target=\"_blank\" rel=\"noopener\"><i>Code de d\u00e9ontologie pour les mus\u00e9es<\/i><\/a> qui fixe les normes minimales des pratiques professionnelles en mati\u00e8re de gouvernance, d\u2019acquisition et de cession des collections, ainsi que les r\u00e8gles de conduite professionnelle.<\/p>\n<p>Afin de mener \u00e0 bien ses activit\u00e9s, l\u2019ICOM s\u2019associe avec des organisations telles que l\u2019Organisation mondiale de la propri\u00e9t\u00e9 intellectuelle, INTERPOL, l\u2019Organisation mondiale des douanes, l\u2019ICCROM et, partenaire de longue date, poursuit sa collaboration avec l\u2019UNESCO. Parmi les activit\u00e9s de l\u2019ICOM, figurent la lutte contre le trafic illicite des biens culturels, la gestion des risques et la pr\u00e9paration aux situations d\u2019urgence pour prot\u00e9ger le patrimoine culturel mondial en cas de catastrophes naturelles ou d\u2019origine humaine. Cr\u00e9\u00e9 en 1946, le Centre d\u2019information mus\u00e9ologique UNESCO-ICOM rassemble <a title=\"Opens external link in new window\" href=\"http:\/\/icom.museum\/ressources\/base-de-donnees-des-publications\/L\/2\/\" target=\"_blank\" rel=\"noopener\">la collection la plus compl\u00e8te des publications de l\u2019ICOM<\/a>, \u00e0 savoir les Nouvelles de l\u2019ICOM, Museum international, les Listes rouges, les publications des Comit\u00e9s internationaux et les actes de conf\u00e9rences.<\/p>\n<p>Le travail effectu\u00e9 par les 34 comit\u00e9s internationaux de l\u2019ICOM vient renforcer le souci de l\u2019ICOM de contribuer \u00e0 la valorisation de la culture et de la connaissance. Les comit\u00e9s internationaux sp\u00e9cialis\u00e9s dans une discipline ou un type de collections concourent aux activit\u00e9s de recherche dans leur domaine respectif au profit de la communaut\u00e9 mus\u00e9ale. Les Comit\u00e9s nationaux et internationaux, les Alliances r\u00e9gionales et les Organisations affili\u00e9es organisent des conf\u00e9rences et des symposiums dans le monde entier autour de th\u00e8mes pr\u00e9d\u00e9finis afin de favoriser les \u00e9changes entre les professionnels de mus\u00e9e de toutes les nationalit\u00e9s. En outre, l\u2019ICOM organise chaque ann\u00e9e la Journ\u00e9e internationale des mus\u00e9es, <b>c\u00e9l\u00e9br\u00e9e le 18 mai<\/b> ou autour de cette date, dans le but de sensibiliser le public au r\u00f4le des mus\u00e9es en tant qu\u2019institutions au service de la soci\u00e9t\u00e9 et de son d\u00e9veloppement.<\/p>\n<p><b> Site internet : <a title=\"Opens external link in new window\" href=\"http:\/\/icom.museum\" target=\"_blank\" rel=\"noopener\">http:\/\/icom.museum<\/a><\/b><\/p>\n<\/div>\n<p><!-- END: Content of extension \"hpo_relatedlink\", plugin \"tx_hporelatedlink_pi1\" --><\/p>\n<\/div>\n<p><!-- CONTENT ELEMENT, uid:18766\/textpic [end] --> <!--TYPO3SEARCH_end--><\/p>\n<\/div>\n","protected":false},"excerpt":{"rendered":"<p>Cr\u00e9\u00e9 en 1946, le Conseil international des mus\u00e9es (ICOM) est l\u2019organisation internationale des mus\u00e9es et des professionnels des mus\u00e9es. L\u2019ICOM s\u2019engage \u00e0 promouvoir et \u00e0 prot\u00e9ger le patrimoine culturel et naturel, actuel et futur, mat\u00e9riel et immat\u00e9riel. Regroupant plus de 57,208\u00a0membres r\u00e9partis dans 138 pays et territoire, l\u2019ICOM constitue un r\u00e9seau de professionnels des mus\u00e9es [&hellip;]<\/p>\n","protected":false},"author":1,"featured_media":0,"parent":155,"menu_order":3,"comment_status":"closed","ping_status":"closed","template":"","meta":{"footnotes":""},"yst_prominent_words":[332,329,331,79,77,87,78,74,459,357,292,330],"acf":[],"_links":{"self":[{"href":"https:\/\/imd.icom.museum\/fr\/wp-json\/wp\/v2\/pages\/172"}],"collection":[{"href":"https:\/\/imd.icom.museum\/fr\/wp-json\/wp\/v2\/pages"}],"about":[{"href":"https:\/\/imd.icom.museum\/fr\/wp-json\/wp\/v2\/types\/page"}],"author":[{"embeddable":true,"href":"https:\/\/imd.icom.museum\/fr\/wp-json\/wp\/v2\/users\/1"}],"replies":[{"embeddable":true,"href":"https:\/\/imd.icom.museum\/fr\/wp-json\/wp\/v2\/comments?post=172"}],"version-history":[{"count":7,"href":"https:\/\/imd.icom.museum\/fr\/wp-json\/wp\/v2\/pages\/172\/revisions"}],"predecessor-version":[{"id":3302,"href":"https:\/\/imd.icom.museum\/fr\/wp-json\/wp\/v2\/pages\/172\/revisions\/3302"}],"up":[{"embeddable":true,"href":"https:\/\/imd.icom.museum\/fr\/wp-json\/wp\/v2\/pages\/155"}],"wp:attachment":[{"href":"https:\/\/imd.icom.museum\/fr\/wp-json\/wp\/v2\/media?parent=172"}],"wp:term":[{"taxonomy":"yst_prominent_words","embeddable":true,"href":"https:\/\/imd.icom.museum\/fr\/wp-json\/wp\/v2\/yst_prominent_words?post=172"}],"curies":[{"name":"wp","href":"https:\/\/api.w.org\/{rel}","templated":true}]}}