{"id":169,"date":"2019-01-07T21:35:23","date_gmt":"2019-01-07T21:35:23","guid":{"rendered":"http:\/\/international-museum-day.icom.cust.oxymium.net\/la-jim\/faq\/"},"modified":"2024-02-07T10:54:39","modified_gmt":"2024-02-07T10:54:39","slug":"faq","status":"publish","type":"page","link":"https:\/\/imd.icom.museum\/fr\/la-jim\/faq\/","title":{"rendered":"FAQ"},"content":{"rendered":"<div id=\"RTE_CONTENT\">\n<p><!--TYPO3SEARCH_begin--> <!-- CONTENT ELEMENT, uid:19450\/textpic [begin] --><\/p>\n<div id=\"c19450\">\n<p><!-- Image block: [begin] --><\/p>\n<div>\n<p><!-- Text: [begin] --><\/p>\n<p><b>Qu\u2019est-ce que la JIM ?<\/b><\/p>\n<p>Journ\u00e9e mondiale des mus\u00e9es a \u00e9t\u00e9 cr\u00e9\u00e9e pour mettre en avant le r\u00f4le des mus\u00e9es dans la soci\u00e9t\u00e9. La JIM a pour but d\u2019attirer tous les publics pour leur pr\u00e9senter un th\u00e8me particulier chaque ann\u00e9e.<\/p>\n<p><b>Quelle est la dur\u00e9e de la JIM ?<\/b><\/p>\n<p>La JIM peut durer le temps d\u2019une journ\u00e9e, d\u2019un week-end ou d\u2019une semaine \u2013 selon l\u2019importance que chaque institution souhaite lui accorder.<\/p>\n<p><b>O\u00f9 se d\u00e9roule la JIM ?<\/b><\/p>\n<p>La JIM n\u2019a pas vocation \u00e0 se tenir dans un seul lieu. L\u2019ICOM invite tous les mus\u00e9es qui souhaitent participer \u00e0 ouvrir leurs portes \u00e0 tous les publics ce jour-l\u00e0.<\/p>\n<p><b>Quel est le th\u00e8me de cette ann\u00e9e ?<\/b><\/p>\n<p>Le th\u00e8me de la JIM est diff\u00e9rent chaque ann\u00e9e. Les mus\u00e9es participants sont invit\u00e9s \u00e0 cr\u00e9er des activit\u00e9s sp\u00e9ciales en relations avec ce th\u00e8me. En 2024, le th\u00e8me est \u00ab <b>Mus\u00e9es, \u00e9ducation et recherche <\/b>\u00bb.<\/p>\n<p><b>Existe-t-il un programme pour la JIM ?<\/b><\/p>\n<p>La JIM n\u2019est pas un \u00e9v\u00e9nement au programme pr\u00e9d\u00e9fini ou ferm\u00e9. Chaque mus\u00e9e est libre de cr\u00e9er une activit\u00e9, un programme ou un cycle d\u2019activit\u00e9s autour du th\u00e8me donn\u00e9 par l\u2019ICOM.<\/p>\n<p><b>O\u00f9 s\u2019inscrire pour cette conf\u00e9rence ? Est-il n\u00e9cessaire de s\u2019inscrire pour participer \u00e0 la JIM ?<\/b><\/p>\n<p>La JIM n\u2019est pas une conf\u00e9rence, bien que le th\u00e8me soit un sujet r\u00e9flexif sur le r\u00f4le du mus\u00e9e dans le d\u00e9veloppement de la soci\u00e9t\u00e9. Aucune inscription n\u2019est n\u00e9cessaire mais les mus\u00e9es peuvent publier (gratuitement) les informations relatives aux activit\u00e9s organis\u00e9es par leur institution sur la carte interactive, disponible sur le site <a title=\"Opens external link in new window\" href=\"http:\/\/imd.icom.museum\" target=\"_blank\" rel=\"noopener\"><b>http:\/\/imd.icom.museum<\/b><\/a><\/p>\n<p><b>A qui l\u2019\u00e9v\u00e9nement est-il destin\u00e9 ? Quel public est vis\u00e9 par cet \u00e9v\u00e9nement ?<\/b><\/p>\n<p>La JIM est un \u00e9v\u00e9nement familial qui a vocation \u00e0 faire venir au mus\u00e9e tous les types de publics. L\u2019universalit\u00e9 et l\u2019acc\u00e8s pour tous est une des valeurs majeures de cet \u00e9v\u00e9nement.<\/p>\n<p><b>Quel est le r\u00f4le du mus\u00e9e lorsqu\u2019il participe ? Que doit pr\u00e9parer un mus\u00e9e qui participe \u00e0 la JIM ?<\/b><\/p>\n<p>Le service communication de l\u2019ICOM fournit l\u2019ensemble des \u00e9l\u00e9ments n\u00e9cessaires pour promouvoir l\u2019\u00e9v\u00e8nement : kit de communication, explication du th\u00e8me, affiche et campagne d\u2019informations sur les r\u00e9seaux sociaux.<\/p>\n<p><b>O\u00f9 est ce que je peux trouver plus d\u2019informations sur la JIM ?<\/b><\/p>\n<p>Toutes les informations concernant la JIM se trouve sur le site internet d\u00e9di\u00e9, <a title=\"Opens external link in new window\" href=\"http:\/\/imd.icom.museum\" target=\"_blank\" rel=\"noopener\"><b>http:\/\/imd.icom.museum<\/b><\/a>, \u00a0sous l\u2019onglet \u00ab JIM 2020 \u00bb. Dans cet onglet vous pouvez t\u00e9l\u00e9charger le kit de communication qui reprend l\u2019explication du th\u00e8me, des exemples d\u2019activit\u00e9s et toutes les informations utiles pour bien pr\u00e9parer cet \u00e9v\u00e9nement.<\/p>\n<p><!-- Text: [end] --><\/p>\n<\/div>\n<p><!-- Image block: [end] --> <!-- BEGIN: Content of extension \"hpo_relatedlink\", plugin \"tx_hporelatedlink_pi1\" --><\/p>\n<div><\/div>\n<p><!-- END: Content of extension \"hpo_relatedlink\", plugin \"tx_hporelatedlink_pi1\" --><\/p>\n<\/div>\n<p><!-- CONTENT ELEMENT, uid:19450\/textpic [end] --> <!--TYPO3SEARCH_end--><\/p>\n<\/div>\n","protected":false},"excerpt":{"rendered":"<p>Qu\u2019est-ce que la JIM ? Journ\u00e9e mondiale des mus\u00e9es a \u00e9t\u00e9 cr\u00e9\u00e9e pour mettre en avant le r\u00f4le des mus\u00e9es dans la soci\u00e9t\u00e9. La JIM a pour but d\u2019attirer tous les publics pour leur pr\u00e9senter un th\u00e8me particulier chaque ann\u00e9e. Quelle est la dur\u00e9e de la JIM ? La JIM peut durer le temps d\u2019une [&hellip;]<\/p>\n","protected":false},"author":1,"featured_media":0,"parent":155,"menu_order":2,"comment_status":"closed","ping_status":"closed","template":"","meta":{"footnotes":""},"yst_prominent_words":[820,79,320,819,823,817,818,317,827,821,318,826,816,86,321,822,34,825,319,824],"acf":[],"_links":{"self":[{"href":"https:\/\/imd.icom.museum\/fr\/wp-json\/wp\/v2\/pages\/169"}],"collection":[{"href":"https:\/\/imd.icom.museum\/fr\/wp-json\/wp\/v2\/pages"}],"about":[{"href":"https:\/\/imd.icom.museum\/fr\/wp-json\/wp\/v2\/types\/page"}],"author":[{"embeddable":true,"href":"https:\/\/imd.icom.museum\/fr\/wp-json\/wp\/v2\/users\/1"}],"replies":[{"embeddable":true,"href":"https:\/\/imd.icom.museum\/fr\/wp-json\/wp\/v2\/comments?post=169"}],"version-history":[{"count":6,"href":"https:\/\/imd.icom.museum\/fr\/wp-json\/wp\/v2\/pages\/169\/revisions"}],"predecessor-version":[{"id":2903,"href":"https:\/\/imd.icom.museum\/fr\/wp-json\/wp\/v2\/pages\/169\/revisions\/2903"}],"up":[{"embeddable":true,"href":"https:\/\/imd.icom.museum\/fr\/wp-json\/wp\/v2\/pages\/155"}],"wp:attachment":[{"href":"https:\/\/imd.icom.museum\/fr\/wp-json\/wp\/v2\/media?parent=169"}],"wp:term":[{"taxonomy":"yst_prominent_words","embeddable":true,"href":"https:\/\/imd.icom.museum\/fr\/wp-json\/wp\/v2\/yst_prominent_words?post=169"}],"curies":[{"name":"wp","href":"https:\/\/api.w.org\/{rel}","templated":true}]}}