{"id":166,"date":"2019-01-07T21:35:18","date_gmt":"2019-01-07T21:35:18","guid":{"rendered":"http:\/\/international-museum-day.icom.cust.oxymium.net\/la-jim\/un-rappel-historique\/"},"modified":"2021-02-01T10:29:36","modified_gmt":"2021-02-01T10:29:36","slug":"un-rappel-historique","status":"publish","type":"page","link":"https:\/\/imd.icom.museum\/fr\/la-jim\/un-rappel-historique\/","title":{"rendered":"Un rappel historique"},"content":{"rendered":"<div id=\"RTE_CONTENT\">\n<p><!--TYPO3SEARCH_begin--> <!-- CONTENT ELEMENT, uid:18763\/textpic [begin] --><\/p>\n<div id=\"c18763\">\n<p><!-- Image block: [begin] --><\/p>\n<div>\n<p><!-- Text: [begin] --><\/p>\n<p><img decoding=\"async\" loading=\"lazy\" class=\"alignnone size-medium wp-image-579\" src=\"http:\/\/imd.mini.icom.museum\/wp-content\/uploads\/sites\/54\/2019\/01\/imd_mexico-300x200.jpg\" alt=\"\" width=\"300\" height=\"200\" srcset=\"https:\/\/imd.icom.museum\/wp-content\/uploads\/sites\/54\/2019\/01\/imd_mexico-300x200.jpg 300w, https:\/\/imd.icom.museum\/wp-content\/uploads\/sites\/54\/2019\/01\/imd_mexico-768x512.jpg 768w, https:\/\/imd.icom.museum\/wp-content\/uploads\/sites\/54\/2019\/01\/imd_mexico.jpg 1000w\" sizes=\"(max-width: 300px) 100vw, 300px\" \/><\/p>\n<p><strong>La croisade des mus\u00e9es <\/strong><br \/>\nAvant de cr\u00e9er officiellement la Journ\u00e9e internationale des mus\u00e9es, d\u00e8s 1951 l\u2019ICOM r\u00e9unissait la communaut\u00e9 mus\u00e9ale internationale autour d\u2019une r\u00e9union sous le signe d\u2019une campagne intitul\u00e9e La croisade des mus\u00e9es, pour \u00e9changer autour du th\u00e8me \u00ab\u00a0Mus\u00e9es et \u00e9ducation\u00a0\u00bb. L\u2019id\u00e9e de la Journ\u00e9e internationale des mus\u00e9es fut inspir\u00e9e par l\u2019id\u00e9e d\u2019accessibilit\u00e9 au mus\u00e9e d\u00e9velopp\u00e9e lors de cette r\u00e9union.<\/p>\n<p><strong>La r\u00e9solution de 1977<\/strong><br \/>\nLa Journ\u00e9e internationale des mus\u00e9es a \u00e9t\u00e9 officiellement cr\u00e9\u00e9e en 1977 avec l\u2019adoption de la r\u00e9solution lors de l\u2019<a title=\"Opens external link in new window\" href=\"http:\/\/icom.museum\/la-gouvernance\/assemblee-generale\/resolutions\/moscow-1977\/L\/2\/\" target=\"_blank\" rel=\"noopener\">Assembl\u00e9e g\u00e9n\u00e9rale de l\u2019ICOM \u00e0 Moscou<\/a>, Russie, qui statuait sur la cr\u00e9ation d\u2019une manifestation annuelle \u00ab\u00a0dans le but d\u2019harmoniser les aspirations cr\u00e9atrices et les efforts des mus\u00e9es et d\u2019attirer l\u2019attention de l\u2019opinion mondiale sur leur activit\u00e9.\u00a0\u00bb La Journ\u00e9e internationale des mus\u00e9es a \u00e9t\u00e9 con\u00e7ue pour transmettre le message que \u00ab\u00a0les mus\u00e9es sont un moyen important d\u2019\u00e9changes culturels, d\u2019enrichissement des cultures, du d\u00e9veloppement de la compr\u00e9hension mutuelle, de la coop\u00e9ration et de la paix entre les peuples.\u00a0\u00bb<\/p>\n<p><strong>F\u00e9d\u00e9rer la communaut\u00e9 autour d\u2019un th\u00e8me <\/strong><br \/>\nParce que cette manifestation f\u00e9d\u00e8re de plus en plus de mus\u00e9es, et pour favoriser davantage la diversit\u00e9 dans l\u2019unit\u00e9, en 1992, l\u2019ICOM propose pour la premi\u00e8re fois un th\u00e8me : <i><b><a href=\"http:\/\/network.icom.museum\/fileadmin\/user_upload\/pdf\/imd\/1992\/1993-2_fr.pdf\" target=\"_blank\" rel=\"noopener\">Mus\u00e9es et environnement<\/a><\/b><\/i>.<\/p>\n<p><img decoding=\"async\" loading=\"lazy\" class=\"alignnone size-medium wp-image-539\" src=\"http:\/\/imd.mini.icom.museum\/wp-content\/uploads\/sites\/54\/2019\/01\/DdRhYu3XkAACGSc-300x200.jpg\" alt=\"\" width=\"300\" height=\"200\" srcset=\"https:\/\/imd.icom.museum\/wp-content\/uploads\/sites\/54\/2019\/01\/DdRhYu3XkAACGSc-300x200.jpg 300w, https:\/\/imd.icom.museum\/wp-content\/uploads\/sites\/54\/2019\/01\/DdRhYu3XkAACGSc-768x512.jpg 768w, https:\/\/imd.icom.museum\/wp-content\/uploads\/sites\/54\/2019\/01\/DdRhYu3XkAACGSc-1024x683.jpg 1024w, https:\/\/imd.icom.museum\/wp-content\/uploads\/sites\/54\/2019\/01\/DdRhYu3XkAACGSc.jpg 1200w\" sizes=\"(max-width: 300px) 100vw, 300px\" \/><\/p>\n<p><strong>Cr\u00e9er une identit\u00e9 universelle<\/strong><br \/>\nEn 1997, l\u2019ICOM lance la premi\u00e8re affiche officielle de l\u2019\u00e9v\u00e9nement autour du th\u00e8me de la lutte contre le trafic illicite des biens culturels. L\u2019affiche est adapt\u00e9e par 28 pays.<\/p>\n<p><strong>Renforcer la communication <\/strong><br \/>\nL\u2019ann\u00e9e 2011 marque un tournant pour la manifestation et apporte son lot de nouveaut\u00e9s\u00a0: partenaires institutionnels, site internet et kit de communication. Pour la premi\u00e8re fois, l\u2019ICOM patronne la Nuit europ\u00e9enne des mus\u00e9es, un \u00e9v\u00e9nement qui a lieu chaque ann\u00e9e le samedi le plus proche du 18 mai.<\/p>\n<p><!-- Text: [end] --><\/p>\n<\/div>\n<p><!-- Image block: [end] --> <!-- BEGIN: Content of extension \"hpo_relatedlink\", plugin \"tx_hporelatedlink_pi1\" --><\/p>\n<div><img decoding=\"async\" loading=\"lazy\" class=\"alignnone size-medium wp-image-595\" src=\"http:\/\/imd.mini.icom.museum\/wp-content\/uploads\/sites\/54\/2019\/01\/18815337_1335833439834983_7976153130994721927_o-300x200.jpg\" alt=\"\" width=\"300\" height=\"200\" srcset=\"https:\/\/imd.icom.museum\/wp-content\/uploads\/sites\/54\/2019\/01\/18815337_1335833439834983_7976153130994721927_o-300x200.jpg 300w, https:\/\/imd.icom.museum\/wp-content\/uploads\/sites\/54\/2019\/01\/18815337_1335833439834983_7976153130994721927_o-768x512.jpg 768w, https:\/\/imd.icom.museum\/wp-content\/uploads\/sites\/54\/2019\/01\/18815337_1335833439834983_7976153130994721927_o.jpg 994w\" sizes=\"(max-width: 300px) 100vw, 300px\" \/><\/div>\n<p><!-- END: Content of extension \"hpo_relatedlink\", plugin \"tx_hporelatedlink_pi1\" --><\/p>\n<\/div>\n<p><!-- CONTENT ELEMENT, uid:18763\/textpic [end] --> <!--TYPO3SEARCH_end--><\/p>\n<\/div>\n","protected":false},"excerpt":{"rendered":"<p>La croisade des mus\u00e9es Avant de cr\u00e9er officiellement la Journ\u00e9e internationale des mus\u00e9es, d\u00e8s 1951 l\u2019ICOM r\u00e9unissait la communaut\u00e9 mus\u00e9ale internationale autour d\u2019une r\u00e9union sous le signe d\u2019une campagne intitul\u00e9e La croisade des mus\u00e9es, pour \u00e9changer autour du th\u00e8me \u00ab\u00a0Mus\u00e9es et \u00e9ducation\u00a0\u00bb. L\u2019id\u00e9e de la Journ\u00e9e internationale des mus\u00e9es fut inspir\u00e9e par l\u2019id\u00e9e d\u2019accessibilit\u00e9 au [&hellip;]<\/p>\n","protected":false},"author":1,"featured_media":0,"parent":155,"menu_order":1,"comment_status":"closed","ping_status":"closed","template":"","meta":{"footnotes":""},"yst_prominent_words":[373,372,79,77,370,74,367,81,76,73,371,368,80,75,72,71,376,375,369,374],"acf":[],"_links":{"self":[{"href":"https:\/\/imd.icom.museum\/fr\/wp-json\/wp\/v2\/pages\/166"}],"collection":[{"href":"https:\/\/imd.icom.museum\/fr\/wp-json\/wp\/v2\/pages"}],"about":[{"href":"https:\/\/imd.icom.museum\/fr\/wp-json\/wp\/v2\/types\/page"}],"author":[{"embeddable":true,"href":"https:\/\/imd.icom.museum\/fr\/wp-json\/wp\/v2\/users\/1"}],"replies":[{"embeddable":true,"href":"https:\/\/imd.icom.museum\/fr\/wp-json\/wp\/v2\/comments?post=166"}],"version-history":[{"count":6,"href":"https:\/\/imd.icom.museum\/fr\/wp-json\/wp\/v2\/pages\/166\/revisions"}],"predecessor-version":[{"id":2071,"href":"https:\/\/imd.icom.museum\/fr\/wp-json\/wp\/v2\/pages\/166\/revisions\/2071"}],"up":[{"embeddable":true,"href":"https:\/\/imd.icom.museum\/fr\/wp-json\/wp\/v2\/pages\/155"}],"wp:attachment":[{"href":"https:\/\/imd.icom.museum\/fr\/wp-json\/wp\/v2\/media?parent=166"}],"wp:term":[{"taxonomy":"yst_prominent_words","embeddable":true,"href":"https:\/\/imd.icom.museum\/fr\/wp-json\/wp\/v2\/yst_prominent_words?post=166"}],"curies":[{"name":"wp","href":"https:\/\/api.w.org\/{rel}","templated":true}]}}