{"id":163,"date":"2019-01-07T21:35:14","date_gmt":"2019-01-07T21:35:14","guid":{"rendered":"http:\/\/international-museum-day.icom.cust.oxymium.net\/la-jim\/la-jim-en-bref\/"},"modified":"2024-02-07T10:48:01","modified_gmt":"2024-02-07T10:48:01","slug":"la-jim-en-bref","status":"publish","type":"page","link":"https:\/\/imd.icom.museum\/fr\/la-jim\/la-jim-en-bref\/","title":{"rendered":"La JIM en bref"},"content":{"rendered":"<div id=\"RTE_CONTENT\">\n<p><!--TYPO3SEARCH_begin--> <!-- CONTENT ELEMENT, uid:18760\/text [begin] --><\/p>\n<div id=\"c18760\">\n<p><!-- Text: [begin] --><\/p>\n<p>Chaque ann\u00e9e depuis 1977, l\u2019ICOM organise la Journ\u00e9e internationale des mus\u00e9es (JIM), un moment unique pour la communaut\u00e9 internationale des mus\u00e9es. Ce jour-l\u00e0, les mus\u00e9es qui participent \u00e0 la c\u00e9l\u00e9bration de cette journ\u00e9e organisent des manifestations et des activit\u00e9s li\u00e9es au th\u00e8me de la Journ\u00e9e internationale des mus\u00e9es, nouent le dialogue avec le public et soulignent ainsi l\u2019importance du r\u00f4le des mus\u00e9es en tant qu\u2019institutions au service de la soci\u00e9t\u00e9 et de son d\u00e9veloppement.<\/p>\n<p>Traditionnellement, la Journ\u00e9e internationale des mus\u00e9es s\u2019organise le 18 mai ou autour du 18 mai. Les activit\u00e9s organis\u00e9es dans ce cadre peuvent durer une journ\u00e9e, un week-end ou une semaine, l\u2019objectif \u00e9tant de se r\u00e9unir au mus\u00e9e avec pour devise \u00ab les mus\u00e9es, moyen important d\u2019\u00e9changes culturels, d\u2019enrichissement des cultures, du d\u00e9veloppement de la compr\u00e9hension mutuelle, de la coop\u00e9ration et de la paix entre les peuples \u00bb.<\/p>\n<p>La Journ\u00e9e internationale des mus\u00e9es f\u00e9d\u00e8re de plus en plus de mus\u00e9es \u00e0 travers le monde. En 2021, la c\u00e9l\u00e9bration a amplifi\u00e9 son impact par le d\u00e9veloppement d&#8217;activit\u00e9s hybrides dans le monde entier, touchant 89 millions d&#8217;internautes par le biais des m\u00e9dias sociaux, d&#8217;articles d&#8217;actualit\u00e9, de billets de blog, de podcasts et plus encore !<\/p>\n<p><img decoding=\"async\" loading=\"lazy\" class=\"alignnone size-full wp-image-2285\" src=\"https:\/\/imd.icom.museum\/wp-content\/uploads\/sites\/54\/2022\/01\/cropped-IMD-poster-small-1.jpg\" alt=\"\" width=\"720\" height=\"720\" srcset=\"https:\/\/imd.icom.museum\/wp-content\/uploads\/sites\/54\/2022\/01\/cropped-IMD-poster-small-1.jpg 720w, https:\/\/imd.icom.museum\/wp-content\/uploads\/sites\/54\/2022\/01\/cropped-IMD-poster-small-1-300x300.jpg 300w, https:\/\/imd.icom.museum\/wp-content\/uploads\/sites\/54\/2022\/01\/cropped-IMD-poster-small-1-150x150.jpg 150w\" sizes=\"(max-width: 720px) 100vw, 720px\" \/><\/p>\n<p><img decoding=\"async\" loading=\"lazy\" class=\"alignnone size-large wp-image-2897\" src=\"https:\/\/imd.icom.museum\/wp-content\/uploads\/sites\/54\/2024\/02\/Cartell_DIM2022_EDITABLE_01-1_page-0001-724x1024.jpg\" alt=\"\" width=\"724\" height=\"1024\" srcset=\"https:\/\/imd.icom.museum\/wp-content\/uploads\/sites\/54\/2024\/02\/Cartell_DIM2022_EDITABLE_01-1_page-0001-724x1024.jpg 724w, https:\/\/imd.icom.museum\/wp-content\/uploads\/sites\/54\/2024\/02\/Cartell_DIM2022_EDITABLE_01-1_page-0001-212x300.jpg 212w, https:\/\/imd.icom.museum\/wp-content\/uploads\/sites\/54\/2024\/02\/Cartell_DIM2022_EDITABLE_01-1_page-0001-768x1086.jpg 768w, https:\/\/imd.icom.museum\/wp-content\/uploads\/sites\/54\/2024\/02\/Cartell_DIM2022_EDITABLE_01-1_page-0001-1086x1536.jpg 1086w, https:\/\/imd.icom.museum\/wp-content\/uploads\/sites\/54\/2024\/02\/Cartell_DIM2022_EDITABLE_01-1_page-0001-1448x2048.jpg 1448w, https:\/\/imd.icom.museum\/wp-content\/uploads\/sites\/54\/2024\/02\/Cartell_DIM2022_EDITABLE_01-1_page-0001.jpg 1754w\" sizes=\"(max-width: 724px) 100vw, 724px\" \/><\/p>\n<p><img decoding=\"async\" loading=\"lazy\" class=\"alignnone size-large wp-image-2894\" src=\"https:\/\/imd.icom.museum\/wp-content\/uploads\/sites\/54\/2024\/02\/International-Museum-Day-2022-shangahi-1024x630.jpg\" alt=\"\" width=\"1024\" height=\"630\" srcset=\"https:\/\/imd.icom.museum\/wp-content\/uploads\/sites\/54\/2024\/02\/International-Museum-Day-2022-shangahi-1024x630.jpg 1024w, https:\/\/imd.icom.museum\/wp-content\/uploads\/sites\/54\/2024\/02\/International-Museum-Day-2022-shangahi-300x185.jpg 300w, https:\/\/imd.icom.museum\/wp-content\/uploads\/sites\/54\/2024\/02\/International-Museum-Day-2022-shangahi-768x473.jpg 768w, https:\/\/imd.icom.museum\/wp-content\/uploads\/sites\/54\/2024\/02\/International-Museum-Day-2022-shangahi.jpg 1386w\" sizes=\"(max-width: 1024px) 100vw, 1024px\" \/><\/p>\n<p><!-- Text: [end] --> <!-- BEGIN: Content of extension \"hpo_relatedlink\", plugin \"tx_hporelatedlink_pi1\" --><\/p>\n<div><\/div>\n<p><!-- END: Content of extension \"hpo_relatedlink\", plugin \"tx_hporelatedlink_pi1\" --><\/p>\n<\/div>\n<p><!-- CONTENT ELEMENT, uid:18760\/text [end] --> <!--TYPO3SEARCH_end--><\/p>\n<\/div>\n","protected":false},"excerpt":{"rendered":"<p>Chaque ann\u00e9e depuis 1977, l\u2019ICOM organise la Journ\u00e9e internationale des mus\u00e9es (JIM), un moment unique pour la communaut\u00e9 internationale des mus\u00e9es. Ce jour-l\u00e0, les mus\u00e9es qui participent \u00e0 la c\u00e9l\u00e9bration de cette journ\u00e9e organisent des manifestations et des activit\u00e9s li\u00e9es au th\u00e8me de la Journ\u00e9e internationale des mus\u00e9es, nouent le dialogue avec le public et [&hellip;]<\/p>\n","protected":false},"author":1,"featured_media":0,"parent":155,"menu_order":0,"comment_status":"closed","ping_status":"closed","template":"","meta":{"footnotes":""},"yst_prominent_words":[88,82,79,85,77,87,78,74,81,76,73,83,80,75,72,71,478,86,84],"acf":[],"_links":{"self":[{"href":"https:\/\/imd.icom.museum\/fr\/wp-json\/wp\/v2\/pages\/163"}],"collection":[{"href":"https:\/\/imd.icom.museum\/fr\/wp-json\/wp\/v2\/pages"}],"about":[{"href":"https:\/\/imd.icom.museum\/fr\/wp-json\/wp\/v2\/types\/page"}],"author":[{"embeddable":true,"href":"https:\/\/imd.icom.museum\/fr\/wp-json\/wp\/v2\/users\/1"}],"replies":[{"embeddable":true,"href":"https:\/\/imd.icom.museum\/fr\/wp-json\/wp\/v2\/comments?post=163"}],"version-history":[{"count":15,"href":"https:\/\/imd.icom.museum\/fr\/wp-json\/wp\/v2\/pages\/163\/revisions"}],"predecessor-version":[{"id":2900,"href":"https:\/\/imd.icom.museum\/fr\/wp-json\/wp\/v2\/pages\/163\/revisions\/2900"}],"up":[{"embeddable":true,"href":"https:\/\/imd.icom.museum\/fr\/wp-json\/wp\/v2\/pages\/155"}],"wp:attachment":[{"href":"https:\/\/imd.icom.museum\/fr\/wp-json\/wp\/v2\/media?parent=163"}],"wp:term":[{"taxonomy":"yst_prominent_words","embeddable":true,"href":"https:\/\/imd.icom.museum\/fr\/wp-json\/wp\/v2\/yst_prominent_words?post=163"}],"curies":[{"name":"wp","href":"https:\/\/api.w.org\/{rel}","templated":true}]}}