{"id":1272,"date":"2020-01-31T10:29:31","date_gmt":"2020-01-31T10:29:31","guid":{"rendered":"http:\/\/imd.mini.icom.museum\/?page_id=1272"},"modified":"2020-04-16T14:41:37","modified_gmt":"2020-04-16T14:41:37","slug":"2019-les-musees-plateformes-culturelles-lavenir-de-la-tradition","status":"publish","type":"page","link":"https:\/\/imd.icom.museum\/fr\/editions-precedentes\/2019-les-musees-plateformes-culturelles-lavenir-de-la-tradition\/","title":{"rendered":"2019 &#8211; Les mus\u00e9es, plateformes culturelles : l\u2019avenir de la tradition"},"content":{"rendered":"<p>Le th\u00e8me choisi pour la JIM 2019 a \u00e9t\u00e9<strong> \u00ab<\/strong> <strong>Les mus\u00e9es, plateformes culturelles : l&#8217;avenir de la tradition\u00a0\u00bb<\/strong>.<\/p>\n<p>Le r\u00f4le des mus\u00e9es dans la soci\u00e9t\u00e9 \u00e9volue. Les mus\u00e9es se r\u00e9inventent constamment pour devenir toujours plus interactifs, ax\u00e9s sur le public, ax\u00e9s sur leur communaut\u00e9, flexibles, adaptables et mobiles. <strong>Ils sont devenus des centres culturels fonctionnant comme des plateformes o\u00f9 la cr\u00e9ativit\u00e9 se combine au savoir et o\u00f9 les visiteurs peuvent \u00e9galement cr\u00e9er, partager et interagir.<\/strong><\/p>\n<p><img decoding=\"async\" loading=\"lazy\" class=\"aligncenter wp-image-1273 size-full\" src=\"https:\/\/imd.icom.museum\/wp-content\/uploads\/sites\/54\/2020\/01\/IMD2019-affiche-francais-light.jpg\" alt=\"\" width=\"1077\" height=\"1616\" srcset=\"https:\/\/imd.icom.museum\/wp-content\/uploads\/sites\/54\/2020\/01\/IMD2019-affiche-francais-light.jpg 1077w, https:\/\/imd.icom.museum\/wp-content\/uploads\/sites\/54\/2020\/01\/IMD2019-affiche-francais-light-200x300.jpg 200w, https:\/\/imd.icom.museum\/wp-content\/uploads\/sites\/54\/2020\/01\/IMD2019-affiche-francais-light-768x1152.jpg 768w, https:\/\/imd.icom.museum\/wp-content\/uploads\/sites\/54\/2020\/01\/IMD2019-affiche-francais-light-682x1024.jpg 682w\" sizes=\"(max-width: 1077px) 100vw, 1077px\" \/><\/p>\n<p>Tout en pr\u00e9servant leurs missions premi\u00e8res \u2013 collecte, conservation, communication, recherche, exposition \u2013 les mus\u00e9es ont transform\u00e9 leurs pratiques pour rester plus proches des communaut\u00e9s qu\u2019ils servent. Aujourd\u2019hui, ils recherchent des moyens novateurs de s\u2019attaquer aux probl\u00e8mes sociaux et aux conflits contemporains. En agissant localement, les mus\u00e9es peuvent \u00e9galement d\u00e9fendre et att\u00e9nuer les probl\u00e8mes mondiaux en s\u2019effor\u00e7ant de relever les d\u00e9fis de la soci\u00e9t\u00e9 actuelle de mani\u00e8re proactive. En tant qu\u2019institutions au c\u0153ur de la soci\u00e9t\u00e9, elles ont le pouvoir d\u2019instaurer un dialogue entre les cultures, de jeter des ponts pour un monde pacifique et de d\u00e9finir un avenir durable.<\/p>\n<p><img decoding=\"async\" loading=\"lazy\" class=\"aligncenter wp-image-1251 size-full\" src=\"http:\/\/imd.mini.icom.museum\/wp-content\/uploads\/sites\/54\/2020\/01\/Happy-IMD-ES-e1580466485421.png\" alt=\"\" width=\"567\" height=\"351\" srcset=\"https:\/\/imd.icom.museum\/wp-content\/uploads\/sites\/54\/2020\/01\/Happy-IMD-ES-e1580466485421.png 567w, https:\/\/imd.icom.museum\/wp-content\/uploads\/sites\/54\/2020\/01\/Happy-IMD-ES-e1580466485421-300x186.png 300w\" sizes=\"(max-width: 567px) 100vw, 567px\" \/><\/p>\n<p>Au fur et \u00e0 mesure que les mus\u00e9es jouent un r\u00f4le de plus en plus importants en tant que p\u00f4les culturels, ils trouvent \u00e9galement de nouveaux moyens d\u2019honorer leurs collections, leurs histoires et leurs h\u00e9ritages, cr\u00e9ant ainsi des traditions qui auront de nouvelles significations pour les g\u00e9n\u00e9rations futures et une pertinence pour un public contemporain de plus en plus diversifi\u00e9 au niveau mondial. Cette transformation, qui aura un impact profond sur la th\u00e9orie et la pratique des mus\u00e9es, oblige \u00e9galement les professionnels des mus\u00e9es \u00e0 repenser la valeur des mus\u00e9es et \u00e0 remettre en question les fronti\u00e8res \u00e9thiques qui d\u00e9finissent la nature m\u00eame de leur travail.<\/p>\n<p><img decoding=\"async\" loading=\"lazy\" class=\"aligncenter wp-image-1263 size-full\" src=\"https:\/\/imd.icom.museum\/wp-content\/uploads\/sites\/54\/2020\/01\/Culloden-Scotland.jpg\" alt=\"\" width=\"1554\" height=\"1032\" srcset=\"https:\/\/imd.icom.museum\/wp-content\/uploads\/sites\/54\/2020\/01\/Culloden-Scotland.jpg 1554w, https:\/\/imd.icom.museum\/wp-content\/uploads\/sites\/54\/2020\/01\/Culloden-Scotland-300x199.jpg 300w, https:\/\/imd.icom.museum\/wp-content\/uploads\/sites\/54\/2020\/01\/Culloden-Scotland-768x510.jpg 768w, https:\/\/imd.icom.museum\/wp-content\/uploads\/sites\/54\/2020\/01\/Culloden-Scotland-1024x680.jpg 1024w\" sizes=\"(max-width: 1554px) 100vw, 1554px\" \/><\/p>\n<p>\u00c0 la fois point focal de la communaut\u00e9 et partie int\u00e9grante d\u2019un r\u00e9seau mondial, les mus\u00e9es offrent une plateforme permettant de traduire les besoins et les points de vue des communaut\u00e9s locales dans un contexte mondial.<\/p>\n<p><img decoding=\"async\" loading=\"lazy\" class=\"wp-image-1602 aligncenter\" src=\"https:\/\/imd.icom.museum\/wp-content\/uploads\/sites\/54\/2020\/04\/Schermata-2020-04-16-alle-12.51.40-214x300.png\" alt=\"\" width=\"329\" height=\"461\" srcset=\"https:\/\/imd.icom.museum\/wp-content\/uploads\/sites\/54\/2020\/04\/Schermata-2020-04-16-alle-12.51.40-214x300.png 214w, https:\/\/imd.icom.museum\/wp-content\/uploads\/sites\/54\/2020\/04\/Schermata-2020-04-16-alle-12.51.40-768x1077.png 768w, https:\/\/imd.icom.museum\/wp-content\/uploads\/sites\/54\/2020\/04\/Schermata-2020-04-16-alle-12.51.40-730x1024.png 730w, https:\/\/imd.icom.museum\/wp-content\/uploads\/sites\/54\/2020\/04\/Schermata-2020-04-16-alle-12.51.40.png 853w\" sizes=\"(max-width: 329px) 100vw, 329px\" \/><\/p>\n<p><img decoding=\"async\" loading=\"lazy\" class=\"aligncenter wp-image-1260 size-full\" src=\"https:\/\/imd.icom.museum\/wp-content\/uploads\/sites\/54\/2020\/01\/Children-Museum-Roma.jpg\" alt=\"\" width=\"635\" height=\"417\" srcset=\"https:\/\/imd.icom.museum\/wp-content\/uploads\/sites\/54\/2020\/01\/Children-Museum-Roma.jpg 635w, https:\/\/imd.icom.museum\/wp-content\/uploads\/sites\/54\/2020\/01\/Children-Museum-Roma-300x197.jpg 300w\" sizes=\"(max-width: 635px) 100vw, 635px\" \/><\/p>\n<p><img decoding=\"async\" loading=\"lazy\" class=\"aligncenter wp-image-1266 size-full\" src=\"https:\/\/imd.icom.museum\/wp-content\/uploads\/sites\/54\/2020\/01\/Kenya-Uhuru-Gardens-Museum-3.jpg\" alt=\"\" width=\"800\" height=\"1200\" srcset=\"https:\/\/imd.icom.museum\/wp-content\/uploads\/sites\/54\/2020\/01\/Kenya-Uhuru-Gardens-Museum-3.jpg 800w, https:\/\/imd.icom.museum\/wp-content\/uploads\/sites\/54\/2020\/01\/Kenya-Uhuru-Gardens-Museum-3-200x300.jpg 200w, https:\/\/imd.icom.museum\/wp-content\/uploads\/sites\/54\/2020\/01\/Kenya-Uhuru-Gardens-Museum-3-768x1152.jpg 768w, https:\/\/imd.icom.museum\/wp-content\/uploads\/sites\/54\/2020\/01\/Kenya-Uhuru-Gardens-Museum-3-683x1024.jpg 683w\" sizes=\"(max-width: 800px) 100vw, 800px\" \/><\/p>\n<p><img decoding=\"async\" loading=\"lazy\" class=\"aligncenter wp-image-1269 size-full\" src=\"https:\/\/imd.icom.museum\/wp-content\/uploads\/sites\/54\/2020\/01\/Dublin-2-Copie.jpg\" alt=\"\" width=\"633\" height=\"420\" srcset=\"https:\/\/imd.icom.museum\/wp-content\/uploads\/sites\/54\/2020\/01\/Dublin-2-Copie.jpg 633w, https:\/\/imd.icom.museum\/wp-content\/uploads\/sites\/54\/2020\/01\/Dublin-2-Copie-300x199.jpg 300w\" sizes=\"(max-width: 633px) 100vw, 633px\" \/><\/p>\n","protected":false},"excerpt":{"rendered":"<p>Le th\u00e8me choisi pour la JIM 2019 a \u00e9t\u00e9 \u00ab Les mus\u00e9es, plateformes culturelles : l&#8217;avenir de la tradition\u00a0\u00bb. Le r\u00f4le des mus\u00e9es dans la soci\u00e9t\u00e9 \u00e9volue. Les mus\u00e9es se r\u00e9inventent constamment pour devenir toujours plus interactifs, ax\u00e9s sur le public, ax\u00e9s sur leur communaut\u00e9, flexibles, adaptables et mobiles. Ils sont devenus des centres culturels [&hellip;]<\/p>\n","protected":false},"author":1,"featured_media":0,"parent":604,"menu_order":5,"comment_status":"closed","ping_status":"closed","template":"","meta":{"footnotes":""},"yst_prominent_words":[564,79,209,569,211,208,566,77,215,571,214,568,213,86,565,570,212,231,567,236],"acf":[],"_links":{"self":[{"href":"https:\/\/imd.icom.museum\/fr\/wp-json\/wp\/v2\/pages\/1272"}],"collection":[{"href":"https:\/\/imd.icom.museum\/fr\/wp-json\/wp\/v2\/pages"}],"about":[{"href":"https:\/\/imd.icom.museum\/fr\/wp-json\/wp\/v2\/types\/page"}],"author":[{"embeddable":true,"href":"https:\/\/imd.icom.museum\/fr\/wp-json\/wp\/v2\/users\/1"}],"replies":[{"embeddable":true,"href":"https:\/\/imd.icom.museum\/fr\/wp-json\/wp\/v2\/comments?post=1272"}],"version-history":[{"count":7,"href":"https:\/\/imd.icom.museum\/fr\/wp-json\/wp\/v2\/pages\/1272\/revisions"}],"predecessor-version":[{"id":1677,"href":"https:\/\/imd.icom.museum\/fr\/wp-json\/wp\/v2\/pages\/1272\/revisions\/1677"}],"up":[{"embeddable":true,"href":"https:\/\/imd.icom.museum\/fr\/wp-json\/wp\/v2\/pages\/604"}],"wp:attachment":[{"href":"https:\/\/imd.icom.museum\/fr\/wp-json\/wp\/v2\/media?parent=1272"}],"wp:term":[{"taxonomy":"yst_prominent_words","embeddable":true,"href":"https:\/\/imd.icom.museum\/fr\/wp-json\/wp\/v2\/yst_prominent_words?post=1272"}],"curies":[{"name":"wp","href":"https:\/\/api.w.org\/{rel}","templated":true}]}}