{"id":1058,"date":"2019-04-30T15:00:44","date_gmt":"2019-04-30T15:00:44","guid":{"rendered":"http:\/\/imd.mini.icom.museum\/?page_id=1058"},"modified":"2024-03-12T09:41:03","modified_gmt":"2024-03-12T09:41:03","slug":"musees-organisez-votre-journee","status":"publish","type":"page","link":"https:\/\/imd.icom.museum\/fr\/journee-internationale-des-musees-2023\/musees-organisez-votre-journee\/","title":{"rendered":"Mus\u00e9es, organisez votre JIM"},"content":{"rendered":"<h2>Pour assurer le succ\u00e8s de la Journ\u00e9e internationale des mus\u00e9es, nous avons besoin de votre aide !<\/h2>\n<p>Vous \u00eates les ambassadeurs de la Journ\u00e9e internationale des mus\u00e9es. Gr\u00e2ce aux activit\u00e9s que vous organisez et aux liens solides que vous d\u00e9veloppez avec votre public, cet \u00e9v\u00e9nement continue d&#8217;\u00eatre un succ\u00e8s ann\u00e9e apr\u00e8s ann\u00e9e. En plus des activit\u00e9s que vous pr\u00e9voyez, votre participation \u00e0 la Journ\u00e9e internationale des mus\u00e9es est l&#8217;occasion pour vous de :<\/p>\n<ul>\n<li><strong>R\u00e9aliser des partenariats<\/strong> avec des \u00e9coles, des associations, des biblioth\u00e8ques, d&#8217;autres mus\u00e9es, etc. pour promouvoir votre \u00e9v\u00e9nement et renforcer vos liens avec des organisations ayant des objectifs similaires ;<\/li>\n<li><strong>D\u00e9fendre<\/strong> le r\u00f4le des mus\u00e9es dans nos soci\u00e9t\u00e9s en faisant conna\u00eetre aux autorit\u00e9s locales, r\u00e9gionales et nationales vos activit\u00e9s et pourquoi elles sont importantes pour le grand public ;<\/li>\n<li><strong>Diffuser des informations<\/strong> sur la Journ\u00e9e Internationale des Mus\u00e9es \u00e0 travers la presse locale, vos r\u00e9seaux sociaux et votre site Web ;<\/li>\n<li><strong>Gagner en visibilit\u00e9 internationale<\/strong> pour vos activit\u00e9s en partageant des informations sur vos \u00e9v\u00e9nements de la Journ\u00e9e internationale des mus\u00e9es avec l&#8217;ICOM, ce qui nous permet de les diffuser \u00e0 travers notre r\u00e9seau et au-del\u00e0.<\/li>\n<\/ul>\n<p><em>Regardez la bo\u00eete \u00e0 outils IMD 2024 !<\/em><\/p>\n<div style=\"position: relative; width: 100%; height: 0; padding-top: 56.2500%; padding-bottom: 0; box-shadow: 0 2px 8px 0 rgba(63,69,81,0.16); margin-top: 1.6em; margin-bottom: 0.9em; overflow: hidden; border-radius: 8px; will-change: transform;\"><iframe style=\"position: absolute; width: 100%; height: 100%; top: 0; left: 0; border: none; padding: 0; margin: 0;\" src=\"https:\/\/www.canva.com\/design\/DAF-LRhCWzs\/UZp9OKMo40VRTFxt1ADiOQ\/view?embed\" allowfullscreen=\"allowfullscreen\"><br \/>\n<\/iframe><\/div>\n<p><a href=\"https:\/\/www.canva.com\/design\/DAF-LRhCWzs\/UZp9OKMo40VRTFxt1ADiOQ\/view?utm_content=DAF-LRhCWzs&amp;utm_campaign=designshare&amp;utm_medium=embeds&amp;utm_source=link\" target=\"_blank\" rel=\"noopener\">IMD KIT 2024 FR<\/a> by Communications<\/p>\n<h3>Lorsque vous pr\u00e9parez une activit\u00e9 sp\u00e9ciale pour la Journ\u00e9e internationale des mus\u00e9es 2024, nous vous recommandons de suivre cinq \u00e9tapes importantes :<\/h3>\n<ol>\n<li><strong>CIBLER UN PUBLIC SP\u00c9CIFIQUE<\/strong><br \/>\nVous pouvez choisir de cibler vos visiteurs habituels ou un nouveau public. Dans tous les cas, nous vous recommandons de cibler au moins un public sp\u00e9cifique tel que les enfants, les seniors, une minorit\u00e9 au sein de votre communaut\u00e9, etc.<\/li>\n<li><strong>D\u00c9FINISSEZ VOS OBJECTIFS<\/strong><br \/>\nVotre objectif peut \u00eatre de toucher un nouveau public, de mettre en avant votre participation \u00e0 la vie de la communaut\u00e9, d&#8217;\u00eatre entendu par les autorit\u00e9s publiques, de faire conna\u00eetre votre institution \u00e0 des partenaires potentiels, etc.<\/li>\n<li><strong>CR\u00c9ER DES PARTENARIATS INSTITUTIONNELS<\/strong><br \/>\nLa Journ\u00e9e internationale des mus\u00e9es est l&#8217;occasion de cr\u00e9er des partenariats et des parrainages locaux, nationaux ou internationaux sur de nombreux aspects &#8211; des collections \u00e0 la m\u00e9diation en passant par le financement.<\/li>\n<li><strong>PARTICIPEZ \u00c0 UNE CAMPAGNE INTERNATIONALE<\/strong><br \/>\nInscrivez votre activit\u00e9 sur la carte interactive de la Journ\u00e9e internationale des mus\u00e9es (bient\u00f4t disponible !) et utilisez nos hashtags sur les m\u00e9dias sociaux pour rejoindre les mus\u00e9es du monde entier dans la c\u00e9l\u00e9bration.<\/li>\n<li><strong>FAIRE UNE \u00c9VALUATION POST-\u00c9V\u00c9NEMENT<\/strong><br \/>\nIl est important d&#8217;analyser le succ\u00e8s de votre Journ\u00e9e internationale des mus\u00e9es et son impact. Nous vous encourageons \u00e9galement \u00e0 envoyer vos images et r\u00e9sultats \u00e0 votre Comit\u00e9 national de l&#8217;ICOM &#8211; ils pourraient figurer dans le rapport annuel de l&#8217;ICOM !<\/li>\n<\/ol>\n","protected":false},"excerpt":{"rendered":"<p>Pour assurer le succ\u00e8s de la Journ\u00e9e internationale des mus\u00e9es, nous avons besoin de votre aide ! Vous \u00eates les ambassadeurs de la Journ\u00e9e internationale des mus\u00e9es. Gr\u00e2ce aux activit\u00e9s que vous organisez et aux liens solides que vous d\u00e9veloppez avec votre public, cet \u00e9v\u00e9nement continue d&#8217;\u00eatre un succ\u00e8s ann\u00e9e apr\u00e8s ann\u00e9e. En plus des [&hellip;]<\/p>\n","protected":false},"author":1,"featured_media":0,"parent":471,"menu_order":3,"comment_status":"closed","ping_status":"closed","template":"","meta":{"footnotes":""},"yst_prominent_words":[79,263,260,259,77,624,78,74,623,620,81,76,73,619,80,75,72,71,625,622],"acf":[],"_links":{"self":[{"href":"https:\/\/imd.icom.museum\/fr\/wp-json\/wp\/v2\/pages\/1058"}],"collection":[{"href":"https:\/\/imd.icom.museum\/fr\/wp-json\/wp\/v2\/pages"}],"about":[{"href":"https:\/\/imd.icom.museum\/fr\/wp-json\/wp\/v2\/types\/page"}],"author":[{"embeddable":true,"href":"https:\/\/imd.icom.museum\/fr\/wp-json\/wp\/v2\/users\/1"}],"replies":[{"embeddable":true,"href":"https:\/\/imd.icom.museum\/fr\/wp-json\/wp\/v2\/comments?post=1058"}],"version-history":[{"count":13,"href":"https:\/\/imd.icom.museum\/fr\/wp-json\/wp\/v2\/pages\/1058\/revisions"}],"predecessor-version":[{"id":3109,"href":"https:\/\/imd.icom.museum\/fr\/wp-json\/wp\/v2\/pages\/1058\/revisions\/3109"}],"up":[{"embeddable":true,"href":"https:\/\/imd.icom.museum\/fr\/wp-json\/wp\/v2\/pages\/471"}],"wp:attachment":[{"href":"https:\/\/imd.icom.museum\/fr\/wp-json\/wp\/v2\/media?parent=1058"}],"wp:term":[{"taxonomy":"yst_prominent_words","embeddable":true,"href":"https:\/\/imd.icom.museum\/fr\/wp-json\/wp\/v2\/yst_prominent_words?post=1058"}],"curies":[{"name":"wp","href":"https:\/\/api.w.org\/{rel}","templated":true}]}}