{"id":924,"date":"2019-03-27T16:40:10","date_gmt":"2019-03-27T16:40:10","guid":{"rendered":"http:\/\/imd.mini.icom.museum\/?page_id=924"},"modified":"2019-03-27T16:41:48","modified_gmt":"2019-03-27T16:41:48","slug":"noche-europea-de-los-museos","status":"publish","type":"page","link":"https:\/\/imd.icom.museum\/es\/dia-internacional-de-los-museos-2023\/noche-europea-de-los-museos\/","title":{"rendered":"Noche Europea de los Museos"},"content":{"rendered":"<p><img decoding=\"async\" loading=\"lazy\" class=\"size-medium wp-image-920 alignleft\" src=\"http:\/\/imd.mini.icom.museum\/wp-content\/uploads\/sites\/54\/2019\/03\/Affiche_LNEDM_avec-logos-partenaires_light-200x300.jpg\" alt=\"\" width=\"200\" height=\"300\" srcset=\"https:\/\/imd.icom.museum\/wp-content\/uploads\/sites\/54\/2019\/03\/Affiche_LNEDM_avec-logos-partenaires_light-200x300.jpg 200w, https:\/\/imd.icom.museum\/wp-content\/uploads\/sites\/54\/2019\/03\/Affiche_LNEDM_avec-logos-partenaires_light-768x1152.jpg 768w, https:\/\/imd.icom.museum\/wp-content\/uploads\/sites\/54\/2019\/03\/Affiche_LNEDM_avec-logos-partenaires_light-683x1024.jpg 683w, https:\/\/imd.icom.museum\/wp-content\/uploads\/sites\/54\/2019\/03\/Affiche_LNEDM_avec-logos-partenaires_light.jpg 1000w\" sizes=\"(max-width: 200px) 100vw, 200px\" \/>Desde el 2011, el ICOM patrocina la Noche Europea de los Museos, que se celebra cada a\u00f1o durante el s\u00e1bado anterior a la celebraci\u00f3n del D\u00eda Internacional de los Museos. &amp;nbsp; Este a\u00f1o, la Noche Europea de los Museos tendr\u00e1 lugar durante la madrugada del 18 al 19 de mayo de 2019. Creada en 2005 por el Ministerio franc\u00e9s de cultura y comunicaci\u00f3n, la Noche europea de los museos permite a los visitantes asistir a los museos participantes en la misma durante la noche y de forma gratuita, atrasando as\u00ed la restricci\u00f3n de la hora de cierre hasta la una de la madrugada aproximadamente. Mediante la recepci\u00f3n del p\u00fablico por la noche, los museos abren una visita diferente de sus colecciones, con un enfoque m\u00e1s sensorial e ins\u00f3lito.<\/p>\n","protected":false},"excerpt":{"rendered":"<p>Desde el 2011, el ICOM patrocina la Noche Europea de los Museos, que se celebra cada a\u00f1o durante el s\u00e1bado anterior a la celebraci\u00f3n del D\u00eda Internacional de los Museos. &amp;nbsp; Este a\u00f1o, la Noche Europea de los Museos tendr\u00e1 lugar durante la madrugada del 18 al 19 de mayo de 2019. Creada en 2005 [&hellip;]<\/p>\n","protected":false},"author":1,"featured_media":0,"parent":474,"menu_order":4,"comment_status":"closed","ping_status":"closed","template":"","meta":{"footnotes":""},"yst_prominent_words":[82,79,115,94,528,527,523,520,83,529,525,524,521,518,239,99,526,522,519,517],"acf":[],"_links":{"self":[{"href":"https:\/\/imd.icom.museum\/es\/wp-json\/wp\/v2\/pages\/924"}],"collection":[{"href":"https:\/\/imd.icom.museum\/es\/wp-json\/wp\/v2\/pages"}],"about":[{"href":"https:\/\/imd.icom.museum\/es\/wp-json\/wp\/v2\/types\/page"}],"author":[{"embeddable":true,"href":"https:\/\/imd.icom.museum\/es\/wp-json\/wp\/v2\/users\/1"}],"replies":[{"embeddable":true,"href":"https:\/\/imd.icom.museum\/es\/wp-json\/wp\/v2\/comments?post=924"}],"version-history":[{"count":2,"href":"https:\/\/imd.icom.museum\/es\/wp-json\/wp\/v2\/pages\/924\/revisions"}],"predecessor-version":[{"id":928,"href":"https:\/\/imd.icom.museum\/es\/wp-json\/wp\/v2\/pages\/924\/revisions\/928"}],"up":[{"embeddable":true,"href":"https:\/\/imd.icom.museum\/es\/wp-json\/wp\/v2\/pages\/474"}],"wp:attachment":[{"href":"https:\/\/imd.icom.museum\/es\/wp-json\/wp\/v2\/media?parent=924"}],"wp:term":[{"taxonomy":"yst_prominent_words","embeddable":true,"href":"https:\/\/imd.icom.museum\/es\/wp-json\/wp\/v2\/yst_prominent_words?post=924"}],"curies":[{"name":"wp","href":"https:\/\/api.w.org\/{rel}","templated":true}]}}