{"id":639,"date":"2019-01-30T10:27:41","date_gmt":"2019-01-30T10:27:41","guid":{"rendered":"http:\/\/imd.mini.icom.museum\/?page_id=639"},"modified":"2021-02-01T11:53:10","modified_gmt":"2021-02-01T11:53:10","slug":"2016-museos-y-paisajes-culturales","status":"publish","type":"page","link":"https:\/\/imd.icom.museum\/es\/ediciones-pasadas\/2016-museos-y-paisajes-culturales\/","title":{"rendered":"2016 &#8211; Museos y Paisajes Culturales"},"content":{"rendered":"<p><img decoding=\"async\" loading=\"lazy\" class=\"size-full wp-image-633 alignleft\" src=\"http:\/\/imd.mini.icom.museum\/wp-content\/uploads\/sites\/54\/2019\/01\/729cde8d9f.jpg\" alt=\"\" width=\"133\" height=\"200\" \/><\/p>\n<p>En 2016, el tema del D\u00eda Internacional de los Museos fue \u201c<strong>Museos y Paisajes Culturales<\/strong>\u201d, que tambi\u00e9n protagoniz\u00f3 los debates de la Conferencia General ICOM Milano 2016, del 3 al 9 de julio. Este tema implica una cierta responsabilidad de los museos hacia los entornos de los que forman parte, a los que pueden aportar su contribuci\u00f3n en forma de conocimientos y competencias propias. La misi\u00f3n principal de los museos es velar por su patrimonio, dentro y fuera de sus muros. En la carta de Siena, el paisaje cultural es definido como &#8220;el pa\u00eds donde vivimos, que nos rodea con las im\u00e1genes y s\u00edmbolos que lo identifican y lo caracterizan&#8221;. De acuerdo con esta visi\u00f3n, el paisaje es considerado como el contexto &#8211; geogr\u00e1fico, hist\u00f3rico, econ\u00f3mico, social y cultural &#8211; en el cu\u00e1l los museos existen y operan.<\/p>\n","protected":false},"excerpt":{"rendered":"<p>En 2016, el tema del D\u00eda Internacional de los Museos fue \u201cMuseos y Paisajes Culturales\u201d, que tambi\u00e9n protagoniz\u00f3 los debates de la Conferencia General ICOM Milano 2016, del 3 al 9 de julio. Este tema implica una cierta responsabilidad de los museos hacia los entornos de los que forman parte, a los que pueden aportar [&hellip;]<\/p>\n","protected":false},"author":1,"featured_media":0,"parent":606,"menu_order":2,"comment_status":"closed","ping_status":"closed","template":"","meta":{"footnotes":""},"yst_prominent_words":[377,386,54,82,115,94,244,206,385,215,387,83,239,99,384,240,842,243,435,241],"acf":[],"_links":{"self":[{"href":"https:\/\/imd.icom.museum\/es\/wp-json\/wp\/v2\/pages\/639"}],"collection":[{"href":"https:\/\/imd.icom.museum\/es\/wp-json\/wp\/v2\/pages"}],"about":[{"href":"https:\/\/imd.icom.museum\/es\/wp-json\/wp\/v2\/types\/page"}],"author":[{"embeddable":true,"href":"https:\/\/imd.icom.museum\/es\/wp-json\/wp\/v2\/users\/1"}],"replies":[{"embeddable":true,"href":"https:\/\/imd.icom.museum\/es\/wp-json\/wp\/v2\/comments?post=639"}],"version-history":[{"count":4,"href":"https:\/\/imd.icom.museum\/es\/wp-json\/wp\/v2\/pages\/639\/revisions"}],"predecessor-version":[{"id":2107,"href":"https:\/\/imd.icom.museum\/es\/wp-json\/wp\/v2\/pages\/639\/revisions\/2107"}],"up":[{"embeddable":true,"href":"https:\/\/imd.icom.museum\/es\/wp-json\/wp\/v2\/pages\/606"}],"wp:attachment":[{"href":"https:\/\/imd.icom.museum\/es\/wp-json\/wp\/v2\/media?parent=639"}],"wp:term":[{"taxonomy":"yst_prominent_words","embeddable":true,"href":"https:\/\/imd.icom.museum\/es\/wp-json\/wp\/v2\/yst_prominent_words?post=639"}],"curies":[{"name":"wp","href":"https:\/\/api.w.org\/{rel}","templated":true}]}}