{"id":628,"date":"2019-01-30T10:21:24","date_gmt":"2019-01-30T10:21:24","guid":{"rendered":"http:\/\/imd.mini.icom.museum\/?page_id=628"},"modified":"2021-02-01T11:53:24","modified_gmt":"2021-02-01T11:53:24","slug":"2017-museos-e-historias-controvertidas-decir-lo-indecible-en-museos","status":"publish","type":"page","link":"https:\/\/imd.icom.museum\/es\/ediciones-pasadas\/2017-museos-e-historias-controvertidas-decir-lo-indecible-en-museos\/","title":{"rendered":"2017 &#8211; Museos e historias controvertidas: decir lo indecible en museos"},"content":{"rendered":"<p><img decoding=\"async\" loading=\"lazy\" class=\"size-full wp-image-624 alignleft\" src=\"https:\/\/imd.icom.museum\/wp-content\/uploads\/sites\/54\/2019\/01\/IMD2017-AN-180.jpg\" alt=\"\" width=\"180\" height=\"270\" \/><\/p>\n<p>La comunidad muse\u00edstica mundial celebr\u00f3 el D\u00eda Internacional de los Museos 2017 en torno al tema &#8220;<strong>Museos e historias controvertidas: decir lo indecible en los museos&#8221;<\/strong>. Este tema resalta el papel de los museos que, poni\u00e9ndose al servicio de la sociedad, pueden convertirse en centros de pacificaci\u00f3n de las relaciones entre los pueblos. La aceptaci\u00f3n de un pasado doloroso constituye un primer paso para imaginar un futuro com\u00fan bajo el signo de la reconciliaci\u00f3n. Decir lo indecible en los museos permite aprehender lo incomprensible de los pasados dolorosos inherentes a la humanidad. Este tema posiciona al museo como actor de apaciguamiento de las historias traum\u00e1ticas pasadas gracias a la mediaci\u00f3n y a la pluralidad de puntos de vista expresados.<\/p>\n","protected":false},"excerpt":{"rendered":"<p>La comunidad muse\u00edstica mundial celebr\u00f3 el D\u00eda Internacional de los Museos 2017 en torno al tema &#8220;Museos e historias controvertidas: decir lo indecible en los museos&#8221;. Este tema resalta el papel de los museos que, poni\u00e9ndose al servicio de la sociedad, pueden convertirse en centros de pacificaci\u00f3n de las relaciones entre los pueblos. La aceptaci\u00f3n [&hellip;]<\/p>\n","protected":false},"author":1,"featured_media":0,"parent":606,"menu_order":1,"comment_status":"closed","ping_status":"closed","template":"","meta":{"footnotes":""},"yst_prominent_words":[82,79,417,115,94,412,408,405,403,415,411,416,414,410,407,413,409,406,404,99],"acf":[],"_links":{"self":[{"href":"https:\/\/imd.icom.museum\/es\/wp-json\/wp\/v2\/pages\/628"}],"collection":[{"href":"https:\/\/imd.icom.museum\/es\/wp-json\/wp\/v2\/pages"}],"about":[{"href":"https:\/\/imd.icom.museum\/es\/wp-json\/wp\/v2\/types\/page"}],"author":[{"embeddable":true,"href":"https:\/\/imd.icom.museum\/es\/wp-json\/wp\/v2\/users\/1"}],"replies":[{"embeddable":true,"href":"https:\/\/imd.icom.museum\/es\/wp-json\/wp\/v2\/comments?post=628"}],"version-history":[{"count":10,"href":"https:\/\/imd.icom.museum\/es\/wp-json\/wp\/v2\/pages\/628\/revisions"}],"predecessor-version":[{"id":2108,"href":"https:\/\/imd.icom.museum\/es\/wp-json\/wp\/v2\/pages\/628\/revisions\/2108"}],"up":[{"embeddable":true,"href":"https:\/\/imd.icom.museum\/es\/wp-json\/wp\/v2\/pages\/606"}],"wp:attachment":[{"href":"https:\/\/imd.icom.museum\/es\/wp-json\/wp\/v2\/media?parent=628"}],"wp:term":[{"taxonomy":"yst_prominent_words","embeddable":true,"href":"https:\/\/imd.icom.museum\/es\/wp-json\/wp\/v2\/yst_prominent_words?post=628"}],"curies":[{"name":"wp","href":"https:\/\/api.w.org\/{rel}","templated":true}]}}