{"id":608,"date":"2019-01-30T10:05:14","date_gmt":"2019-01-30T10:05:14","guid":{"rendered":"http:\/\/imd.mini.icom.museum\/?page_id=608"},"modified":"2024-02-07T15:20:17","modified_gmt":"2024-02-07T15:20:17","slug":"2018-hyperconnected-museums-new-approaches-new-publics","status":"publish","type":"page","link":"https:\/\/imd.icom.museum\/es\/ediciones-pasadas\/2018-hyperconnected-museums-new-approaches-new-publics\/","title":{"rendered":"2018 &#8211; Museos hiperconectados: enfoques nuevos, p\u00fablicos nuevos"},"content":{"rendered":"<p><img decoding=\"async\" loading=\"lazy\" class=\"size-medium wp-image-609 alignleft\" src=\"http:\/\/imd.mini.icom.museum\/wp-content\/uploads\/sites\/54\/2019\/01\/IMD2018-afficheanglais-200x300.png\" alt=\"\" width=\"200\" height=\"300\" srcset=\"https:\/\/imd.icom.museum\/wp-content\/uploads\/sites\/54\/2019\/01\/IMD2018-afficheanglais-200x300.png 200w, https:\/\/imd.icom.museum\/wp-content\/uploads\/sites\/54\/2019\/01\/IMD2018-afficheanglais-768x1152.png 768w, https:\/\/imd.icom.museum\/wp-content\/uploads\/sites\/54\/2019\/01\/IMD2018-afficheanglais-683x1024.png 683w, https:\/\/imd.icom.museum\/wp-content\/uploads\/sites\/54\/2019\/01\/IMD2018-afficheanglais.png 1134w\" sizes=\"(max-width: 200px) 100vw, 200px\" \/><\/p>\n<p>\u201cHiperconectividad\u201d es un t\u00e9rmino inventado en 2001 para designar los m\u00faltiples medios de comunicaci\u00f3n que tenemos hoy en d\u00eda, como el contacto cara a cara, el correo electr\u00f3nico, la mensajer\u00eda instant\u00e1nea, el tel\u00e9fono o Internet. Esta red mundial de conexiones es cada d\u00eda m\u00e1s compleja, diversa e integral. En el mundo hiperconectado en el que vivimos, los museos se suman a esta tendencia. Por eso, el Consejo Internacional de Museos (ICOM) ha elegido el tema <strong>\u201cMuseos hiperconectados: enfoques nuevos, p\u00fablicos nuevos\u201d<\/strong> para celebrar el D\u00eda Internacional de los Museos 2018.<\/p>\n<p>Resulta imposible entender el rol de los museos sin tener en cuenta todas las conexiones que \u00e9stos establecen. Son parte inherente de sus comunidades locales, de su paisaje cultural y de su entorno natural. La tecnolog\u00eda permite a los museos llegar m\u00e1s all\u00e1 de su audiencia habitual y encontrar nuevos p\u00fablicos con la adopci\u00f3n de enfoques diferentes respecto a sus colecciones: puede ser a trav\u00e9s de la digitalizaci\u00f3n de sus colecciones, a\u00f1adiendo elementos multimedia a la exposici\u00f3n o con algo tan sencillo como un hashtag para que a los visitantes compartan su experiencia en las redes sociales.<\/p>\n<p>No obstante, no todas estas conexiones se deben a la tecnolog\u00eda. En su empe\u00f1o por seguir siendo relevantes para la sociedad, los museos dirigen ahora su atenci\u00f3n a la comunidad local y a los diversos grupos que la componen. El resultado es que, a lo largo de estos \u00faltimos a\u00f1os, hemos sido testigos del nacimiento de innumerables proyectos comunes organizados por los museos con la colaboraci\u00f3n de minor\u00edas, pueblos ind\u00edgenas e instituciones locales. Para que estos nuevos p\u00fablicos se impliquen y fortalezcan esas conexiones, los museos deben encontrar nuevas maneras de interpretar y presentar sus colecciones.<\/p>\n<p>&nbsp;<\/p>\n<p><img decoding=\"async\" loading=\"lazy\" class=\"size-medium wp-image-791 aligncenter\" src=\"http:\/\/imd.mini.icom.museum\/wp-content\/uploads\/sites\/54\/2019\/02\/32087281_1087142298090244_5815699144022425600_n-300x300.jpg\" alt=\"\" width=\"300\" height=\"300\" srcset=\"https:\/\/imd.icom.museum\/wp-content\/uploads\/sites\/54\/2019\/02\/32087281_1087142298090244_5815699144022425600_n-300x300.jpg 300w, https:\/\/imd.icom.museum\/wp-content\/uploads\/sites\/54\/2019\/02\/32087281_1087142298090244_5815699144022425600_n-150x150.jpg 150w, https:\/\/imd.icom.museum\/wp-content\/uploads\/sites\/54\/2019\/02\/32087281_1087142298090244_5815699144022425600_n-768x768.jpg 768w, https:\/\/imd.icom.museum\/wp-content\/uploads\/sites\/54\/2019\/02\/32087281_1087142298090244_5815699144022425600_n.jpg 960w\" sizes=\"(max-width: 300px) 100vw, 300px\" \/><\/p>\n<p><img decoding=\"async\" loading=\"lazy\" class=\"size-medium wp-image-794 aligncenter\" src=\"http:\/\/imd.mini.icom.museum\/wp-content\/uploads\/sites\/54\/2019\/02\/32324772_1258500910951418_3278390885414338560_o-300x157.jpg\" alt=\"\" width=\"300\" height=\"157\" srcset=\"https:\/\/imd.icom.museum\/wp-content\/uploads\/sites\/54\/2019\/02\/32324772_1258500910951418_3278390885414338560_o-300x157.jpg 300w, https:\/\/imd.icom.museum\/wp-content\/uploads\/sites\/54\/2019\/02\/32324772_1258500910951418_3278390885414338560_o-768x402.jpg 768w, https:\/\/imd.icom.museum\/wp-content\/uploads\/sites\/54\/2019\/02\/32324772_1258500910951418_3278390885414338560_o-1024x536.jpg 1024w, https:\/\/imd.icom.museum\/wp-content\/uploads\/sites\/54\/2019\/02\/32324772_1258500910951418_3278390885414338560_o.jpg 1201w\" sizes=\"(max-width: 300px) 100vw, 300px\" \/><\/p>\n<p><img decoding=\"async\" loading=\"lazy\" class=\"size-medium wp-image-806 aligncenter\" src=\"http:\/\/imd.mini.icom.museum\/wp-content\/uploads\/sites\/54\/2019\/02\/Museo-del-Ferrocarril-300x204.jpg\" alt=\"\" width=\"300\" height=\"204\" srcset=\"https:\/\/imd.icom.museum\/wp-content\/uploads\/sites\/54\/2019\/02\/Museo-del-Ferrocarril-300x204.jpg 300w, https:\/\/imd.icom.museum\/wp-content\/uploads\/sites\/54\/2019\/02\/Museo-del-Ferrocarril-768x523.jpg 768w, https:\/\/imd.icom.museum\/wp-content\/uploads\/sites\/54\/2019\/02\/Museo-del-Ferrocarril.jpg 1012w\" sizes=\"(max-width: 300px) 100vw, 300px\" \/><\/p>\n<p><img decoding=\"async\" loading=\"lazy\" class=\"size-medium wp-image-800 aligncenter\" src=\"http:\/\/imd.mini.icom.museum\/wp-content\/uploads\/sites\/54\/2019\/02\/Mus\u00e9e-de-Nouvelle-Cal\u00e9donie-300x240.jpg\" alt=\"\" width=\"300\" height=\"240\" srcset=\"https:\/\/imd.icom.museum\/wp-content\/uploads\/sites\/54\/2019\/02\/Mus\u00e9e-de-Nouvelle-Cal\u00e9donie-300x240.jpg 300w, https:\/\/imd.icom.museum\/wp-content\/uploads\/sites\/54\/2019\/02\/Mus\u00e9e-de-Nouvelle-Cal\u00e9donie-768x614.jpg 768w, https:\/\/imd.icom.museum\/wp-content\/uploads\/sites\/54\/2019\/02\/Mus\u00e9e-de-Nouvelle-Cal\u00e9donie.jpg 945w\" sizes=\"(max-width: 300px) 100vw, 300px\" \/><\/p>\n<p><img decoding=\"async\" loading=\"lazy\" class=\"size-medium wp-image-779 aligncenter\" src=\"http:\/\/imd.mini.icom.museum\/wp-content\/uploads\/sites\/54\/2019\/02\/Jaya-He-Museum-300x169.jpg\" alt=\"\" width=\"300\" height=\"169\" srcset=\"https:\/\/imd.icom.museum\/wp-content\/uploads\/sites\/54\/2019\/02\/Jaya-He-Museum-300x169.jpg 300w, https:\/\/imd.icom.museum\/wp-content\/uploads\/sites\/54\/2019\/02\/Jaya-He-Museum-768x432.jpg 768w, https:\/\/imd.icom.museum\/wp-content\/uploads\/sites\/54\/2019\/02\/Jaya-He-Museum-1024x576.jpg 1024w, https:\/\/imd.icom.museum\/wp-content\/uploads\/sites\/54\/2019\/02\/Jaya-He-Museum.jpg 1200w\" sizes=\"(max-width: 300px) 100vw, 300px\" \/><\/p>\n<p><img decoding=\"async\" loading=\"lazy\" class=\"size-medium wp-image-803 aligncenter\" src=\"http:\/\/imd.mini.icom.museum\/wp-content\/uploads\/sites\/54\/2019\/02\/Qatar-Museums-300x300.jpg\" alt=\"\" width=\"300\" height=\"300\" srcset=\"https:\/\/imd.icom.museum\/wp-content\/uploads\/sites\/54\/2019\/02\/Qatar-Museums-300x300.jpg 300w, https:\/\/imd.icom.museum\/wp-content\/uploads\/sites\/54\/2019\/02\/Qatar-Museums-150x150.jpg 150w, https:\/\/imd.icom.museum\/wp-content\/uploads\/sites\/54\/2019\/02\/Qatar-Museums-768x768.jpg 768w, https:\/\/imd.icom.museum\/wp-content\/uploads\/sites\/54\/2019\/02\/Qatar-Museums-1024x1024.jpg 1024w, https:\/\/imd.icom.museum\/wp-content\/uploads\/sites\/54\/2019\/02\/Qatar-Museums.jpg 1200w\" sizes=\"(max-width: 300px) 100vw, 300px\" \/><\/p>\n<p><img decoding=\"async\" loading=\"lazy\" class=\"size-medium wp-image-767 aligncenter\" src=\"http:\/\/imd.mini.icom.museum\/wp-content\/uploads\/sites\/54\/2019\/02\/Casa-Museo-EFM-300x150.jpg\" alt=\"\" width=\"300\" height=\"150\" srcset=\"https:\/\/imd.icom.museum\/wp-content\/uploads\/sites\/54\/2019\/02\/Casa-Museo-EFM-300x150.jpg 300w, https:\/\/imd.icom.museum\/wp-content\/uploads\/sites\/54\/2019\/02\/Casa-Museo-EFM-768x384.jpg 768w, https:\/\/imd.icom.museum\/wp-content\/uploads\/sites\/54\/2019\/02\/Casa-Museo-EFM.jpg 1024w\" sizes=\"(max-width: 300px) 100vw, 300px\" \/><\/p>\n","protected":false},"excerpt":{"rendered":"<p>\u201cHiperconectividad\u201d es un t\u00e9rmino inventado en 2001 para designar los m\u00faltiples medios de comunicaci\u00f3n que tenemos hoy en d\u00eda, como el contacto cara a cara, el correo electr\u00f3nico, la mensajer\u00eda instant\u00e1nea, el tel\u00e9fono o Internet. Esta red mundial de conexiones es cada d\u00eda m\u00e1s compleja, diversa e integral. En el mundo hiperconectado en el que [&hellip;]<\/p>\n","protected":false},"author":1,"featured_media":0,"parent":606,"menu_order":0,"comment_status":"closed","ping_status":"closed","template":"","meta":{"footnotes":""},"yst_prominent_words":[433,436,115,94,430,431,215,223,387,122,432,99,437,429,238,434,243,435,438,222],"acf":[],"_links":{"self":[{"href":"https:\/\/imd.icom.museum\/es\/wp-json\/wp\/v2\/pages\/608"}],"collection":[{"href":"https:\/\/imd.icom.museum\/es\/wp-json\/wp\/v2\/pages"}],"about":[{"href":"https:\/\/imd.icom.museum\/es\/wp-json\/wp\/v2\/types\/page"}],"author":[{"embeddable":true,"href":"https:\/\/imd.icom.museum\/es\/wp-json\/wp\/v2\/users\/1"}],"replies":[{"embeddable":true,"href":"https:\/\/imd.icom.museum\/es\/wp-json\/wp\/v2\/comments?post=608"}],"version-history":[{"count":10,"href":"https:\/\/imd.icom.museum\/es\/wp-json\/wp\/v2\/pages\/608\/revisions"}],"predecessor-version":[{"id":2106,"href":"https:\/\/imd.icom.museum\/es\/wp-json\/wp\/v2\/pages\/608\/revisions\/2106"}],"up":[{"embeddable":true,"href":"https:\/\/imd.icom.museum\/es\/wp-json\/wp\/v2\/pages\/606"}],"wp:attachment":[{"href":"https:\/\/imd.icom.museum\/es\/wp-json\/wp\/v2\/media?parent=608"}],"wp:term":[{"taxonomy":"yst_prominent_words","embeddable":true,"href":"https:\/\/imd.icom.museum\/es\/wp-json\/wp\/v2\/yst_prominent_words?post=608"}],"curies":[{"name":"wp","href":"https:\/\/api.w.org\/{rel}","templated":true}]}}