{"id":496,"date":"2019-01-29T12:04:01","date_gmt":"2019-01-29T12:04:01","guid":{"rendered":"http:\/\/imd.mini.icom.museum\/?page_id=496"},"modified":"2024-03-12T09:42:25","modified_gmt":"2024-03-12T09:42:25","slug":"organizar-su-dim","status":"publish","type":"page","link":"https:\/\/imd.icom.museum\/es\/dia-internacional-de-los-museos-2023\/organizar-su-dim\/","title":{"rendered":"Museos, organicen su DIM"},"content":{"rendered":"<h2>Para garantizar el \u00e9xito del D\u00eda Internacional de los Museos, \u00a1necesitamos su ayuda!<\/h2>\n<p>Ustedes son los embajadores del D\u00eda Internacional de los Museos. Gracias a las actividades que organizan y las fuertes conexiones que desarrollan con su p\u00fablico, este evento contin\u00faa siendo un \u00e9xito a\u00f1o tras a\u00f1o. Adem\u00e1s de las actividades que planifican, su participaci\u00f3n en el D\u00eda Internacional de los Museos es una oportunidad para:<\/p>\n<ul>\n<li><strong>Asociarse<\/strong> con escuelas, asociaciones, bibliotecas, otros museos, etc. para promover su evento y reforzar sus v\u00ednculos con organizaciones con objetivos similares;<\/li>\n<li><strong>Abogar<\/strong> por el papel de los museos en nuestras sociedades informando a las autoridades locales, regionales y nacionales sobre sus actividades y por qu\u00e9 son importantes para el p\u00fablico en general;<\/li>\n<li><strong>Difundir informaci\u00f3n<\/strong> sobre el D\u00eda Internacional de los Museos a trav\u00e9s de la prensa local, sus redes sociales y su sitio web;<\/li>\n<li><strong>Obtener visibilidad<\/strong> internacional sobre sus actividades compartiendo informaci\u00f3n sobre sus eventos del D\u00eda Internacional de los Museos con ICOM, lo que nos permite difundir las noticias a trav\u00e9s de nuestra red y m\u00e1s all\u00e1.<\/li>\n<\/ul>\n<p><em>Aqu\u00ed el kit de herramientas IMD 2024.<\/em><\/p>\n<div style=\"position: relative; width: 100%; height: 0; padding-top: 56.2500%; padding-bottom: 0; box-shadow: 0 2px 8px 0 rgba(63,69,81,0.16); margin-top: 1.6em; margin-bottom: 0.9em; overflow: hidden; border-radius: 8px; will-change: transform;\"><iframe style=\"position: absolute; width: 100%; height: 100%; top: 0; left: 0; border: none; padding: 0; margin: 0;\" src=\"https:\/\/www.canva.com\/design\/DAF-LkZ9fo0\/aJW2ThmWK68TlfnWbqqtxw\/view?embed\" allowfullscreen=\"allowfullscreen\"><br \/>\n<\/iframe><\/div>\n<p><a href=\"https:\/\/www.canva.com\/design\/DAF-LkZ9fo0\/aJW2ThmWK68TlfnWbqqtxw\/view?utm_content=DAF-LkZ9fo0&amp;utm_campaign=designshare&amp;utm_medium=embeds&amp;utm_source=link\" target=\"_blank\" rel=\"noopener\">IMD KIT 2024 ES<\/a> by Communications<\/p>\n<h3>Al preparar una actividad especial para el D\u00eda Internacional de los Museos 2024, le recomendamos que siga cinco pasos importantes:<\/h3>\n<ol>\n<li><strong>DIRIGIRSE A UN P\u00daBLICO ESPEC\u00cdFICO<\/strong><br \/>\nPuede optar por dirigirse a sus visitantes habituales o a un p\u00fablico nuevo. En cualquier caso, le recomendamos que se dirija al menos a un p\u00fablico espec\u00edfico, como ni\u00f1os, personas mayores, una minor\u00eda de su comunidad, etc.<\/li>\n<li><strong>DEFINA SUS OBJETIVOS<\/strong><br \/>\nSu objetivo puede ser llegar a nuevos p\u00fablicos, destacar su participaci\u00f3n en la comunidad, hacerse o\u00edr por las autoridades p\u00fablicas, dar a conocer su instituci\u00f3n a socios potenciales, etc.<\/li>\n<li><strong>CREE ASOCIACIONES INSTITUCIONALES<\/strong><br \/>\nEl D\u00eda Internacional de los Museos es una oportunidad para crear asociaciones y patrocinios locales, nacionales o internacionales en muchos aspectos: desde las colecciones hasta la mediaci\u00f3n o la financiaci\u00f3n.<\/li>\n<li><strong>\u00daNASE A UNA CAMPA\u00d1A INTERNACIONAL<\/strong><br \/>\nRegistre su actividad en el mapa interactivo del D\u00eda Internacional de los Museos (pr\u00f3ximamente) y utilice nuestros hashtags en las redes sociales para unirse a los museos de todo el mundo en la celebraci\u00f3n.<\/li>\n<li><strong>HAGA UNA EVALUACI\u00d3N POSTERIOR AL EVENTO<\/strong><br \/>\nEs importante analizar el \u00e9xito de su D\u00eda Internacional de los Museos y su impacto. Tambi\u00e9n le animamos a que env\u00ede sus im\u00e1genes y resultados a su Comit\u00e9 Nacional del ICOM: \u00a1podr\u00edan aparecer en el Informe Anual del ICOM!<\/li>\n<\/ol>\n","protected":false},"excerpt":{"rendered":"<p>Para garantizar el \u00e9xito del D\u00eda Internacional de los Museos, \u00a1necesitamos su ayuda! Ustedes son los embajadores del D\u00eda Internacional de los Museos. Gracias a las actividades que organizan y las fuertes conexiones que desarrollan con su p\u00fablico, este evento contin\u00faa siendo un \u00e9xito a\u00f1o tras a\u00f1o. Adem\u00e1s de las actividades que planifican, su participaci\u00f3n [&hellip;]<\/p>\n","protected":false},"author":1,"featured_media":0,"parent":474,"menu_order":3,"comment_status":"closed","ping_status":"closed","template":"","meta":{"footnotes":""},"yst_prominent_words":[115,94,609,268,101,96,121,97,92,91,119,100,95,122,98,93,269,99,610,611],"acf":[],"_links":{"self":[{"href":"https:\/\/imd.icom.museum\/es\/wp-json\/wp\/v2\/pages\/496"}],"collection":[{"href":"https:\/\/imd.icom.museum\/es\/wp-json\/wp\/v2\/pages"}],"about":[{"href":"https:\/\/imd.icom.museum\/es\/wp-json\/wp\/v2\/types\/page"}],"author":[{"embeddable":true,"href":"https:\/\/imd.icom.museum\/es\/wp-json\/wp\/v2\/users\/1"}],"replies":[{"embeddable":true,"href":"https:\/\/imd.icom.museum\/es\/wp-json\/wp\/v2\/comments?post=496"}],"version-history":[{"count":13,"href":"https:\/\/imd.icom.museum\/es\/wp-json\/wp\/v2\/pages\/496\/revisions"}],"predecessor-version":[{"id":3110,"href":"https:\/\/imd.icom.museum\/es\/wp-json\/wp\/v2\/pages\/496\/revisions\/3110"}],"up":[{"embeddable":true,"href":"https:\/\/imd.icom.museum\/es\/wp-json\/wp\/v2\/pages\/474"}],"wp:attachment":[{"href":"https:\/\/imd.icom.museum\/es\/wp-json\/wp\/v2\/media?parent=496"}],"wp:term":[{"taxonomy":"yst_prominent_words","embeddable":true,"href":"https:\/\/imd.icom.museum\/es\/wp-json\/wp\/v2\/yst_prominent_words?post=496"}],"curies":[{"name":"wp","href":"https:\/\/api.w.org\/{rel}","templated":true}]}}