{"id":490,"date":"2019-01-29T11:58:59","date_gmt":"2019-01-29T11:58:59","guid":{"rendered":"http:\/\/imd.mini.icom.museum\/?page_id=490"},"modified":"2024-05-12T21:25:58","modified_gmt":"2024-05-12T21:25:58","slug":"el-cartel","status":"publish","type":"page","link":"https:\/\/imd.icom.museum\/es\/dia-internacional-de-los-museos-2023\/el-cartel\/","title":{"rendered":"El P\u00f3ster"},"content":{"rendered":"<p><img decoding=\"async\" loading=\"lazy\" class=\"size-large wp-image-2939 aligncenter\" src=\"https:\/\/imd.icom.museum\/wp-content\/uploads\/sites\/54\/2024\/02\/IMD_Poster_Sp_RGB-683x1024.jpg\" alt=\"\" width=\"683\" height=\"1024\" srcset=\"https:\/\/imd.icom.museum\/wp-content\/uploads\/sites\/54\/2024\/02\/IMD_Poster_Sp_RGB-683x1024.jpg 683w, https:\/\/imd.icom.museum\/wp-content\/uploads\/sites\/54\/2024\/02\/IMD_Poster_Sp_RGB-200x300.jpg 200w, https:\/\/imd.icom.museum\/wp-content\/uploads\/sites\/54\/2024\/02\/IMD_Poster_Sp_RGB-768x1152.jpg 768w, https:\/\/imd.icom.museum\/wp-content\/uploads\/sites\/54\/2024\/02\/IMD_Poster_Sp_RGB-1024x1536.jpg 1024w, https:\/\/imd.icom.museum\/wp-content\/uploads\/sites\/54\/2024\/02\/IMD_Poster_Sp_RGB-1365x2048.jpg 1365w, https:\/\/imd.icom.museum\/wp-content\/uploads\/sites\/54\/2024\/02\/IMD_Poster_Sp_RGB-scaled.jpg 1707w\" sizes=\"(max-width: 683px) 100vw, 683px\" \/><\/p>\n<p class=\"p1\">Para cada D\u00eda Internacional de los Museos, el ICOM elige un tema que est\u00e1 en el centro de las preocupaciones de la sociedad. El ICOM crea un cartel IMD para ilustrar el tema, e invitamos a todos los museos participantes a adaptarlo seg\u00fan sus necesidades: promover una exposici\u00f3n especial, a\u00f1adir elementos locales, jugar con los colores, etc.<\/p>\n<p style=\"text-align: center;\"><span class=\"link_red\"><a href=\"https:\/\/icom.museum\/wp-content\/uploads\/2024\/02\/IMD2024-Poster.zip\">Descarga el p\u00f3ster y los elementos editables<\/a><\/span><\/p>\n<p style=\"text-align: center;\"><span class=\"link_black\"><a href=\"https:\/\/www.canva.com\/design\/DAF9Pj-MHAc\/zFGrc2BiqoiWVW3tLUgYDg\/view?utm_content=DAF9Pj-MHAc&amp;utm_campaign=designshare&amp;utm_medium=link&amp;utm_source=publishsharelink&amp;mode=preview\">P\u00f3ster editable en Canva<\/a><\/span><\/p>\n<h3 style=\"text-align: left;\">\u00a1Divi\u00e9rtase con \u00e9l!<\/h3>\n<p class=\"p1\">Le invitamos a adaptar el cartel seg\u00fan las necesidades de su museo: quiz\u00e1 para promocionar una exposici\u00f3n especial o cualquier otro acontecimiento. Existe una versi\u00f3n personalizable del cartel, por lo que le animamos a que implique al personal y al p\u00fablico de su museo para modificarlo. Nuestro objetivo es tener tantas versiones diferentes como sea posible para representar las visiones que los museos tienen de sus propias pr\u00e1cticas. Cuando hayas terminado tu obra maestra, hazle una foto, s\u00fabela a tus redes sociales y etiqu\u00e9tanos. Compartiremos las mejores en nuestras cuentas oficiales.<\/p>\n<p>Si desea usted utilizar el cartel en un idioma que no est\u00e9 disponible, no dude en ponerse en contacto con su\u00a0<strong><a class=\"external-link-new-window\" title=\"Opens external link in new window\" href=\"http:\/\/icom.museum\/los-comites\/comites-nacionales\/L\/1\/\" target=\"_blank\" rel=\"noopener\">Comit\u00e9 Nacional del ICOM\u00a0<\/a><\/strong>o\u00a0<a href=\"https:\/\/docs.google.com\/forms\/d\/e\/1FAIpQLSeB1uerUdHAuy0ZyUFlaZgObBBe2Cl3wpgOL0yKi2Usw2Hlag\/viewform?usp=sf_link\"><strong>completa el formulario<\/strong><\/a>.<\/p>\n<h3>Traducciones<\/h3>\n<p><span class=\"link_red\"><a href=\"https:\/\/imd.icom.museum\/wp-content\/uploads\/sites\/54\/2024\/04\/Afrikaans.pdf\" target=\"_blank\" rel=\"noopener\">Afrikaans<\/a><\/span><\/p>\n<p><span class=\"link_red\"><a href=\"https:\/\/imd.icom.museum\/wp-content\/uploads\/sites\/54\/2024\/04\/Albanian.pdf\" target=\"_blank\" rel=\"noopener\">Alban\u00e9s<\/a><\/span><\/p>\n<p><span class=\"link_red\"><a href=\"https:\/\/imd.icom.museum\/wp-content\/uploads\/sites\/54\/2024\/03\/Arabic.pdf\" target=\"_blank\" rel=\"noopener\">\u00c1rabe<\/a><\/span><\/p>\n<p><span class=\"link_red\"><a href=\"https:\/\/imd.icom.museum\/wp-content\/uploads\/sites\/54\/2024\/04\/Armenian.pdf\" target=\"_blank\" rel=\"noopener\">Armenio<\/a><\/span><\/p>\n<p><span class=\"link_red\"><a href=\"https:\/\/imd.icom.museum\/wp-content\/uploads\/sites\/54\/2024\/03\/Bahasa-Indonesia.pdf\" target=\"_blank\" rel=\"noopener\">Bahasa Indonesia<\/a><\/span><\/p>\n<p><span class=\"link_red\"><a href=\"https:\/\/imd.icom.museum\/wp-content\/uploads\/sites\/54\/2024\/03\/Burmese-1.pdf\" target=\"_blank\" rel=\"noopener\">Birmano<\/a><\/span><\/p>\n<p><span class=\"link_red\"><a href=\"https:\/\/imd.icom.museum\/wp-content\/uploads\/sites\/54\/2024\/05\/Belarusian.pdf\" target=\"_blank\" rel=\"noopener\">Bielorruso<\/a><\/span><\/p>\n<p><span class=\"link_red\"><a href=\"https:\/\/imd.icom.museum\/wp-content\/uploads\/sites\/54\/2024\/04\/Bosnian-Croatian-Serbian.pdf\" target=\"_blank\" rel=\"noopener\">Bosnio-croata-serbio<\/a><\/span><\/p>\n<p><span class=\"link_red\"><a href=\"https:\/\/imd.icom.museum\/wp-content\/uploads\/sites\/54\/2024\/04\/Bulgarian.pdf\" target=\"_blank\" rel=\"noopener\">B\u00falgaro<\/a><\/span><\/p>\n<p><span class=\"link_red\"><a href=\"https:\/\/imd.icom.museum\/wp-content\/uploads\/sites\/54\/2024\/03\/Euskera.pdf\" target=\"_blank\" rel=\"noopener\">Vasco<\/a><\/span><\/p>\n<p><span class=\"link_red\"><a href=\"https:\/\/imd.icom.museum\/wp-content\/uploads\/sites\/54\/2024\/03\/Catalan.pdf\" target=\"_blank\" rel=\"noopener\">Catal\u00e1n<\/a><\/span><\/p>\n<p><span class=\"link_red\"><a href=\"https:\/\/imd.icom.museum\/wp-content\/uploads\/sites\/54\/2024\/03\/Chinese-Mandarin.pdf\" target=\"_blank\" rel=\"noopener\">Chino (mandar\u00edn)<\/a><\/span><\/p>\n<p><span class=\"link_red\"><a href=\"https:\/\/imd.icom.museum\/wp-content\/uploads\/sites\/54\/2024\/03\/Czech-1.pdf\" target=\"_blank\" rel=\"noopener\">Checo<\/a><\/span><\/p>\n<p><span class=\"link_red\"><a href=\"https:\/\/imd.icom.museum\/wp-content\/uploads\/sites\/54\/2024\/05\/Croatian.pdf\" target=\"_blank\" rel=\"noopener\">Croata<\/a><\/span><\/p>\n<p><span class=\"link_red\"><a href=\"https:\/\/imd.icom.museum\/wp-content\/uploads\/sites\/54\/2024\/03\/Danish.pdf\" target=\"_blank\" rel=\"noopener\">Dan\u00e9s<\/a><\/span><\/p>\n<p><span class=\"link_red\"><a href=\"https:\/\/imd.icom.museum\/wp-content\/uploads\/sites\/54\/2024\/03\/Dutch.pdf\" target=\"_blank\" rel=\"noopener\">Holand\u00e9s<\/a><\/span><\/p>\n<p><span class=\"link_red\"><a href=\"https:\/\/imd.icom.museum\/wp-content\/uploads\/sites\/54\/2024\/03\/Faroese.pdf\" target=\"_blank\" rel=\"noopener\">Fero\u00e9s<\/a><\/span><\/p>\n<p><span class=\"link_red\"><a href=\"https:\/\/imd.icom.museum\/wp-content\/uploads\/sites\/54\/2024\/03\/Farsi.pdf\" target=\"_blank\" rel=\"noopener\">Farsi<\/a><\/span><\/p>\n<p><span class=\"link_red\"><a href=\"https:\/\/imd.icom.museum\/wp-content\/uploads\/sites\/54\/2024\/03\/Filipino.pdf\" target=\"_blank\" rel=\"noopener\">Filipino<\/a><\/span><\/p>\n<p><span class=\"link_red\"><a href=\"https:\/\/imd.icom.museum\/wp-content\/uploads\/sites\/54\/2024\/03\/Galician-1.pdf\">Gallego<\/a><\/span><\/p>\n<p><span class=\"link_red\"><a href=\"https:\/\/imd.icom.museum\/wp-content\/uploads\/sites\/54\/2024\/03\/Georgian.pdf\" target=\"_blank\" rel=\"noopener\">Georgiano<\/a><\/span><\/p>\n<p><span class=\"link_red\"><a href=\"https:\/\/imd.icom.museum\/wp-content\/uploads\/sites\/54\/2024\/03\/German.pdf\" target=\"_blank\" rel=\"noopener\">Alem\u00e1n\u00a0<\/a><\/span><\/p>\n<p><span class=\"link_red\"><a href=\"https:\/\/imd.icom.museum\/wp-content\/uploads\/sites\/54\/2024\/03\/Greek.pdf\" target=\"_blank\" rel=\"noopener\">Griego<\/a><\/span><\/p>\n<p><span class=\"link_red\"><a href=\"https:\/\/imd.icom.museum\/wp-content\/uploads\/sites\/54\/2024\/03\/Greenlandic-1.pdf\" target=\"_blank\" rel=\"noopener\">Groenland\u00e9s<\/a><\/span><\/p>\n<p><span class=\"link_red\"><a href=\"https:\/\/imd.icom.museum\/wp-content\/uploads\/sites\/54\/2024\/03\/Guarani-1.pdf\" target=\"_blank\" rel=\"noopener\">Guaran\u00ed<\/a><\/span><\/p>\n<p><span class=\"link_red\"><a href=\"https:\/\/imd.icom.museum\/wp-content\/uploads\/sites\/54\/2024\/03\/Hausa.pdf\" target=\"_blank\" rel=\"noopener\">Hausa<\/a><\/span><\/p>\n<p><span class=\"link_red\"><a href=\"https:\/\/imd.icom.museum\/wp-content\/uploads\/sites\/54\/2024\/03\/Hindi.pdf\" target=\"_blank\" rel=\"noopener\">Hindi<\/a><\/span><\/p>\n<p><span class=\"link_red\"><a href=\"https:\/\/imd.icom.museum\/wp-content\/uploads\/sites\/54\/2024\/03\/Hungarian.pdf\" target=\"_blank\" rel=\"noopener\">H\u00fangaro<\/a><\/span><\/p>\n<p><span class=\"link_red\"><a href=\"https:\/\/imd.icom.museum\/wp-content\/uploads\/sites\/54\/2024\/03\/Italian-1.pdf\" target=\"_blank\" rel=\"noopener\">Italiano<\/a><\/span><\/p>\n<p><span class=\"link_red\"><a href=\"https:\/\/imd.icom.museum\/wp-content\/uploads\/sites\/54\/2024\/03\/Japanese-1.pdf\" target=\"_blank\" rel=\"noopener\">Japon\u00e9s<\/a><\/span><\/p>\n<p><span class=\"link_red\"><a href=\"https:\/\/imd.icom.museum\/wp-content\/uploads\/sites\/54\/2024\/03\/Korean.pdf\" target=\"_blank\" rel=\"noopener\">Coreano<\/a><\/span><\/p>\n<p><span class=\"link_red\"><a href=\"https:\/\/imd.icom.museum\/wp-content\/uploads\/sites\/54\/2024\/04\/Kurdish.pdf\" target=\"_blank\" rel=\"noopener\">Kurdo<\/a><\/span><\/p>\n<p><span class=\"link_red\"><a href=\"https:\/\/imd.icom.museum\/wp-content\/uploads\/sites\/54\/2024\/05\/Khmer.pdf\" target=\"_blank\" rel=\"noopener\">Jermer<\/a><\/span><\/p>\n<p><span class=\"link_red\"><a href=\"https:\/\/imd.icom.museum\/wp-content\/uploads\/sites\/54\/2024\/03\/Lithuanian.pdf\" target=\"_blank\" rel=\"noopener\">Lituano<\/a><\/span><\/p>\n<p><span class=\"link_red\"><a href=\"https:\/\/imd.icom.museum\/wp-content\/uploads\/sites\/54\/2024\/03\/Luxembourgish.pdf\" target=\"_blank\" rel=\"noopener\">Luxemburgu\u00e9s<\/a><\/span><\/p>\n<p><span class=\"link_red\"><a href=\"https:\/\/imd.icom.museum\/wp-content\/uploads\/sites\/54\/2024\/04\/Macedonian.pdf\" target=\"_blank\" rel=\"noopener\">Macedonio<\/a><\/span><\/p>\n<p><span class=\"link_red\"><a href=\"https:\/\/imd.icom.museum\/wp-content\/uploads\/sites\/54\/2024\/05\/Bahasa-Malaysia.pdf\" target=\"_blank\" rel=\"noopener\">Malayo<\/a><\/span><\/p>\n<p><span class=\"link_red\"><a href=\"https:\/\/imd.icom.museum\/wp-content\/uploads\/sites\/54\/2024\/03\/Manipuri.pdf\" target=\"_blank\" rel=\"noopener\">Manipuri<\/a><\/span><\/p>\n<p><span class=\"link_red\"><a href=\"https:\/\/imd.icom.museum\/wp-content\/uploads\/sites\/54\/2024\/03\/Maya-yucateco.pdf\" target=\"_blank\" rel=\"noopener\">Maya yucateco<\/a><\/span><\/p>\n<p><span class=\"link_red\"><a href=\"https:\/\/imd.icom.museum\/wp-content\/uploads\/sites\/54\/2024\/04\/Mongolian.pdf\" target=\"_blank\" rel=\"noopener\">Mongol<\/a><\/span><\/p>\n<p><span class=\"link_red\"><a href=\"https:\/\/imd.icom.museum\/wp-content\/uploads\/sites\/54\/2024\/03\/Norwegian.pdf\" target=\"_blank\" rel=\"noopener\">Noruego<\/a><\/span><\/p>\n<p><span class=\"link_red\"><a href=\"https:\/\/imd.icom.museum\/wp-content\/uploads\/sites\/54\/2024\/03\/Papiamentu.pdf\" target=\"_blank\" rel=\"noopener\">Papiamentu<\/a><\/span><\/p>\n<p><span class=\"link_red\"><a href=\"https:\/\/imd.icom.museum\/wp-content\/uploads\/sites\/54\/2024\/03\/Portuguese-Brazil-1.pdf\" target=\"_blank\" rel=\"noopener\">Portugu\u00e9s (Brasil)<\/a><\/span><\/p>\n<p><span class=\"link_red\"><a href=\"https:\/\/imd.icom.museum\/wp-content\/uploads\/sites\/54\/2024\/03\/Portuguese-Portugal.pdf\" target=\"_blank\" rel=\"noopener\">Portugu\u00e9s (Portugal)<\/a><\/span><\/p>\n<p><span class=\"link_red\"><a href=\"https:\/\/imd.icom.museum\/wp-content\/uploads\/sites\/54\/2024\/03\/Romanian.pdf\" target=\"_blank\" rel=\"noopener\">Rumano<\/a><\/span><\/p>\n<p><span class=\"link_red\"><a href=\"https:\/\/imd.icom.museum\/wp-content\/uploads\/sites\/54\/2024\/03\/Russian.pdf\" target=\"_blank\" rel=\"noopener\">Ruso<\/a><\/span><\/p>\n<p><span class=\"link_red\"><a href=\"https:\/\/imd.icom.museum\/wp-content\/uploads\/sites\/54\/2024\/03\/Serbian.pdf\" target=\"_blank\" rel=\"noopener\">Serbio<\/a><\/span><\/p>\n<p><span class=\"link_red\"><a href=\"https:\/\/imd.icom.museum\/wp-content\/uploads\/sites\/54\/2024\/05\/Siswati.pdf\" target=\"_blank\" rel=\"noopener\">Siswati<\/a><\/span><\/p>\n<p><span class=\"link_red\"><a href=\"https:\/\/imd.icom.museum\/wp-content\/uploads\/sites\/54\/2024\/03\/Turkish-1.pdf\" target=\"_blank\" rel=\"noopener\">Turco<\/a><\/span><\/p>\n<p><span class=\"link_red\"><a href=\"https:\/\/imd.icom.museum\/wp-content\/uploads\/sites\/54\/2024\/03\/Ukrainian.pdf\">Ucraniano<\/a><\/span><\/p>\n<p><span class=\"link_red\"><a href=\"https:\/\/imd.icom.museum\/wp-content\/uploads\/sites\/54\/2024\/03\/Vietnamese.pdf\" target=\"_blank\" rel=\"noopener\">Vietnamita<\/a><\/span><\/p>\n","protected":false},"excerpt":{"rendered":"<p>Para cada D\u00eda Internacional de los Museos, el ICOM elige un tema que est\u00e1 en el centro de las preocupaciones de la sociedad. El ICOM crea un cartel IMD para ilustrar el tema, e invitamos a todos los museos participantes a adaptarlo seg\u00fan sus necesidades: promover una exposici\u00f3n especial, a\u00f1adir elementos locales, jugar con los [&hellip;]<\/p>\n","protected":false},"author":1,"featured_media":0,"parent":474,"menu_order":2,"comment_status":"closed","ping_status":"closed","template":"","meta":{"footnotes":""},"yst_prominent_words":[242,82,430,638,464,466,215,105,1103,239,99,240,238,243,643,236,1106],"acf":[],"_links":{"self":[{"href":"https:\/\/imd.icom.museum\/es\/wp-json\/wp\/v2\/pages\/490"}],"collection":[{"href":"https:\/\/imd.icom.museum\/es\/wp-json\/wp\/v2\/pages"}],"about":[{"href":"https:\/\/imd.icom.museum\/es\/wp-json\/wp\/v2\/types\/page"}],"author":[{"embeddable":true,"href":"https:\/\/imd.icom.museum\/es\/wp-json\/wp\/v2\/users\/1"}],"replies":[{"embeddable":true,"href":"https:\/\/imd.icom.museum\/es\/wp-json\/wp\/v2\/comments?post=490"}],"version-history":[{"count":101,"href":"https:\/\/imd.icom.museum\/es\/wp-json\/wp\/v2\/pages\/490\/revisions"}],"predecessor-version":[{"id":3298,"href":"https:\/\/imd.icom.museum\/es\/wp-json\/wp\/v2\/pages\/490\/revisions\/3298"}],"up":[{"embeddable":true,"href":"https:\/\/imd.icom.museum\/es\/wp-json\/wp\/v2\/pages\/474"}],"wp:attachment":[{"href":"https:\/\/imd.icom.museum\/es\/wp-json\/wp\/v2\/media?parent=490"}],"wp:term":[{"taxonomy":"yst_prominent_words","embeddable":true,"href":"https:\/\/imd.icom.museum\/es\/wp-json\/wp\/v2\/yst_prominent_words?post=490"}],"curies":[{"name":"wp","href":"https:\/\/api.w.org\/{rel}","templated":true}]}}