{"id":482,"date":"2019-01-29T11:52:01","date_gmt":"2019-01-29T11:52:01","guid":{"rendered":"http:\/\/imd.mini.icom.museum\/?page_id=482"},"modified":"2022-01-25T11:27:32","modified_gmt":"2022-01-25T11:27:32","slug":"el-futuro-de-los-museos","status":"publish","type":"page","link":"https:\/\/imd.icom.museum\/es\/ediciones-pasadas\/el-futuro-de-los-museos\/","title":{"rendered":"2021 &#8211; El futuro de los museos: recuperar y reimaginar"},"content":{"rendered":"<p class=\"p1\">Con el tema &#8220;<b>El futuro de los museos: recuperar y reimaginar<\/b>&#8220;, el D\u00eda Internacional de los Museos 2021 invita a los museos, a sus profesionales y a las comunidades a crear, imaginar y compartir nuevas pr\u00e1cticas de (co)creaci\u00f3n de valor, nuevos modelos de negocio para las instituciones culturales y soluciones innovadoras para los retos sociales, econ\u00f3micos y medioambientales del presente.<\/p>\n<p><img decoding=\"async\" loading=\"lazy\" class=\"alignnone wp-image-1995 size-large\" src=\"https:\/\/imd.icom.museum\/wp-content\/uploads\/sites\/54\/2021\/01\/IMD_2021_POSTER_ES-683x1024.jpg\" alt=\"\" width=\"683\" height=\"1024\" srcset=\"https:\/\/imd.icom.museum\/wp-content\/uploads\/sites\/54\/2021\/01\/IMD_2021_POSTER_ES-683x1024.jpg 683w, https:\/\/imd.icom.museum\/wp-content\/uploads\/sites\/54\/2021\/01\/IMD_2021_POSTER_ES-200x300.jpg 200w, https:\/\/imd.icom.museum\/wp-content\/uploads\/sites\/54\/2021\/01\/IMD_2021_POSTER_ES-768x1152.jpg 768w, https:\/\/imd.icom.museum\/wp-content\/uploads\/sites\/54\/2021\/01\/IMD_2021_POSTER_ES.jpg 1667w\" sizes=\"(max-width: 683px) 100vw, 683px\" \/><\/p>\n<p class=\"p1\">El a\u00f1o 2020 ha sido como ning\u00fan otro. La crisis de Covid-19 ha barrido el mundo entero de forma abrupta, afectando a todos los aspectos de nuestras vidas, desde las interacciones con nuestros seres queridos, hasta la forma en que percibimos nuestros hogares y ciudades, pasando por nuestro trabajo y su organizaci\u00f3n. Algunos problemas ya acuciantes se han exacerbado, cuestionando la propia estructura de nuestras sociedades: la llamada a la igualdad es m\u00e1s fuerte que nunca.<\/p>\n<p class=\"p1\">Los museos no son una excepci\u00f3n a estos cambios, y el sector cultural se encuentra entre los m\u00e1s afectados, con graves repercusiones econ\u00f3micas, sociales y psicol\u00f3gicas a corto y largo plazo. Pero esta crisis tambi\u00e9n ha servido de catalizador para innovaciones cruciales que ya estaban en marcha, en particular una mayor atenci\u00f3n a la digitalizaci\u00f3n y la creaci\u00f3n de nuevas formas de experiencia y difusi\u00f3n cultural.<\/p>\n<p class=\"p1\">Este es un momento crucial para nuestra sociedad, y pedimos a los museos que lo asuman y lideren el cambio. Ha llegado el momento de repensar nuestra relaci\u00f3n con las comunidades a las que servimos, de experimentar con modelos nuevos e h\u00edbridos de fruici\u00f3n cultural y de reafirmar con fuerza el valor esencial de los museos para la construcci\u00f3n de un futuro justo y sostenible.<\/p>\n<p class=\"p1\">Debemos abogar por el potencial creativo de la cultura como motor de recuperaci\u00f3n e innovaci\u00f3n en la era post-Covid.<\/p>\n","protected":false},"excerpt":{"rendered":"<p>Con el tema &#8220;El futuro de los museos: recuperar y reimaginar&#8220;, el D\u00eda Internacional de los Museos 2021 invita a los museos, a sus profesionales y a las comunidades a crear, imaginar y compartir nuevas pr\u00e1cticas de (co)creaci\u00f3n de valor, nuevos modelos de negocio para las instituciones culturales y soluciones innovadoras para los retos sociales, [&hellip;]<\/p>\n","protected":false},"author":1,"featured_media":0,"parent":606,"menu_order":1,"comment_status":"closed","ping_status":"closed","template":"","meta":{"footnotes":""},"yst_prominent_words":[245,54,115,94,1120,215,1103,1121,99,240,437,238,243],"acf":[],"_links":{"self":[{"href":"https:\/\/imd.icom.museum\/es\/wp-json\/wp\/v2\/pages\/482"}],"collection":[{"href":"https:\/\/imd.icom.museum\/es\/wp-json\/wp\/v2\/pages"}],"about":[{"href":"https:\/\/imd.icom.museum\/es\/wp-json\/wp\/v2\/types\/page"}],"author":[{"embeddable":true,"href":"https:\/\/imd.icom.museum\/es\/wp-json\/wp\/v2\/users\/1"}],"replies":[{"embeddable":true,"href":"https:\/\/imd.icom.museum\/es\/wp-json\/wp\/v2\/comments?post=482"}],"version-history":[{"count":12,"href":"https:\/\/imd.icom.museum\/es\/wp-json\/wp\/v2\/pages\/482\/revisions"}],"predecessor-version":[{"id":2302,"href":"https:\/\/imd.icom.museum\/es\/wp-json\/wp\/v2\/pages\/482\/revisions\/2302"}],"up":[{"embeddable":true,"href":"https:\/\/imd.icom.museum\/es\/wp-json\/wp\/v2\/pages\/606"}],"wp:attachment":[{"href":"https:\/\/imd.icom.museum\/es\/wp-json\/wp\/v2\/media?parent=482"}],"wp:term":[{"taxonomy":"yst_prominent_words","embeddable":true,"href":"https:\/\/imd.icom.museum\/es\/wp-json\/wp\/v2\/yst_prominent_words?post=482"}],"curies":[{"name":"wp","href":"https:\/\/api.w.org\/{rel}","templated":true}]}}