{"id":2519,"date":"2022-11-23T11:03:46","date_gmt":"2022-11-23T11:03:46","guid":{"rendered":"https:\/\/imd.mini.icom.museum\/?page_id=2519"},"modified":"2022-11-23T11:05:02","modified_gmt":"2022-11-23T11:05:02","slug":"dim-2022-el-poder-de-los-museos","status":"publish","type":"page","link":"https:\/\/imd.icom.museum\/es\/ediciones-pasadas\/dim-2022-el-poder-de-los-museos\/","title":{"rendered":"2022 &#8211; El poder de los museos"},"content":{"rendered":"<p>Los museos tienen el poder de transformar el mundo que nos rodea. Como lugares incomparables de descubrimiento, nos ense\u00f1an nuestro pasado y abren nuestras mentes a nuevas ideas, dos pasos esenciales para construir un futuro mejor.<\/p>\n<p><img decoding=\"async\" loading=\"lazy\" class=\"alignnone size-large wp-image-2307\" src=\"https:\/\/imd.icom.museum\/wp-content\/uploads\/sites\/54\/2022\/01\/IMD_2022_POSTER_FINAL_EN-683x1024.jpg\" alt=\"\" width=\"683\" height=\"1024\" srcset=\"https:\/\/imd.icom.museum\/wp-content\/uploads\/sites\/54\/2022\/01\/IMD_2022_POSTER_FINAL_EN-683x1024.jpg 683w, https:\/\/imd.icom.museum\/wp-content\/uploads\/sites\/54\/2022\/01\/IMD_2022_POSTER_FINAL_EN-200x300.jpg 200w, https:\/\/imd.icom.museum\/wp-content\/uploads\/sites\/54\/2022\/01\/IMD_2022_POSTER_FINAL_EN-768x1152.jpg 768w, https:\/\/imd.icom.museum\/wp-content\/uploads\/sites\/54\/2022\/01\/IMD_2022_POSTER_FINAL_EN-1024x1536.jpg 1024w, https:\/\/imd.icom.museum\/wp-content\/uploads\/sites\/54\/2022\/01\/IMD_2022_POSTER_FINAL_EN-1366x2048.jpg 1366w, https:\/\/imd.icom.museum\/wp-content\/uploads\/sites\/54\/2022\/01\/IMD_2022_POSTER_FINAL_EN-scaled.jpg 1707w\" sizes=\"(max-width: 683px) 100vw, 683px\" \/><\/p>\n<p>En el D\u00eda Internacional de los Museos 2022, que tendr\u00e1 lugar el 18 de mayo, queremos explorar el potencial de los museos para provocar un cambio positivo en sus comunidades a trav\u00e9s de tres lentes:<\/p>\n<ul>\n<li><strong>El poder de lograr la sostenibilidad:<\/strong> Los museos son socios estrat\u00e9gicos en la implementaci\u00f3n de los Objetivos de Desarrollo Sostenible de las Naciones Unidas. Como actores clave en sus comunidades locales, contribuyen a una amplia variedad de Objetivos, que incluyen el fomento del cortocircuito y la econom\u00eda social y la difusi\u00f3n de informaci\u00f3n cient\u00edfica sobre los retos medioambientales.<\/li>\n<li><strong>El poder de la innovaci\u00f3n en la digitalizaci\u00f3n y la accesibilidad:<\/strong> Los museos se han convertido en terrenos de juego innovadores donde se pueden desarrollar nuevas tecnolog\u00edas y aplicarlas a la vida cotidiana. La innovaci\u00f3n digital puede hacer que los museos sean m\u00e1s accesibles y atractivos, ayudando al p\u00fablico a entender conceptos complejos y matizados.<\/li>\n<li><strong>El poder de la construcci\u00f3n de la comunidad a trav\u00e9s de la educaci\u00f3n:<\/strong> A trav\u00e9s de sus colecciones y programas, los museos enhebran un tejido social que es esencial en la construcci\u00f3n de la comunidad. Al defender los valores democr\u00e1ticos y ofrecer oportunidades de aprendizaje permanente a todos, contribuyen a conformar una sociedad civil informada y comprometida.<\/li>\n<\/ul>\n<p>En esta edici\u00f3n del D\u00eda Internacional de los Museos, le invitamos a unirse a miles de museos de todo el mundo para dar rienda suelta al poder de los museos.<\/p>\n","protected":false},"excerpt":{"rendered":"<p>Los museos tienen el poder de transformar el mundo que nos rodea. Como lugares incomparables de descubrimiento, nos ense\u00f1an nuestro pasado y abren nuestras mentes a nuevas ideas, dos pasos esenciales para construir un futuro mejor. En el D\u00eda Internacional de los Museos 2022, que tendr\u00e1 lugar el 18 de mayo, queremos explorar el potencial [&hellip;]<\/p>\n","protected":false},"author":1,"featured_media":0,"parent":606,"menu_order":0,"comment_status":"closed","ping_status":"closed","template":"","meta":{"footnotes":""},"yst_prominent_words":[79,115,94,97,92,91,98,93],"acf":[],"_links":{"self":[{"href":"https:\/\/imd.icom.museum\/es\/wp-json\/wp\/v2\/pages\/2519"}],"collection":[{"href":"https:\/\/imd.icom.museum\/es\/wp-json\/wp\/v2\/pages"}],"about":[{"href":"https:\/\/imd.icom.museum\/es\/wp-json\/wp\/v2\/types\/page"}],"author":[{"embeddable":true,"href":"https:\/\/imd.icom.museum\/es\/wp-json\/wp\/v2\/users\/1"}],"replies":[{"embeddable":true,"href":"https:\/\/imd.icom.museum\/es\/wp-json\/wp\/v2\/comments?post=2519"}],"version-history":[{"count":2,"href":"https:\/\/imd.icom.museum\/es\/wp-json\/wp\/v2\/pages\/2519\/revisions"}],"predecessor-version":[{"id":2523,"href":"https:\/\/imd.icom.museum\/es\/wp-json\/wp\/v2\/pages\/2519\/revisions\/2523"}],"up":[{"embeddable":true,"href":"https:\/\/imd.icom.museum\/es\/wp-json\/wp\/v2\/pages\/606"}],"wp:attachment":[{"href":"https:\/\/imd.icom.museum\/es\/wp-json\/wp\/v2\/media?parent=2519"}],"wp:term":[{"taxonomy":"yst_prominent_words","embeddable":true,"href":"https:\/\/imd.icom.museum\/es\/wp-json\/wp\/v2\/yst_prominent_words?post=2519"}],"curies":[{"name":"wp","href":"https:\/\/api.w.org\/{rel}","templated":true}]}}