{"id":2495,"date":"2022-05-18T15:38:42","date_gmt":"2022-05-18T15:38:42","guid":{"rendered":"https:\/\/imd.mini.icom.museum\/?page_id=2495"},"modified":"2022-05-18T15:38:42","modified_gmt":"2022-05-18T15:38:42","slug":"vuelta-a-los-origenes-del-dia-internacional-de-los-museos","status":"publish","type":"page","link":"https:\/\/imd.icom.museum\/es\/ediciones-pasadas\/vuelta-a-los-origenes-del-dia-internacional-de-los-museos\/","title":{"rendered":"Vuelta a los or\u00edgenes del d\u00eda internacional de los museos"},"content":{"rendered":"<h2 class=\"headline\">El D\u00eda Internacional de los Museos se acerca el 18 de mayo pero, antes, nos remontamos a 1978. Le invitamos a descubrir la historia que hay detr\u00e1s de la creaci\u00f3n de este hito para reunir a la comunidad muse\u00edstica internacional buceando en nuestros archivos recientemente digitalizados.<\/h2>\n<div class=\"separator\">\n<p><strong>1976: EL NACIMIENTO DE UNA IDEA<\/strong><\/p>\n<\/div>\n<p>Ya en 1949, Andr\u00e9 Leveill\u00e9, presidente de 1948 a 1956 del Comit\u00e9 n\u00ba 1 del Icom para los museos cient\u00edficos y t\u00e9cnicos, los planetarios, los museos de la salud y los museos de historia de la ciencia y de la t\u00e9cnica (el futuro CIMUSET), reclamaba una \u201ccruzada muse\u00edstica\u201d al final de su introducci\u00f3n al n\u00famero de Museum, vol. II, n\u00ba 4, de 1949, titulado \u201cLos museos al servicio de todos \/ Les Mus\u00e9es au service de tous.<\/p>\n<blockquote><p>\u201cLos directores de museos pueden mirar al futuro con confianza, pero tambi\u00e9n deben ser conscientes de cu\u00e1les son sus deberes y responsabilidades. Deben trabajar con fait11 y entusiasmo, sum\u00e1ndose a la croisade para los museos que pedimos a la Unesco que lance con toda la potencia y los recursos a su alcance\u201d.<\/p><\/blockquote>\n<p><img decoding=\"async\" loading=\"lazy\" class=\"aligncenter size-full wp-image-48304\" src=\"https:\/\/icom.museum\/wp-content\/uploads\/2022\/05\/second-international-campaign-of-museums.jpeg\" sizes=\"(max-width: 338px) 100vw, 338px\" srcset=\"https:\/\/icom.museum\/wp-content\/uploads\/2022\/05\/second-international-campaign-of-museums.jpeg 338w, https:\/\/icom.museum\/wp-content\/uploads\/2022\/05\/second-international-campaign-of-museums-211x300.jpeg 211w\" alt=\"\" width=\"338\" height=\"480\" \/><\/p>\n<p>A partir de 1956, el ICOM lanz\u00f3 dos \u201ccruzadas muse\u00edsticas\u201d (7-14 de octubre de 1956, y 1967-1968), centradas en el papel educativo de los museos. Pero no fue hasta la 138\u00aa reuni\u00f3n del Consejo Ejecutivo, celebrada los d\u00edas 24 y 25 de junio de 1976, cuando naci\u00f3 la idea de crear un d\u00eda mundial anual dedicado a la causa de los museos. El acta de esta reuni\u00f3n dice:<\/p>\n<blockquote><p>\u201cTras examinar algunas propuestas concretas formuladas por diversos Comit\u00e9s Nacionales, el Consejo Ejecutivo decide :<br \/>\n[\u2026]<br \/>\n\u2013 Pedir al Comit\u00e9 Nacional Sovi\u00e9tico que formule una propuesta para el establecimiento de un D\u00eda Internacional de los Museos\u201d.<\/p><\/blockquote>\n<div class=\"separator\">\n<p><strong>1977: 12\u00aa CONFERENCIA GENERAL DEL ICOM, MOSC\u00da<\/strong><\/p>\n<\/div>\n<p>La Conferencia General de Mosc\u00fa de 1977 reuni\u00f3 a profesionales de todo el mundo en torno al tema \u201cMuseos e intercambios culturales\u201d. Las actas de esta conferencia est\u00e1n\u00a0<a href=\"http:\/\/icom.jlbinfo.info\/bibliotheque\/jlbWeb?html=Bur&amp;base=documentation&amp;ref=31353&amp;file=628.pdf&amp;path=GC-1977_Proceedings_EN-FR.pdf\" target=\"_blank\" rel=\"noopener\">disponibles en l\u00ednea<\/a>.<\/p>\n<p><img decoding=\"async\" loading=\"lazy\" class=\"aligncenter size-large wp-image-48303\" src=\"https:\/\/icom.museum\/wp-content\/uploads\/2022\/05\/Photo_77-1024x664.jpg\" sizes=\"(max-width: 1024px) 100vw, 1024px\" srcset=\"https:\/\/icom.museum\/wp-content\/uploads\/2022\/05\/Photo_77-1024x664.jpg 1024w, https:\/\/icom.museum\/wp-content\/uploads\/2022\/05\/Photo_77-300x195.jpg 300w, https:\/\/icom.museum\/wp-content\/uploads\/2022\/05\/Photo_77-768x498.jpg 768w, https:\/\/icom.museum\/wp-content\/uploads\/2022\/05\/Photo_77-1536x997.jpg 1536w, https:\/\/icom.museum\/wp-content\/uploads\/2022\/05\/Photo_77.jpg 1632w\" alt=\"\" width=\"1024\" height=\"664\" \/><\/p>\n<p><em>Hubert Landais y Georges Henri Rivi\u00e8re en ICOM Mosc\u00fa 1977<\/em><\/p>\n<p>Fue en esta Conferencia General donde se estableci\u00f3 la celebraci\u00f3n anual del D\u00eda Internacional de los Museos el 18 de mayo, a partir de 1978 con la adopci\u00f3n de la Resoluci\u00f3n n\u00ba 5: D\u00eda Internacional de los Museos<\/p>\n<blockquote><p>\u201cObservando el papel cada vez m\u00e1s importante que desempe\u00f1an los museos en muchos pa\u00edses, en el seno de organizaciones cient\u00edficas, culturales y t\u00e9cnicas, que corresponde a los profundos procesos de desarrollo de las aspiraciones de progreso y a las acciones de quienes, en todo el mundo, desean reforzar las relaciones y la comprensi\u00f3n mutua entre los pueblos<\/p>\n<p>Considera racional, para armonizar las aspiraciones y los esfuerzos creativos de los museos y llamar la atenci\u00f3n de la opini\u00f3n mundial sobre su actividad, tomar la decisi\u00f3n de celebrar anualmente un D\u00eda Internacional de los Museos. Este evento se celebrar\u00e1 bajo el lema: \u201cLos museos como medio importante de intercambio cultural, enriquecimiento de las culturas, desarrollo del entendimiento mutuo, cooperaci\u00f3n y paz entre los pueblos\u201d,<\/p>\n<p>Recomienda que el D\u00eda Internacional de los Museos se organice a partir de 1978 y que se celebre cada a\u00f1o el 18 de mayo. Diversos actos marcar\u00e1n este d\u00eda: inauguraci\u00f3n de nuevos museos y exposiciones, encuentros con los visitantes para dar a conocer al p\u00fablico los objetivos, las funciones y las actividades del ICOM y de sus Comit\u00e9s Nacionales, publicaci\u00f3n de art\u00edculos sobre este tema en revistas, intercambio de exposiciones, foros internacionales para debatir los grandes problemas de la teor\u00eda y la pr\u00e1ctica muse\u00edstica<\/p>\n<p>Expresa su confianza en que el D\u00eda anual de los Museos desarrollar\u00e1 el papel de los museos que utilizan el lenguaje universal del objeto original para mejorar la comprensi\u00f3n internacional.<\/p><\/blockquote>\n<p><span class=\"link_blue\"><a href=\"http:\/\/icom.jlbinfo.info\/archives\/jlbWeb?html=Bur&amp;base=archives&amp;ref=2094&amp;file=438.pdf&amp;path=007_GA-1977_resolutions_draft_EN.pdf\" target=\"_blank\" rel=\"noopener\">Lea el proyecto de resoluci\u00f3n<\/a><\/span><\/p>\n<div class=\"separator\">\n<p>1978: PRIMERA EDICI\u00d3N DEL D\u00cdA INTERNACIONAL DE LOS MUSEOS<\/p>\n<\/div>\n<p>La primera edici\u00f3n del D\u00eda Internacional de los Museos fue un \u00e9xito, y en ella participaron museos de todos los continentes. Por ejemplo, en Australia, museos como el South Australian Museum de Adelaida abrieron por primera vez sus almacenes y talleres a los visitantes, ofreci\u00e9ndoles una visi\u00f3n in\u00e9dita de los entresijos. Otros museos de Canad\u00e1 y Espa\u00f1a ofrecieron espect\u00e1culos visuales y sonoros, y la mayor\u00eda de los museos de Ir\u00e1n abrieron sus puertas al p\u00fablico de forma gratuita. En Nueva Zelanda, el Museo del Distrito de Tauranga celebr\u00f3 una fiesta de disfraces para el personal y los voluntarios. Tambi\u00e9n se organizaron numerosas conferencias en torno al papel de los museos y del ICOM en la comunidad muse\u00edstica mundial.<\/p>\n<p>Para m\u00e1s informaci\u00f3n: Noticias del ICOM, Vol. 31, n\u00ba 1-4, p. 12-15: Art\u00edculo sobre el primer D\u00eda Internacional de los Museos, el 18 de mayo de 1978<br \/>\nhttps:\/\/gallica.bnf.fr\/ark:\/12148\/bpt6k6585110w\/f14.item<\/p>\n<div class=\"separator\">\n<p>ENCUENTRE M\u00c1S INFORMACI\u00d3N EN LA BIBLIOTECA EN L\u00cdNEA<\/p>\n<\/div>\n<p>Si es usted miembro del ICOM, ahora puede encontrar en el portal de los Archivos 21 documentos (programas, cartas, informes, adhesivos, cancelaciones conmemorativas) de Espa\u00f1a, Suiza, Portugal, Estados Unidos, Reino Unido, Ir\u00e1n, Ruman\u00eda y Rusia sobre este d\u00eda. Para encontrarlos: \u00c1rea de miembros: Herramientas para comit\u00e9s \/ cat\u00e1logo en l\u00ednea \/ Archivos \/ palabra clave = D\u00eda Internacional de los Museos + a\u00f1o de edici\u00f3n = 1978.<\/p>\n<p>Descubra tambi\u00e9n los carteles originales digitalizados de esta edici\u00f3n de 1978 en Portugal, Catalu\u00f1a y Ruman\u00eda, descargables en alta definici\u00f3n en el portal ICOM Images.<\/p>\n<p>Para encontrarlos : Espacio miembros : Herramientas para las comisiones \/ cat\u00e1logo en l\u00ednea \/ Im\u00e1genes \/ B\u00fasqueda avanzada : palabra clave = d\u00eda internacional de los museos + a\u00f1o de edici\u00f3n = 1978<\/p>\n<p><span class=\"link_yellow\"><a href=\"https:\/\/icom.museum\/es\/recursos\/biblioteca-en-linea\/\">M\u00e1s informaci\u00f3n sobre la biblioteca en l\u00ednea<\/a><\/span><\/p>\n","protected":false},"excerpt":{"rendered":"<p>El D\u00eda Internacional de los Museos se acerca el 18 de mayo pero, antes, nos remontamos a 1978. Le invitamos a descubrir la historia que hay detr\u00e1s de la creaci\u00f3n de este hito para reunir a la comunidad muse\u00edstica internacional buceando en nuestros archivos recientemente digitalizados. 1976: EL NACIMIENTO DE UNA IDEA Ya en 1949, [&hellip;]<\/p>\n","protected":false},"author":1,"featured_media":0,"parent":606,"menu_order":7,"comment_status":"closed","ping_status":"closed","template":"","meta":{"footnotes":""},"yst_prominent_words":[],"acf":[],"_links":{"self":[{"href":"https:\/\/imd.icom.museum\/es\/wp-json\/wp\/v2\/pages\/2495"}],"collection":[{"href":"https:\/\/imd.icom.museum\/es\/wp-json\/wp\/v2\/pages"}],"about":[{"href":"https:\/\/imd.icom.museum\/es\/wp-json\/wp\/v2\/types\/page"}],"author":[{"embeddable":true,"href":"https:\/\/imd.icom.museum\/es\/wp-json\/wp\/v2\/users\/1"}],"replies":[{"embeddable":true,"href":"https:\/\/imd.icom.museum\/es\/wp-json\/wp\/v2\/comments?post=2495"}],"version-history":[{"count":1,"href":"https:\/\/imd.icom.museum\/es\/wp-json\/wp\/v2\/pages\/2495\/revisions"}],"predecessor-version":[{"id":2496,"href":"https:\/\/imd.icom.museum\/es\/wp-json\/wp\/v2\/pages\/2495\/revisions\/2496"}],"up":[{"embeddable":true,"href":"https:\/\/imd.icom.museum\/es\/wp-json\/wp\/v2\/pages\/606"}],"wp:attachment":[{"href":"https:\/\/imd.icom.museum\/es\/wp-json\/wp\/v2\/media?parent=2495"}],"wp:term":[{"taxonomy":"yst_prominent_words","embeddable":true,"href":"https:\/\/imd.icom.museum\/es\/wp-json\/wp\/v2\/yst_prominent_words?post=2495"}],"curies":[{"name":"wp","href":"https:\/\/api.w.org\/{rel}","templated":true}]}}