{"id":2311,"date":"2022-01-25T11:42:03","date_gmt":"2022-01-25T11:42:03","guid":{"rendered":"https:\/\/imd.mini.icom.museum\/?page_id=2311"},"modified":"2024-03-06T09:33:51","modified_gmt":"2024-03-06T09:33:51","slug":"el-tema-el-poder-de-los-museos","status":"publish","type":"page","link":"https:\/\/imd.icom.museum\/es\/dia-internacional-de-los-museos-2023\/el-tema-el-poder-de-los-museos\/","title":{"rendered":"El tema &#8211; Museos por la educaci\u00f3n y la investigaci\u00f3n"},"content":{"rendered":"<p>El tema de este a\u00f1o, \u201cMuseos por la educaci\u00f3n y la investigaci\u00f3n\u201d, subraya el papel fundamental de las instituciones culturales a la hora de proporcionar una experiencia educativa hol\u00edstica. Este d\u00eda aboga por un mundo m\u00e1s consciente, sostenible e integrador.<\/p>\n<p><img decoding=\"async\" loading=\"lazy\" class=\"size-large wp-image-2942 aligncenter\" src=\"https:\/\/imd.icom.museum\/wp-content\/uploads\/sites\/54\/2024\/02\/IMD_Poster_Trilingual_RGB-683x1024.jpg\" alt=\"\" width=\"683\" height=\"1024\" srcset=\"https:\/\/imd.icom.museum\/wp-content\/uploads\/sites\/54\/2024\/02\/IMD_Poster_Trilingual_RGB-683x1024.jpg 683w, https:\/\/imd.icom.museum\/wp-content\/uploads\/sites\/54\/2024\/02\/IMD_Poster_Trilingual_RGB-200x300.jpg 200w, https:\/\/imd.icom.museum\/wp-content\/uploads\/sites\/54\/2024\/02\/IMD_Poster_Trilingual_RGB-768x1152.jpg 768w, https:\/\/imd.icom.museum\/wp-content\/uploads\/sites\/54\/2024\/02\/IMD_Poster_Trilingual_RGB-1024x1536.jpg 1024w, https:\/\/imd.icom.museum\/wp-content\/uploads\/sites\/54\/2024\/02\/IMD_Poster_Trilingual_RGB-1365x2048.jpg 1365w, https:\/\/imd.icom.museum\/wp-content\/uploads\/sites\/54\/2024\/02\/IMD_Poster_Trilingual_RGB-scaled.jpg 1707w\" sizes=\"(max-width: 683px) 100vw, 683px\" \/><\/p>\n<p>Los museos son centros educativos din\u00e1micos que fomentan la curiosidad, la creatividad y el pensamiento cr\u00edtico. En 2024, reconocemos su contribuci\u00f3n a la investigaci\u00f3n, proporcionando una plataforma para la exploraci\u00f3n y la difusi\u00f3n de nuevas ideas. Desde el arte y la historia hasta la ciencia y la tecnolog\u00eda, los museos son espacios vitales donde la educaci\u00f3n y la investigaci\u00f3n convergen para dar forma a nuestra comprensi\u00f3n del mundo.<\/p>\n<p>Cada a\u00f1o desde 2020, el D\u00eda Internacional de los Museos apoya un conjunto de los Objetivos de Desarrollo Sostenible de las Naciones Unidas. En 2024, nos centraremos en:<\/p>\n<ul>\n<li><strong>Objetivo 4: Educaci\u00f3n de calidad<\/strong>\u00a0\u2013 Garantizar una educaci\u00f3n de calidad inclusiva y equitativa y promover oportunidades de aprendizaje permanente para todos.<\/li>\n<li><strong>Objetivo 9: Industria, Innovaci\u00f3n e Infraestructura<\/strong>\u00a0\u2013 Construir infraestructuras resilientes, promover la industrializaci\u00f3n inclusiva y sostenible y fomentar la innovaci\u00f3n.<\/li>\n<\/ul>\n<p>Para el DIM 2024 queremos invitar a la gente a repensar la educaci\u00f3n e imaginar un futuro en el que el intercambio de conocimientos trascienda las barreras, en el que la innovaci\u00f3n se una a la tradici\u00f3n.<strong> El 18 de mayo<\/strong>, \u00f9nase a nosotros para explorar la riqueza de conocimientos que ofrecen los museos y, juntos, construir un mundo m\u00e1s informado e inclusivo.<\/p>\n<p>Para m\u00e1s informaci\u00f3n, no dude en ponerse en contacto con nosotros en <strong><a href=\"mailto:imd@icom.museum\">imd@icom.museum<\/a><\/strong><\/p>\n","protected":false},"excerpt":{"rendered":"<p>El tema de este a\u00f1o, \u201cMuseos por la educaci\u00f3n y la investigaci\u00f3n\u201d, subraya el papel fundamental de las instituciones culturales a la hora de proporcionar una experiencia educativa hol\u00edstica. Este d\u00eda aboga por un mundo m\u00e1s consciente, sostenible e integrador. Los museos son centros educativos din\u00e1micos que fomentan la curiosidad, la creatividad y el pensamiento [&hellip;]<\/p>\n","protected":false},"author":1,"featured_media":0,"parent":474,"menu_order":1,"comment_status":"closed","ping_status":"closed","template":"","meta":{"footnotes":""},"yst_prominent_words":[417,99,1259],"acf":[],"_links":{"self":[{"href":"https:\/\/imd.icom.museum\/es\/wp-json\/wp\/v2\/pages\/2311"}],"collection":[{"href":"https:\/\/imd.icom.museum\/es\/wp-json\/wp\/v2\/pages"}],"about":[{"href":"https:\/\/imd.icom.museum\/es\/wp-json\/wp\/v2\/types\/page"}],"author":[{"embeddable":true,"href":"https:\/\/imd.icom.museum\/es\/wp-json\/wp\/v2\/users\/1"}],"replies":[{"embeddable":true,"href":"https:\/\/imd.icom.museum\/es\/wp-json\/wp\/v2\/comments?post=2311"}],"version-history":[{"count":9,"href":"https:\/\/imd.icom.museum\/es\/wp-json\/wp\/v2\/pages\/2311\/revisions"}],"predecessor-version":[{"id":3006,"href":"https:\/\/imd.icom.museum\/es\/wp-json\/wp\/v2\/pages\/2311\/revisions\/3006"}],"up":[{"embeddable":true,"href":"https:\/\/imd.icom.museum\/es\/wp-json\/wp\/v2\/pages\/474"}],"wp:attachment":[{"href":"https:\/\/imd.icom.museum\/es\/wp-json\/wp\/v2\/media?parent=2311"}],"wp:term":[{"taxonomy":"yst_prominent_words","embeddable":true,"href":"https:\/\/imd.icom.museum\/es\/wp-json\/wp\/v2\/yst_prominent_words?post=2311"}],"curies":[{"name":"wp","href":"https:\/\/api.w.org\/{rel}","templated":true}]}}