{"id":2094,"date":"2021-02-01T11:43:04","date_gmt":"2021-02-01T11:43:04","guid":{"rendered":"http:\/\/imd.mini.icom.museum\/?page_id=2094"},"modified":"2022-01-25T11:28:15","modified_gmt":"2022-01-25T11:28:15","slug":"2020-museos-por-la-igualdad-diversidad-e-inclusion","status":"publish","type":"page","link":"https:\/\/imd.icom.museum\/es\/ediciones-pasadas\/2020-museos-por-la-igualdad-diversidad-e-inclusion\/","title":{"rendered":"2020 &#8211; Museos por la igualdad: diversidad e inclusi\u00f3n"},"content":{"rendered":"<p>Con el tema <strong>Museos por la igualdad: diversidad e inclusi\u00f3n<\/strong>, el D\u00eda Internacional de los Museos 2020 tiene como objetivo convertirse en un punto de encuentro para celebrar la diversidad de perspectivas que conforman las comunidades y el personal de los museos, as\u00ed como promover herramientas para identificar y superar los prejuicios en lo que los museos muestran y en las historias que cuentan<\/p>\n<p><img decoding=\"async\" loading=\"lazy\" class=\"alignnone wp-image-1333 size-large\" src=\"https:\/\/imd.icom.museum\/wp-content\/uploads\/sites\/54\/2020\/01\/IMD2020-affiche-OK_ESP-light-682x1024.jpg\" alt=\"\" width=\"682\" height=\"1024\" srcset=\"https:\/\/imd.icom.museum\/wp-content\/uploads\/sites\/54\/2020\/01\/IMD2020-affiche-OK_ESP-light-682x1024.jpg 682w, https:\/\/imd.icom.museum\/wp-content\/uploads\/sites\/54\/2020\/01\/IMD2020-affiche-OK_ESP-light-200x300.jpg 200w, https:\/\/imd.icom.museum\/wp-content\/uploads\/sites\/54\/2020\/01\/IMD2020-affiche-OK_ESP-light-768x1152.jpg 768w, https:\/\/imd.icom.museum\/wp-content\/uploads\/sites\/54\/2020\/01\/IMD2020-affiche-OK_ESP-light.jpg 1181w\" sizes=\"(max-width: 682px) 100vw, 682px\" \/><\/p>\n<p>El potencial de los museos para crear experiencias significativas para personas de todos los or\u00edgenes es una parte fundamental de su valor social. Como agentes de cambio e instituciones confiables, no hay tiempo como el presente para que los museos demuestren su relevancia al participar constructivamente en las realidades pol\u00edticas, sociales y culturales de la sociedad moderna.<\/p>\n<p>Aunque los desaf\u00edos que conllevan abordar la inclusi\u00f3n, la diversidad y otros temas sociales complejos en entornos cada vez m\u00e1s polarizados no son exclusivos a museos e instituciones culturales, su papel es importante debido a la alta consideraci\u00f3n que tienen en la sociedad.<\/p>\n<p>Una creciente expectativa p\u00fablica por el cambio social ha catalizado una conversaci\u00f3n sobre el potencial social de los museos en forma de exposiciones, conferencias, espect\u00e1culos, programas educativos e iniciativas. Sin embargo, queda mucho por hacer para superar las din\u00e1micas de poder conscientes y subconscientes que pueden crear disparidades dentro de los museos, y entre los museos y sus visitantes.<\/p>\n<h3>Estas disparidades pueden relacionarse con muchos temas, incluyendo origen \u00e9tnico, g\u00e9nero, orientaci\u00f3n e identidad sexual, origen socioecon\u00f3mico, nivel educativo, capacidad f\u00edsica, afiliaci\u00f3n pol\u00edtica y creencias religiosas.<\/h3>\n<p>Tras el brote de COVID-19 y los posteriores cierres, decidimos adaptar el formato y centrarnos en las actividades digitales, para promover los valores del DIM y garantizar al mismo tiempo la seguridad del p\u00fablico y del personal. A pesar de las limitaciones impuestas por un formato exclusivamente digital, las actividades de #IMD2020 llegaron a m\u00e1s de 83 000 usuarios en las redes sociales, \u00a1s\u00f3lo el 18 de mayo!<\/p>\n<hr \/>\n<p>Hemos recopilado algunas de nuestras reinterpretaciones favoritas del cartel del D\u00eda Internacional de los Museos 2020. \u00a1Gracias a todos los participantes y amantes de los museos que defendieron #Museums4Equality con nosotros!<\/p>\n<p><em>Cr\u00e9ditos: @ ICOMColombia; @ ICOM Iran; @ BirKultur-Kizilcasar Gallery, Turqu\u00eda; @ National Museum of History, Taiwan; @ MarieFrancoiseDelval; @ Museo de la Universidad del Rosario, Colombia<\/em><\/p>\n<p><img decoding=\"async\" loading=\"lazy\" class=\"alignnone size-medium wp-image-2017\" src=\"https:\/\/imd.icom.museum\/wp-content\/uploads\/sites\/54\/2021\/01\/EYhpyVXX0AAPc39-295x300.png\" alt=\"\" width=\"295\" height=\"300\" srcset=\"https:\/\/imd.icom.museum\/wp-content\/uploads\/sites\/54\/2021\/01\/EYhpyVXX0AAPc39-295x300.png 295w, https:\/\/imd.icom.museum\/wp-content\/uploads\/sites\/54\/2021\/01\/EYhpyVXX0AAPc39.png 618w\" sizes=\"(max-width: 295px) 100vw, 295px\" \/> <img decoding=\"async\" loading=\"lazy\" class=\"alignnone size-medium wp-image-2014\" src=\"https:\/\/imd.icom.museum\/wp-content\/uploads\/sites\/54\/2021\/01\/EYhpyVSXgAArtfx-300x300.jpeg\" alt=\"\" width=\"300\" height=\"300\" srcset=\"https:\/\/imd.icom.museum\/wp-content\/uploads\/sites\/54\/2021\/01\/EYhpyVSXgAArtfx-300x300.jpeg 300w, https:\/\/imd.icom.museum\/wp-content\/uploads\/sites\/54\/2021\/01\/EYhpyVSXgAArtfx-150x150.jpeg 150w, https:\/\/imd.icom.museum\/wp-content\/uploads\/sites\/54\/2021\/01\/EYhpyVSXgAArtfx-768x768.jpeg 768w, https:\/\/imd.icom.museum\/wp-content\/uploads\/sites\/54\/2021\/01\/EYhpyVSXgAArtfx.jpeg 1024w\" sizes=\"(max-width: 300px) 100vw, 300px\" \/> <img decoding=\"async\" loading=\"lazy\" class=\"alignnone size-medium wp-image-2011\" src=\"https:\/\/imd.icom.museum\/wp-content\/uploads\/sites\/54\/2021\/01\/EYhpyVRXgAAet7E-300x281.png\" alt=\"\" width=\"300\" height=\"281\" srcset=\"https:\/\/imd.icom.museum\/wp-content\/uploads\/sites\/54\/2021\/01\/EYhpyVRXgAAet7E-300x281.png 300w, https:\/\/imd.icom.museum\/wp-content\/uploads\/sites\/54\/2021\/01\/EYhpyVRXgAAet7E.png 471w\" sizes=\"(max-width: 300px) 100vw, 300px\" \/> <img decoding=\"async\" loading=\"lazy\" class=\"alignnone size-medium wp-image-2008\" src=\"https:\/\/imd.icom.museum\/wp-content\/uploads\/sites\/54\/2021\/01\/EYhpyVRWAAA_d9J-200x300.jpeg\" alt=\"\" width=\"200\" height=\"300\" srcset=\"https:\/\/imd.icom.museum\/wp-content\/uploads\/sites\/54\/2021\/01\/EYhpyVRWAAA_d9J-200x300.jpeg 200w, https:\/\/imd.icom.museum\/wp-content\/uploads\/sites\/54\/2021\/01\/EYhpyVRWAAA_d9J-683x1024.jpeg 683w, https:\/\/imd.icom.museum\/wp-content\/uploads\/sites\/54\/2021\/01\/EYhpyVRWAAA_d9J.jpeg 700w\" sizes=\"(max-width: 200px) 100vw, 200px\" \/> <img decoding=\"async\" loading=\"lazy\" class=\"alignnone size-medium wp-image-2005\" src=\"https:\/\/imd.icom.museum\/wp-content\/uploads\/sites\/54\/2021\/01\/EYhp9rZXQAECiea-282x300.jpeg\" alt=\"\" width=\"282\" height=\"300\" srcset=\"https:\/\/imd.icom.museum\/wp-content\/uploads\/sites\/54\/2021\/01\/EYhp9rZXQAECiea-282x300.jpeg 282w, https:\/\/imd.icom.museum\/wp-content\/uploads\/sites\/54\/2021\/01\/EYhp9rZXQAECiea.jpeg 605w\" sizes=\"(max-width: 282px) 100vw, 282px\" \/> <img decoding=\"async\" loading=\"lazy\" class=\"alignnone size-medium wp-image-2002\" src=\"https:\/\/imd.icom.museum\/wp-content\/uploads\/sites\/54\/2021\/01\/EYhp9rhX0AIwOXD-300x210.png\" alt=\"\" width=\"300\" height=\"210\" srcset=\"https:\/\/imd.icom.museum\/wp-content\/uploads\/sites\/54\/2021\/01\/EYhp9rhX0AIwOXD-300x210.png 300w, https:\/\/imd.icom.museum\/wp-content\/uploads\/sites\/54\/2021\/01\/EYhp9rhX0AIwOXD-768x538.png 768w, https:\/\/imd.icom.museum\/wp-content\/uploads\/sites\/54\/2021\/01\/EYhp9rhX0AIwOXD.png 834w\" sizes=\"(max-width: 300px) 100vw, 300px\" \/><\/p>\n","protected":false},"excerpt":{"rendered":"<p>Con el tema Museos por la igualdad: diversidad e inclusi\u00f3n, el D\u00eda Internacional de los Museos 2020 tiene como objetivo convertirse en un punto de encuentro para celebrar la diversidad de perspectivas que conforman las comunidades y el personal de los museos, as\u00ed como promover herramientas para identificar y superar los prejuicios en lo que [&hellip;]<\/p>\n","protected":false},"author":1,"featured_media":0,"parent":606,"menu_order":0,"comment_status":"closed","ping_status":"closed","template":"","meta":{"footnotes":""},"yst_prominent_words":[115,94,854,121,97,92,91,206,215,1149,122,98,93,853,83,99,855,311,982,661],"acf":[],"_links":{"self":[{"href":"https:\/\/imd.icom.museum\/es\/wp-json\/wp\/v2\/pages\/2094"}],"collection":[{"href":"https:\/\/imd.icom.museum\/es\/wp-json\/wp\/v2\/pages"}],"about":[{"href":"https:\/\/imd.icom.museum\/es\/wp-json\/wp\/v2\/types\/page"}],"author":[{"embeddable":true,"href":"https:\/\/imd.icom.museum\/es\/wp-json\/wp\/v2\/users\/1"}],"replies":[{"embeddable":true,"href":"https:\/\/imd.icom.museum\/es\/wp-json\/wp\/v2\/comments?post=2094"}],"version-history":[{"count":3,"href":"https:\/\/imd.icom.museum\/es\/wp-json\/wp\/v2\/pages\/2094\/revisions"}],"predecessor-version":[{"id":2303,"href":"https:\/\/imd.icom.museum\/es\/wp-json\/wp\/v2\/pages\/2094\/revisions\/2303"}],"up":[{"embeddable":true,"href":"https:\/\/imd.icom.museum\/es\/wp-json\/wp\/v2\/pages\/606"}],"wp:attachment":[{"href":"https:\/\/imd.icom.museum\/es\/wp-json\/wp\/v2\/media?parent=2094"}],"wp:term":[{"taxonomy":"yst_prominent_words","embeddable":true,"href":"https:\/\/imd.icom.museum\/es\/wp-json\/wp\/v2\/yst_prominent_words?post=2094"}],"curies":[{"name":"wp","href":"https:\/\/api.w.org\/{rel}","templated":true}]}}