{"id":203,"date":"2019-01-07T21:35:59","date_gmt":"2019-01-07T21:35:59","guid":{"rendered":"http:\/\/international-museum-day.icom.cust.oxymium.net\/prensa\/comunicados-de-prensa\/"},"modified":"2024-02-29T09:38:51","modified_gmt":"2024-02-29T09:38:51","slug":"comunicados-de-prensa","status":"publish","type":"page","link":"https:\/\/imd.icom.museum\/es\/prensa\/comunicados-de-prensa\/","title":{"rendered":"Comunicados de prensa"},"content":{"rendered":"<div id=\"RTE_CONTENT\">\n<p><!--TYPO3SEARCH_begin--> <!-- CONTENT ELEMENT, uid:18758\/textpic [begin] --><\/p>\n<div id=\"c18758\">\n<p><!-- Image block: [begin] --><\/p>\n<div>\n<h2>El D\u00eda Internacional de los Museos 2024 se centrar\u00e1 en la educaci\u00f3n y la investigaci\u00f3n en los museos.<\/h2>\n<div>\n<p><img decoding=\"async\" loading=\"lazy\" class=\"alignnone size-large wp-image-2939 aligncenter\" src=\"https:\/\/imd.icom.museum\/wp-content\/uploads\/sites\/54\/2024\/02\/IMD_Poster_Sp_RGB-683x1024.jpg\" alt=\"\" width=\"683\" height=\"1024\" srcset=\"https:\/\/imd.icom.museum\/wp-content\/uploads\/sites\/54\/2024\/02\/IMD_Poster_Sp_RGB-683x1024.jpg 683w, https:\/\/imd.icom.museum\/wp-content\/uploads\/sites\/54\/2024\/02\/IMD_Poster_Sp_RGB-200x300.jpg 200w, https:\/\/imd.icom.museum\/wp-content\/uploads\/sites\/54\/2024\/02\/IMD_Poster_Sp_RGB-768x1152.jpg 768w, https:\/\/imd.icom.museum\/wp-content\/uploads\/sites\/54\/2024\/02\/IMD_Poster_Sp_RGB-1024x1536.jpg 1024w, https:\/\/imd.icom.museum\/wp-content\/uploads\/sites\/54\/2024\/02\/IMD_Poster_Sp_RGB-1365x2048.jpg 1365w, https:\/\/imd.icom.museum\/wp-content\/uploads\/sites\/54\/2024\/02\/IMD_Poster_Sp_RGB-scaled.jpg 1707w\" sizes=\"(max-width: 683px) 100vw, 683px\" \/><\/p>\n<\/div>\n<div>\n<p class=\"p1\">Para el DIM 2024 queremos invitar a las personas a repensar la educaci\u00f3n e <strong>imaginar un futuro en el que el intercambio de conocimientos trascienda las barreras; en el que la innovaci\u00f3n se una a la tradici\u00f3n.<\/strong> \u00dananse a nosotros para explorar la riqueza de conocimientos que ofrecen los museos y, juntos, construir un mundo m\u00e1s informado e inclusivo.<\/p>\n<\/div>\n<p><span class=\"link_red\"><a href=\"https:\/\/imd.icom.museum\/wp-content\/uploads\/sites\/54\/2024\/02\/Presse-release-International-Museum-Day-2024-ES.pdf\">Descargar el comunicado de prensa<\/a><\/span><\/p>\n<div>\n<hr \/>\n<p class=\"p1\"><b>El Consejo Internacional de Museos (ICOM)<\/b> cre\u00f3 el D\u00eda Internacional de los Museos en 1977 para sensibilizar al p\u00fablico sobre el papel de los museos en el desarrollo de la sociedad. Desde entonces, la popularidad del evento no ha dejado de crecer. En 2023, a pesar de las limitaciones impuestas por un formato exclusivamente digital, las actividades #IMD2023 generaron 901.000 interacciones en las redes sociales.<\/p>\n<hr \/>\n<\/div>\n<\/div>\n<p><!-- END: Content of extension \"hpo_relatedlink\", plugin \"tx_hporelatedlink_pi1\" --><\/p>\n<\/div>\n<p><!-- CONTENT ELEMENT, uid:18758\/textpic [end] --> <!--TYPO3SEARCH_end--><\/p>\n<p><strong>CONTACTOS DE PRENSA<\/strong><\/p>\n<div>CONSEJO INTERNACIONAL DE LOS MUSEOS<\/div>\n<div>Departamento de Comunicaci\u00f3n y Relaciones Exteriores del ICOM<\/div>\n<div><\/div>\n<div><a href=\"mailto:communication@icom.museum\">communication@icom.museum<\/a><\/div>\n<\/div>\n","protected":false},"excerpt":{"rendered":"<p>El D\u00eda Internacional de los Museos 2024 se centrar\u00e1 en la educaci\u00f3n y la investigaci\u00f3n en los museos. Para el DIM 2024 queremos invitar a las personas a repensar la educaci\u00f3n e imaginar un futuro en el que el intercambio de conocimientos trascienda las barreras; en el que la innovaci\u00f3n se una a la tradici\u00f3n. [&hellip;]<\/p>\n","protected":false},"author":1,"featured_media":0,"parent":161,"menu_order":1,"comment_status":"closed","ping_status":"closed","template":"","meta":{"footnotes":""},"yst_prominent_words":[302,82,115,94,797,97,92,91,206,305,119,100,95,223,122,98,93,99,805],"acf":[],"_links":{"self":[{"href":"https:\/\/imd.icom.museum\/es\/wp-json\/wp\/v2\/pages\/203"}],"collection":[{"href":"https:\/\/imd.icom.museum\/es\/wp-json\/wp\/v2\/pages"}],"about":[{"href":"https:\/\/imd.icom.museum\/es\/wp-json\/wp\/v2\/types\/page"}],"author":[{"embeddable":true,"href":"https:\/\/imd.icom.museum\/es\/wp-json\/wp\/v2\/users\/1"}],"replies":[{"embeddable":true,"href":"https:\/\/imd.icom.museum\/es\/wp-json\/wp\/v2\/comments?post=203"}],"version-history":[{"count":16,"href":"https:\/\/imd.icom.museum\/es\/wp-json\/wp\/v2\/pages\/203\/revisions"}],"predecessor-version":[{"id":3001,"href":"https:\/\/imd.icom.museum\/es\/wp-json\/wp\/v2\/pages\/203\/revisions\/3001"}],"up":[{"embeddable":true,"href":"https:\/\/imd.icom.museum\/es\/wp-json\/wp\/v2\/pages\/161"}],"wp:attachment":[{"href":"https:\/\/imd.icom.museum\/es\/wp-json\/wp\/v2\/media?parent=203"}],"wp:term":[{"taxonomy":"yst_prominent_words","embeddable":true,"href":"https:\/\/imd.icom.museum\/es\/wp-json\/wp\/v2\/yst_prominent_words?post=203"}],"curies":[{"name":"wp","href":"https:\/\/api.w.org\/{rel}","templated":true}]}}