{"id":1767,"date":"2020-04-21T18:49:28","date_gmt":"2020-04-21T18:49:28","guid":{"rendered":"http:\/\/imd.mini.icom.museum\/?page_id=1767"},"modified":"2024-05-15T12:28:39","modified_gmt":"2024-05-15T12:28:39","slug":"a-menos-de-un-mes-del-dim-2020-hablemos-de-inclusion-digital","status":"publish","type":"page","link":"https:\/\/imd.icom.museum\/es\/dia-internacional-de-los-museos-2023\/a-menos-de-un-mes-del-dim-2020-hablemos-de-inclusion-digital\/","title":{"rendered":"Eventos digitales o h\u00edbridos"},"content":{"rendered":"<h3><strong>Celebrando el D\u00eda Internacional de los Museos: Abrazando los Eventos Digitales e H\u00edbridos<\/strong><\/h3>\n<p>En los \u00faltimos a\u00f1os, el Consejo Internacional de Museos (ICOM) ha liderado un cambio transformador en la forma en que celebramos el D\u00eda Internacional de los Museos. Desde 2020, en medio de desaf\u00edos globales y avances tecnol\u00f3gicos, el ICOM ha promovido la integraci\u00f3n de herramientas digitales e innovaci\u00f3n en el tejido mismo de esta celebraci\u00f3n anual. Reconociendo el panorama en evoluci\u00f3n del compromiso cultural, el plan estrat\u00e9gico del ICOM enfatiza la importancia de adoptar plataformas digitales para llegar a audiencias m\u00e1s amplias y fomentar una conexi\u00f3n m\u00e1s profunda con el patrimonio cultural.<\/p>\n<p><img decoding=\"async\" loading=\"lazy\" class=\"alignnone wp-image-2051 size-large\" src=\"https:\/\/imd.icom.museum\/wp-content\/uploads\/sites\/54\/2021\/01\/42264314035_d6e835bf16_b-1024x683-1024x683.jpg\" alt=\"\" width=\"1024\" height=\"683\" srcset=\"https:\/\/imd.icom.museum\/wp-content\/uploads\/sites\/54\/2021\/01\/42264314035_d6e835bf16_b-1024x683.jpg 1024w, https:\/\/imd.icom.museum\/wp-content\/uploads\/sites\/54\/2021\/01\/42264314035_d6e835bf16_b-1024x683-300x200.jpg 300w, https:\/\/imd.icom.museum\/wp-content\/uploads\/sites\/54\/2021\/01\/42264314035_d6e835bf16_b-1024x683-768x512.jpg 768w\" sizes=\"(max-width: 1024px) 100vw, 1024px\" \/><\/p>\n<h3 class=\"p3\"><span class=\"s1\"><b>COMUNICARSE A DISTANCIA CON SU P\u00daBLICO<\/b><\/span><\/h3>\n<p>Uno de los pilares clave de la visi\u00f3n estrat\u00e9gica del ICOM es la promoci\u00f3n de actividades que aprovechen el poder de los eventos digitales e h\u00edbridos. En una era marcada por el r\u00e1pido avance tecnol\u00f3gico, los museos est\u00e1n adoptando estos enfoques innovadores para involucrar a las audiencias m\u00e1s all\u00e1 de las fronteras f\u00edsicas. A trav\u00e9s de exhibiciones digitales, visitas virtuales y experiencias interactivas en l\u00ednea, los museos est\u00e1n trascendiendo las limitaciones geogr\u00e1ficas, permitiendo que personas de todos los rincones del mundo exploren y aprecien narrativas culturales diversas.<\/p>\n<hr \/>\n<h3 class=\"p3\"><span class=\"s1\"><b>LA VOZ<\/b><\/span><\/h3>\n<p class=\"p1\"><span class=\"s1\">Como hemos visto, unos directores y conservadores de museos han comenzado ellos mismos a narrar sus colecciones: iniciativas como \u201c<em><a href=\"https:\/\/twitter.com\/askacurator\"><span class=\"s2\">Ask a curator<\/span><\/a><\/em>\u201d o \u201c<em><a href=\"https:\/\/www.youtube.com\/watch?v=U9UUIkr0l2U&amp;feature=emb_title\"><span class=\"s2\">Le passeggiate del Direttore<\/span><\/a><\/em>\u201d (Los paseos del Director) recientemente promovido por el Museo Egipcio de Tur\u00edn, son herramientas \u00fatiles para darle un toque personal a sus actividades digitales. \u00bfQu\u00e9 hay de las otras voces, m\u00e1s discretas pero fundamentales, que componen un museo? \u00bfPor qu\u00e9 no incluir a todo el personal, para hablar de las colecciones o de <a href=\"https:\/\/hypebeast.com\/2020\/4\/museums-coronavirus-pandemic-digital-artifacts-exhibitions\"><span class=\"s2\">lo que est\u00e1 pasando en el mundo ahora mismo<\/span><\/a>? O sus visitantes y voluntarios, pregunt\u00e1ndoles qu\u00e9 les lleva a amar esa instituci\u00f3n y <b>que les hace sentirse incluidos<\/b>? <\/span><\/p>\n<hr \/>\n<h3 class=\"p3\"><span class=\"s1\"><b>EL P\u00daBLICO<\/b><\/span><\/h3>\n<p class=\"p1\"><span class=\"s1\">Como sugerimos en nuestra <a href=\"https:\/\/icom.museum\/es\/news\/kit-de-herramientas-del-icom-para-el-dia-internacional-de-los-museos-2024\/\"><span class=\"s2\">gu\u00eda paso a paso<\/span><\/a> para organizar las actividades del DIM, le recomendamos dirigirse a un p\u00fablico espec\u00edfico (como ni\u00f1os, ancianos, una minor\u00eda, etc.). <\/span><\/p>\n<p>Central para el \u00e9xito de los eventos digitales e h\u00edbridos para el D\u00eda Internacional de los Museos est\u00e1 la implicaci\u00f3n de un p\u00fablico espec\u00edfico. Por ejemplo, las actividades que involucran a la generaci\u00f3n m\u00e1s joven no solo son vitales para la sostenibilidad de las instituciones culturales, sino tambi\u00e9n esenciales para fomentar un sentido de propiedad y relevancia entre los futuros custodios de nuestro patrimonio. Al adaptar las experiencias digitales para resonar con los intereses y preferencias de las audiencias j\u00f3venes, los museos pueden encender una pasi\u00f3n por la exploraci\u00f3n y la preservaci\u00f3n cultural desde una edad temprana.<\/p>\n<hr \/>\n<h3><strong>Mapa Interactivo del D\u00eda Internacional de los Museos: Una Puerta de Enlace para la Celebraci\u00f3n Cultural Global<\/strong><\/h3>\n<p>El Mapa Interactivo del D\u00eda Internacional de los Museos 2024 se erige como un faro de innovaci\u00f3n, ofreciendo una plataforma din\u00e1mica para mostrar eventos a escala global. Esta herramienta revolucionaria no solo brinda una visi\u00f3n completa de la diversa gama de actividades que tienen lugar en celebraci\u00f3n del D\u00eda Internacional de los Museos, sino que tambi\u00e9n ofrece a los usuarios un viaje inmersivo a trav\u00e9s de la rica diversidad del patrimonio cultural mundial. Con solo unos pocos clics, los visitantes pueden explorar exposiciones virtuales, talleres interactivos y actuaciones en vivo organizadas por museos de todo el mundo.<\/p>\n<p><iframe loading=\"lazy\" style=\"max-width: 100%;\" title=\"2023 - EN - IMD\" src=\"https:\/\/icomuseums.maps.arcgis.com\/apps\/instant\/basic\/index.html?appid=2cb22c34de854468bf828acee3ba0d0b\" width=\"100%\" height=\"500\" frameborder=\"0\" allowfullscreen=\"allowfullscreen\"><\/iframe><\/p>\n<p><strong>Agregar Su Evento al Mapa Interactivo: Una Gu\u00eda Sencilla para la Visibilidad Global<\/strong><\/p>\n<p>Para agregar su evento al mapa, simplemente complete nuestra encuesta f\u00e1cil de usar disponible en ingl\u00e9s, espa\u00f1ol o franc\u00e9s. Proporcione informaci\u00f3n esencial sobre su evento, como su t\u00edtulo, ubicaci\u00f3n, fecha, una breve descripci\u00f3n, etc. Adem\u00e1s, tendr\u00e1 la oportunidad de cargar visuales cautivadores y contenido multimedia para mejorar la presentaci\u00f3n de su evento. Una vez que haya completado la encuesta, haga clic en enviar para que aparezca en el Mapa Interactivo. Al compartir su evento con la comunidad mundial, no solo est\u00e1 ampliando su alcance, sino que tambi\u00e9n est\u00e1 contribuyendo a la celebraci\u00f3n colectiva de la diversidad cultural y la creatividad en el D\u00eda Internacional de los Museos. \u00a1\u00danase a nosotros para mostrar la riqueza de nuestro patrimonio cultural y conectarse con audiencias de todo el mundo!<\/p>\n<p><span class=\"link_red\"><a href=\"https:\/\/survey123.arcgis.com\/share\/93a9ea2813c84c9c9db0e29a81729eff\">Encuesta para agregar el evento al Mapa Interactivo<\/a><\/span><\/p>\n","protected":false},"excerpt":{"rendered":"<p>Celebrando el D\u00eda Internacional de los Museos: Abrazando los Eventos Digitales e H\u00edbridos En los \u00faltimos a\u00f1os, el Consejo Internacional de Museos (ICOM) ha liderado un cambio transformador en la forma en que celebramos el D\u00eda Internacional de los Museos. Desde 2020, en medio de desaf\u00edos globales y avances tecnol\u00f3gicos, el ICOM ha promovido la [&hellip;]<\/p>\n","protected":false},"author":1,"featured_media":1798,"parent":474,"menu_order":4,"comment_status":"closed","ping_status":"closed","template":"","meta":{"footnotes":""},"yst_prominent_words":[115,94,101,96,97,92,91,119,100,95,98,93,99],"acf":[],"_links":{"self":[{"href":"https:\/\/imd.icom.museum\/es\/wp-json\/wp\/v2\/pages\/1767"}],"collection":[{"href":"https:\/\/imd.icom.museum\/es\/wp-json\/wp\/v2\/pages"}],"about":[{"href":"https:\/\/imd.icom.museum\/es\/wp-json\/wp\/v2\/types\/page"}],"author":[{"embeddable":true,"href":"https:\/\/imd.icom.museum\/es\/wp-json\/wp\/v2\/users\/1"}],"replies":[{"embeddable":true,"href":"https:\/\/imd.icom.museum\/es\/wp-json\/wp\/v2\/comments?post=1767"}],"version-history":[{"count":17,"href":"https:\/\/imd.icom.museum\/es\/wp-json\/wp\/v2\/pages\/1767\/revisions"}],"predecessor-version":[{"id":3311,"href":"https:\/\/imd.icom.museum\/es\/wp-json\/wp\/v2\/pages\/1767\/revisions\/3311"}],"up":[{"embeddable":true,"href":"https:\/\/imd.icom.museum\/es\/wp-json\/wp\/v2\/pages\/474"}],"wp:featuredmedia":[{"embeddable":true,"href":"https:\/\/imd.icom.museum\/es\/wp-json\/wp\/v2\/media\/1798"}],"wp:attachment":[{"href":"https:\/\/imd.icom.museum\/es\/wp-json\/wp\/v2\/media?parent=1767"}],"wp:term":[{"taxonomy":"yst_prominent_words","embeddable":true,"href":"https:\/\/imd.icom.museum\/es\/wp-json\/wp\/v2\/yst_prominent_words?post=1767"}],"curies":[{"name":"wp","href":"https:\/\/api.w.org\/{rel}","templated":true}]}}