{"id":170,"date":"2019-01-07T21:35:23","date_gmt":"2019-01-07T21:35:23","guid":{"rendered":"http:\/\/international-museum-day.icom.cust.oxymium.net\/faq\/"},"modified":"2024-02-07T10:55:28","modified_gmt":"2024-02-07T10:55:28","slug":"faq","status":"publish","type":"page","link":"https:\/\/imd.icom.museum\/es\/que-es-el-dim\/faq\/","title":{"rendered":"FAQ"},"content":{"rendered":"<div id=\"RTE_CONTENT\">\n<p><!--TYPO3SEARCH_begin--> <!-- CONTENT ELEMENT, uid:19450\/textpic [begin] --><\/p>\n<div id=\"c19450\">\n<p><!-- Image block: [begin] --><\/p>\n<div>\n<p><!-- Text: [begin] --><\/p>\n<p><b>\u00bfQu\u00e9 es el DIM?<\/b><\/p>\n<p>El DIM es una celebraci\u00f3n mundial que gira en torno al papel de los museos en la sociedad, por lo que tiene como objetivo atraer a todo tipo de p\u00fablico para presentarle un tema en particular cada a\u00f1o.<\/p>\n<p><b>\u00bfCu\u00e1nto dura el DIM?<\/b><\/p>\n<p>El DIM puede durar un d\u00eda, un fin de semana o una semana, seg\u00fan la importancia que cada instituci\u00f3n desee darle.<\/p>\n<p><b>\u00bfD\u00f3nde tiene lugar el DIM?<\/b><\/p>\n<p>El DIM no busca celebrarse en un solo lugar. El ICOM invita a todos los museos del mundo a participar y abrir sus puertas al p\u00fablico en esta ocasi\u00f3n.<\/p>\n<p><b>\u00bfCu\u00e1l es el tema de este a\u00f1o?<\/b><\/p>\n<p>El tema del DIM es diferente cada a\u00f1o. Los museos que participan son invitados a proponer actividades especiales en relaci\u00f3n al tema. El de 2024 es <b>\u201cMuseos, educaci\u00f3n e investigaci\u00f3n&#8221;<\/b>\u201d.<\/p>\n<p><b>\u00bfExiste un programa del DIM?<\/b><\/p>\n<p>El DIM no es un evento con un programa predefinido o cerrado. Cada museo es libre de proponer una actividad, un programa, un debate o un ciclo de actividades en torno al tema dado por el ICOM.<\/p>\n<p><b>\u00bfD\u00f3nde puedo inscribirme a esta conferencia? \u00a0\u00bfEs necesario inscribirse para participar?<\/b><\/p>\n<p>El DIM no es una conferencia, aunque el tema invita a la reflexi\u00f3n sobre el papel de los museos en el desarrollo de la sociedad. No hay una inscripci\u00f3n obligatoria pero los museos pueden publicar gratuitamente la informaci\u00f3n sobre sus actividades en el mapa interactivo del DIM, disponible en \u00a0<a title=\"Opens external link in new window\" href=\"http:\/\/imd.icom.museum\" target=\"_blank\" rel=\"noopener\"><b>http:\/\/imd.icom.museum<\/b><\/a><\/p>\n<p><b>\u00bfA qui\u00e9n va destinado el evento? <\/b><\/p>\n<p>El DIM es un evento familiar que tiene como objetivo invitar al museo a todos los p\u00fablicos. La universalidad y el acceso a todos es uno de los mayores valores de este evento.<\/p>\n<p><b>\u00bfCu\u00e1l es el rol de los museos que participan? Que debe preparar un museo que se presenta al DIM?<\/b><\/p>\n<p>El servicio de comunicaci\u00f3n del ICOM pone a su disposici\u00f3n todos los elementos necesarios para promover el DIM: kit de comunicaci\u00f3n, explicaci\u00f3n del tema, p\u00f3ster y una campa\u00f1a de informaci\u00f3n en las redes sociales.<\/p>\n<p><b>\u00bfD\u00f3nde puedo encontrar m\u00e1s informaci\u00f3n sobre el DIM? <\/b><\/p>\n<p>Toda la informaci\u00f3n concerniente al DIM se encuentra en el sitio Internet, en la pesta\u00f1a \u201c<a title=\"Opens internal link in current window\" href=\"https:\/\/imd.icom.museum\/es\/\"><b>DIM 2020<\/b><\/a>\u201d. En esta pesta\u00f1a podr\u00e1 descargar el kit de comunicaci\u00f3n que, explicando el tema, propone ejemplos de actividad y contiene todos los datos \u00fatiles para poder preparar el evento.<\/p>\n<p><!-- Text: [end] --><\/p>\n<\/div>\n<p><!-- Image block: [end] --> <!-- BEGIN: Content of extension \"hpo_relatedlink\", plugin \"tx_hporelatedlink_pi1\" --><\/p>\n<div><\/div>\n<p><!-- END: Content of extension \"hpo_relatedlink\", plugin \"tx_hporelatedlink_pi1\" --><\/p>\n<\/div>\n<p><!-- CONTENT ELEMENT, uid:19450\/textpic [end] --> <!--TYPO3SEARCH_end--><\/p>\n<\/div>\n","protected":false},"excerpt":{"rendered":"<p>\u00bfQu\u00e9 es el DIM? El DIM es una celebraci\u00f3n mundial que gira en torno al papel de los museos en la sociedad, por lo que tiene como objetivo atraer a todo tipo de p\u00fablico para presentarle un tema en particular cada a\u00f1o. \u00bfCu\u00e1nto dura el DIM? El DIM puede durar un d\u00eda, un fin de [&hellip;]<\/p>\n","protected":false},"author":1,"featured_media":0,"parent":294,"menu_order":2,"comment_status":"closed","ping_status":"closed","template":"","meta":{"footnotes":""},"yst_prominent_words":[808,94,797,322,803,802,804,810,811,99,805,793,799,809,815,814,813,806,798,807],"acf":[],"_links":{"self":[{"href":"https:\/\/imd.icom.museum\/es\/wp-json\/wp\/v2\/pages\/170"}],"collection":[{"href":"https:\/\/imd.icom.museum\/es\/wp-json\/wp\/v2\/pages"}],"about":[{"href":"https:\/\/imd.icom.museum\/es\/wp-json\/wp\/v2\/types\/page"}],"author":[{"embeddable":true,"href":"https:\/\/imd.icom.museum\/es\/wp-json\/wp\/v2\/users\/1"}],"replies":[{"embeddable":true,"href":"https:\/\/imd.icom.museum\/es\/wp-json\/wp\/v2\/comments?post=170"}],"version-history":[{"count":6,"href":"https:\/\/imd.icom.museum\/es\/wp-json\/wp\/v2\/pages\/170\/revisions"}],"predecessor-version":[{"id":2904,"href":"https:\/\/imd.icom.museum\/es\/wp-json\/wp\/v2\/pages\/170\/revisions\/2904"}],"up":[{"embeddable":true,"href":"https:\/\/imd.icom.museum\/es\/wp-json\/wp\/v2\/pages\/294"}],"wp:attachment":[{"href":"https:\/\/imd.icom.museum\/es\/wp-json\/wp\/v2\/media?parent=170"}],"wp:term":[{"taxonomy":"yst_prominent_words","embeddable":true,"href":"https:\/\/imd.icom.museum\/es\/wp-json\/wp\/v2\/yst_prominent_words?post=170"}],"curies":[{"name":"wp","href":"https:\/\/api.w.org\/{rel}","templated":true}]}}