{"id":164,"date":"2019-01-07T21:35:14","date_gmt":"2019-01-07T21:35:14","guid":{"rendered":"http:\/\/international-museum-day.icom.cust.oxymium.net\/el-dim-en-breve\/"},"modified":"2024-02-07T10:48:52","modified_gmt":"2024-02-07T10:48:52","slug":"el-dim-en-breve","status":"publish","type":"page","link":"https:\/\/imd.icom.museum\/es\/que-es-el-dim\/el-dim-en-breve\/","title":{"rendered":"El DIM en breve"},"content":{"rendered":"<div id=\"RTE_CONTENT\">\n<p><!--TYPO3SEARCH_begin--> <!-- CONTENT ELEMENT, uid:18760\/text [begin] --><\/p>\n<div id=\"c18760\">\n<p>Desde 1977 el ICOM organiza todos los a\u00f1os el D\u00eda Internacional de los Museos (DIM), una ocasi\u00f3n \u00fanica para la comunidad muse\u00edstica internacional. Ese d\u00eda los museos que participan en el DIM planifican eventos y actividades creativas relacionadas con el lema del D\u00eda Internacional de los Museos, conectan con su p\u00fablico y subrayan la importancia del rol de los museos como instituciones al servicio de la sociedad y de su desarrollo.<\/p>\n<p>El objetivo del D\u00eda Internacional de los Museos es sensibilizar al p\u00fablico sobre el hecho de que \u201clos museos son un medio importante para los intercambios culturales, el enriquecimiento de culturas, el avance del entendimiento mutuo, la cooperaci\u00f3n y la paz entre los pueblos\u201d. Se celebra cada a\u00f1o el 18 de mayo o alrededor de esta fecha y los eventos y actividades organizados para la celebraci\u00f3n pueden durar un d\u00eda, un fin de semana o toda una semana.<\/p>\n<p>El D\u00eda Internacional de los Museos re\u00fane cada vez m\u00e1s museos en todo el mundo. En 2021, la celebraci\u00f3n ampli\u00f3 su impacto mediante el desarrollo de actividades h\u00edbridas en todo el mundo, llegando a 89 millones de usuarios de Internet a trav\u00e9s de las redes sociales, art\u00edculos de noticias, publicaciones en blogs, podcasts y mucho m\u00e1s.<\/p>\n<\/div>\n<div id=\"c18760\">\n<p><img decoding=\"async\" loading=\"lazy\" class=\"alignnone size-full wp-image-2286\" src=\"https:\/\/imd.icom.museum\/wp-content\/uploads\/sites\/54\/2022\/01\/cropped-IMD-poster-small-1.jpg\" alt=\"\" width=\"720\" height=\"720\" srcset=\"https:\/\/imd.icom.museum\/wp-content\/uploads\/sites\/54\/2022\/01\/cropped-IMD-poster-small-1.jpg 720w, https:\/\/imd.icom.museum\/wp-content\/uploads\/sites\/54\/2022\/01\/cropped-IMD-poster-small-1-300x300.jpg 300w, https:\/\/imd.icom.museum\/wp-content\/uploads\/sites\/54\/2022\/01\/cropped-IMD-poster-small-1-150x150.jpg 150w\" sizes=\"(max-width: 720px) 100vw, 720px\" \/><\/p>\n<p><img decoding=\"async\" loading=\"lazy\" class=\"alignnone size-large wp-image-2898\" src=\"https:\/\/imd.icom.museum\/wp-content\/uploads\/sites\/54\/2024\/02\/Cartell_DIM2022_EDITABLE_01-1_page-0001-724x1024.jpg\" alt=\"\" width=\"724\" height=\"1024\" srcset=\"https:\/\/imd.icom.museum\/wp-content\/uploads\/sites\/54\/2024\/02\/Cartell_DIM2022_EDITABLE_01-1_page-0001-724x1024.jpg 724w, https:\/\/imd.icom.museum\/wp-content\/uploads\/sites\/54\/2024\/02\/Cartell_DIM2022_EDITABLE_01-1_page-0001-212x300.jpg 212w, https:\/\/imd.icom.museum\/wp-content\/uploads\/sites\/54\/2024\/02\/Cartell_DIM2022_EDITABLE_01-1_page-0001-768x1086.jpg 768w, https:\/\/imd.icom.museum\/wp-content\/uploads\/sites\/54\/2024\/02\/Cartell_DIM2022_EDITABLE_01-1_page-0001-1086x1536.jpg 1086w, https:\/\/imd.icom.museum\/wp-content\/uploads\/sites\/54\/2024\/02\/Cartell_DIM2022_EDITABLE_01-1_page-0001-1448x2048.jpg 1448w, https:\/\/imd.icom.museum\/wp-content\/uploads\/sites\/54\/2024\/02\/Cartell_DIM2022_EDITABLE_01-1_page-0001.jpg 1754w\" sizes=\"(max-width: 724px) 100vw, 724px\" \/><\/p>\n<p><img decoding=\"async\" loading=\"lazy\" class=\"alignnone size-large wp-image-2895\" src=\"https:\/\/imd.icom.museum\/wp-content\/uploads\/sites\/54\/2024\/02\/International-Museum-Day-2022-shangahi-1024x630.jpg\" alt=\"\" width=\"1024\" height=\"630\" srcset=\"https:\/\/imd.icom.museum\/wp-content\/uploads\/sites\/54\/2024\/02\/International-Museum-Day-2022-shangahi-1024x630.jpg 1024w, https:\/\/imd.icom.museum\/wp-content\/uploads\/sites\/54\/2024\/02\/International-Museum-Day-2022-shangahi-300x185.jpg 300w, https:\/\/imd.icom.museum\/wp-content\/uploads\/sites\/54\/2024\/02\/International-Museum-Day-2022-shangahi-768x473.jpg 768w, https:\/\/imd.icom.museum\/wp-content\/uploads\/sites\/54\/2024\/02\/International-Museum-Day-2022-shangahi.jpg 1386w\" sizes=\"(max-width: 1024px) 100vw, 1024px\" \/><\/p>\n<div><\/div>\n<\/div>\n<p><!-- CONTENT ELEMENT, uid:18760\/text [end] --> <!--TYPO3SEARCH_end--><\/p>\n<\/div>\n","protected":false},"excerpt":{"rendered":"<p>Desde 1977 el ICOM organiza todos los a\u00f1os el D\u00eda Internacional de los Museos (DIM), una ocasi\u00f3n \u00fanica para la comunidad muse\u00edstica internacional. Ese d\u00eda los museos que participan en el DIM planifican eventos y actividades creativas relacionadas con el lema del D\u00eda Internacional de los Museos, conectan con su p\u00fablico y subrayan la importancia [&hellip;]<\/p>\n","protected":false},"author":1,"featured_media":0,"parent":294,"menu_order":0,"comment_status":"closed","ping_status":"closed","template":"","meta":{"footnotes":""},"yst_prominent_words":[115,94,268,101,96,121,97,92,91,305,119,100,95,366,122,98,93,486],"acf":[],"_links":{"self":[{"href":"https:\/\/imd.icom.museum\/es\/wp-json\/wp\/v2\/pages\/164"}],"collection":[{"href":"https:\/\/imd.icom.museum\/es\/wp-json\/wp\/v2\/pages"}],"about":[{"href":"https:\/\/imd.icom.museum\/es\/wp-json\/wp\/v2\/types\/page"}],"author":[{"embeddable":true,"href":"https:\/\/imd.icom.museum\/es\/wp-json\/wp\/v2\/users\/1"}],"replies":[{"embeddable":true,"href":"https:\/\/imd.icom.museum\/es\/wp-json\/wp\/v2\/comments?post=164"}],"version-history":[{"count":13,"href":"https:\/\/imd.icom.museum\/es\/wp-json\/wp\/v2\/pages\/164\/revisions"}],"predecessor-version":[{"id":2901,"href":"https:\/\/imd.icom.museum\/es\/wp-json\/wp\/v2\/pages\/164\/revisions\/2901"}],"up":[{"embeddable":true,"href":"https:\/\/imd.icom.museum\/es\/wp-json\/wp\/v2\/pages\/294"}],"wp:attachment":[{"href":"https:\/\/imd.icom.museum\/es\/wp-json\/wp\/v2\/media?parent=164"}],"wp:term":[{"taxonomy":"yst_prominent_words","embeddable":true,"href":"https:\/\/imd.icom.museum\/es\/wp-json\/wp\/v2\/yst_prominent_words?post=164"}],"curies":[{"name":"wp","href":"https:\/\/api.w.org\/{rel}","templated":true}]}}