{"id":138,"date":"2019-01-03T10:42:48","date_gmt":"2019-01-03T10:42:48","guid":{"rendered":"http:\/\/international-museum-day.mini.icom.museum\/?page_id=138"},"modified":"2019-01-07T21:36:22","modified_gmt":"2019-01-07T21:36:22","slug":"informacion-legal","status":"publish","type":"page","link":"https:\/\/imd.icom.museum\/es\/informacion-legal\/","title":{"rendered":"Informaci\u00f3n legal"},"content":{"rendered":"<p class=\"bodytext\">La utilizaci\u00f3n de la p\u00e1gina icom.museum en la red, y de todas las p\u00e1ginas de este dominio (en su conjunto, &#8220;La p\u00e1gina web del ICOM&#8221;), constituye una aceptaci\u00f3n de las normas y condiciones que se indican a continuaci\u00f3n. El ICOM se reserva el derecho de emplear todos los mecanismos judiciales disponibles para combatir cualquier infracci\u00f3n de estas normas de utilizaci\u00f3n, entre ellas cualquier violaci\u00f3n de los derechos del ICOM en relaci\u00f3n al nombre y el emblema del ICOM y sus derechos relativos a la informaci\u00f3n, las ilustraciones, los textos, el v\u00eddeo, los materiales sonoros o las fotos (en conjunci\u00f3n con el &#8220;Contenido&#8221;) de la p\u00e1gina web del ICOM.<\/p>\n<p class=\"bodytext\">P\u00e1gina realizada por <strong><a href=\"https:\/\/hands.agency\/\">Hands Agency<\/a><br \/>\n<\/strong>Albergada por<strong><a href=\"https:\/\/www.oxymium.net\/\"> Oxymium<\/a><br \/>\n<\/strong><\/p>\n<h3 class=\"bodytext\">1.\u00a0\u00a0 \u00a0La p\u00e1gina web del ICOM<\/h3>\n<p class=\"bodytext\"><strong>a) Uso de la p\u00e1gina web del ICOM<\/strong><\/p>\n<p class=\"bodytext\">La p\u00e1gina web del ICOM est\u00e1 concebida para un uso personal y por motivos educativos. Cualquier otra utilizaci\u00f3n, inclusive la reproducci\u00f3n o traducci\u00f3n del Contenido de la p\u00e1gina web del ICOM, o cualquier uso por otro motivo que no sea personal o educativo, requiere una aprobaci\u00f3n expresa del ICOM, realizada previamente por escrito. Toda solicitud para obtener este permiso debe ser enviada utilizando el formulario en l\u00ednea, especificando minuciosamente los objetivos que requieren la utilizaci\u00f3n de la p\u00e1gina . El Contenido de la p\u00e1gina web del ICOM es protegido por la legislaci\u00f3n francesa sobre el derecho de autor.<\/p>\n<p>Para seleccionar el Contenido de la p\u00e1gina web, el ICOM utiliza su criterio y su propia capacidad de decisi\u00f3n. El ICOM se reserva el derecho de cambiar o interrumpir cualquier aspecto o art\u00edculo de la p\u00e1gina web del ICOM. El ICOM no acepta ninguna responsabilidad por la exactitud o la exhaustividad de los elementos del Contenido.<\/p>\n<p>El ICOM declina la responsabilidad derivada de la utilizaci\u00f3n de la p\u00e1gina web del ICOM o del Contenido de la p\u00e1gina web del ICOM. El ICOM, sus empleados y las empresas que trabajan para la organizaci\u00f3n no asumen ninguna responsabilidad financiera o de otro tipo que se derive de la utilizaci\u00f3n del Contenido de la p\u00e1gina web del ICOM, inclusive el uso inapropiado, impropio o fraudulento de este Contenido.<br \/>\nEl ICOM declina toda responsabilidad por cualquier infecci\u00f3n con un virus inform\u00e1tico, ni cualquier otra contaminaci\u00f3n o problema con caracter\u00edsticas destructivas.<\/p>\n<p class=\"bodytext\"><strong>b) Espacios interactivos de la p\u00e1gina web del ICOM\u00a0<\/strong><\/p>\n<p class=\"bodytext\">En la p\u00e1gina web del ICOM se ofrecen tablones de anuncios electr\u00f3nicos, lugares de conversaci\u00f3n, acceso a listas de correos u otros mensajes o instrumentos de comunicaci\u00f3n.<br \/>\nEsta p\u00e1gina puede contener sugerencias, opiniones y declaraciones procedentes de diversas fuentes de informaci\u00f3n. Estos avisos, opiniones o afirmaciones no representan necesariamente las opiniones del ICOM.<\/p>\n<p class=\"bodytext\">Cuando haga uso de estos instrumentos, el usuario se compromete a no hacer lo siguiente:<\/p>\n<ol>\n<li class=\"bodytext\">difamar, maltratar, acosar, acechar, amenazar o infringir de alguna forma los derechos de otras personas;<\/li>\n<li class=\"bodytext\">publicar, colocar, distribuir o diseminar cualquier material o informaci\u00f3n difamatoria, ofensiva, obscena, indecente o ilegal;<\/li>\n<li class=\"bodytext\">cargar o adjuntar documentos que contengan programas o materiales protegidos por las leyes de la propiedad intelectual (o por derechos a la intimidad) a menos que el usuario sea propietario o controle los derechos de los mismos o haya recibido todos los consentimientos necesarios;<\/li>\n<li class=\"bodytext\">cargar o adjuntar documentos que contengan virus, documentos corrompidos o cualquier otro programa similar que pueda perjudicar el funcionamiento de la computadora de otra persona;<\/li>\n<li class=\"bodytext\">eliminar el nombre de un autor, notificaciones jur\u00eddicas o marcas de propiedad o etiquetas en cualquier documento;<\/li>\n<li class=\"bodytext\">falsificar el origen o la fuente de un programa u otro material que se encuentre en un documento presentado en la p\u00e1gina;<\/li>\n<li class=\"bodytext\">anunciar u ofrecer la venta de cualquier producto o servicio o llevar a cabo o trasmitir a otras personas encuestas, concursos o cartas en cadena; o<\/li>\n<li class=\"bodytext\">descargar cualquier documento colocado por otro usuario que el usuario sabe, o deber\u00eda saber, que no puede distribuirse de esa forma seg\u00fan lo prescribe la ley.<\/li>\n<\/ol>\n<p class=\"bodytext\">El ICOM se reserva el derecho absoluto de eliminar cualquier material colocado en la p\u00e1gina web del ICOM sin avisar al usuario. El ICOM no acepta ninguna responsabilidad en relaci\u00f3n a la conducta de ning\u00fan usuario con respecto a estos instrumentos, ni por cualquier tipo de material sometido por los usuarios y presentado en la p\u00e1gina web del ICOM, como por ejemplo la responsabilidad por la exactitud o fiabilidad de cualquier informaci\u00f3n, dato, opini\u00f3n, orientaci\u00f3n o declaraciones realizados en este tipo de materiales.<\/p>\n<p class=\"bodytext\"><strong>a) Los cookies<\/strong><\/p>\n<p class=\"bodytext\">Un cookie es una informaci\u00f3n que una p\u00e1gina web guarda en el ordenador del usuario y que el navegador del usuario manda a la p\u00e1gina web cada vez que se conecta. La p\u00e1gina web del ICOM usa cookies con el fin de ayudar a identificar los usuarios, sus actividades en la p\u00e1gina web del ICOM y sus preferencias de acceso. Los usuarios que no desean conservar cookies en sus ordenadores pueden modificar las preferencias de su navegador para que no se guarden. Sin embargo, algunas funciones de la p\u00e1gina web del ICOM, y en particular la parte interactiva de la p\u00e1gina, no funcionar\u00e1n correctamente sin la activaci\u00f3n de los cookies.<\/p>\n<h3 class=\"bodytext\">2. Otras p\u00e1ginas Web<\/h3>\n<p class=\"bodytext\"><strong>a) Enlaces en la p\u00e1gina web del ICOM<\/strong><\/p>\n<p class=\"bodytext\">Puede que en la p\u00e1gina web del ICOM se incluyan enlaces con otras p\u00e1ginas Web que no se hallan bajo el control del ICOM. El ICOM no asume ninguna responsabilidad con respecto a estas p\u00e1ginas Web, como por ejemplo responsabilidad por la veracidad o fiabilidad de ninguna informaci\u00f3n, dato, opini\u00f3n, orientaci\u00f3n o declaraciones que se hagan en estas p\u00e1ginas Web.<\/p>\n<p class=\"bodytext\"><strong>b) Enlace con la p\u00e1gina web del ICOM<\/strong><\/p>\n<p class=\"bodytext\">El ICOM agradece los usuarios por el inter\u00e9s que demuestran en la organizaci\u00f3n incluyendo un enlace en sus p\u00e1ginas Internet hacia la p\u00e1gina web del ICOM. Mediante la inclusi\u00f3n de ese enlace en su p\u00e1gina web, el usuario manifiesta su apoyo a las misiones del ICOM. Si el usuario esta interesado en agregar un enlace con la p\u00e1gina web del ICOM, tiene que ponerse en contacto con ICOM para que sea incluido en los registros. En su p\u00e1gina, el usuario puede establecer un enlace con la p\u00e1gina web principal del ICOM, o con cualquier otra p\u00e1gina del mismo.<\/p>\n<p>El ICOM se reserva el derecho de desautorizar cualquier enlace en cualquier momento. En tal caso, los responsables de la p\u00e1gina web se comprometen a eliminar de inmediato el enlace con la p\u00e1gina del ICOM. Adem\u00e1s, el ICOM es una organizaci\u00f3n a fines non lucrativos y no permite entonces la publicaci\u00f3n de un enlace en las p\u00e1ginas web comerciales. El ICOM no comparte, intercambia o publica enlaces hacia otras p\u00e1ginas Web que no sean sus socios oficiales.<\/p>\n<h3 class=\"bodytext\">3. Mapas y Uso de nombres<\/h3>\n<p class=\"bodytext\">La utilizaci\u00f3n de designaciones concretas de pa\u00edses o territorios as\u00ed que los mapas en la p\u00e1gina no reflejan ninguna toma de posici\u00f3n por parte del ICOM con relaci\u00f3n a la situaci\u00f3n jur\u00eddica de ning\u00fan pa\u00eds o territorio, de sus autoridades e instituciones ni el reconocimiento de ninguna frontera. El ICOM se refiere a la denominaci\u00f3n que las Naciones Unidas reconoce para sus Estados miembros.<br \/>\nLa menci\u00f3n a nombres de compa\u00f1\u00edas o productos espec\u00edficos (tanto si se indica que est\u00e1 registrados como si no) no implica el prop\u00f3sito de infringir el derecho de propiedad ni debe considerarse como un apoyo o recomendaci\u00f3n por parte del ICOM.<\/p>\n<h3 class=\"bodytext\">4. POLITICA DE PRIVACIDAD DEL ICOM (Versi\u00f3n \u00abaligerada\u00bb)<\/h3>\n<p class=\"bodytext\">La organizaci\u00f3n ICOM hace hincapi\u00e9 en la protecci\u00f3n de los datos de car\u00e1cter personal y de la vida privada.<\/p>\n<p class=\"bodytext\">Esta pol\u00edtica explica la manera en que ICOM procede al tratamiento y protecci\u00f3n de los datos de car\u00e1cter personal de los visitantes\u00a0 y usuarios de la p\u00e1gina web\u00a0<a class=\"internal-link\" title=\"Opens internal link in current window\" href=\"http:\/\/icom.museum\/L\/1\/\">http:\/\/icom.museum<\/a><\/p>\n<p>ICOM a designado un encargado de protecci\u00f3n de datos (en Francia: Corresponsal Inform\u00e1tico y Libertades &#8211; CIL), con el fin de velar por el respeto de las disposiciones de la ley N\u00b0 78-17 del 6 de Enero de 1978.<\/p>\n<p>ICOM vela por el tratamiento de datos de car\u00e1cter personal respetando los principios siguientes.<\/p>\n<p>Finalidad espec\u00edfica del tratamiento: se recopilan datos de car\u00e1cter personal \u00fanicamente con la finalidad de asegurar y mejorar el funcionamiento y la utilizaci\u00f3n de la p\u00e1gina web y para permitir que la asociaci\u00f3n funcione seg\u00fan el objeto definido en sus estatutos.<\/p>\n<p>Finalidad ulterior del tratamiento: ICOM no utiliza sus datos para otros fines que los definidos en los estatutos o para el funcionamiento de la p\u00e1gina web. ICOM no comercializa ni divulga a terceros las informaciones relativas a los miembros y a los usuarios de la p\u00e1gina web.<\/p>\n<p>Minimizaci\u00f3n y proporcionalidad: ICOM solo recopila los datos adecuados, pertinentes y estrictamente necesarios para el buen funcionamiento de la asociaci\u00f3n y de la p\u00e1gina web .<\/p>\n<p>Datos sensibles: ICOM nunca recopilar\u00e1 sin su conocimiento y sin su expreso consentimiento datos que revelen, directa o indirectamente, los or\u00edgenes raciales o \u00e9tnicos, las opiniones pol\u00edticas, filos\u00f3ficas o religiosas, la afiliaci\u00f3n sindical, el estado de salud o la vida sexual de las personas.<\/p>\n<p>Periodo de conservaci\u00f3n: ICOM no conservar\u00e1 sus datos mas all\u00e1 de la duraci\u00f3n necesaria para la realizaci\u00f3n de las finalidades para las cuales fueron colectados.<\/p>\n<p>Informaci\u00f3n y transparencia: Usted dispone de un derecho de acceso a los datos que le concierne y que son tratados por el ICOM. Usted tiene derecho de hacer rectificar o suprimir los datos err\u00f3neos y oponerse a su conservaci\u00f3n en un fichero.<br \/>\nCorreo electr\u00f3nico: <span style=\"font-size: 10.0pt; font-family: 'Arial',sans-serif; color: black;\"><a href=\"mailto:rgpd@icom.museum\">rgpd@icom.museum<\/a><\/span><\/p>\n<p>&nbsp;<\/p>\n<p>Transferencia fuera de la Uni\u00f3n Europea (UE): en el marco de su funcionamiento y en su calidad de asociaci\u00f3n de vocaci\u00f3n internacional, puede ocurrir que ICOM facilite sus datos de car\u00e1cter personal a organizaciones y beneficiarios situados en estados fuera de la UE.<\/p>\n<p>Seguridad de los datos: ICOM toma todas las precauciones \u00fatiles para preservar la seguridad de los datos y en especial, impedir que sean deformados, da\u00f1ados o que terceros no autorizados tengan acceso.<\/p>\n<p>Privacidad de los datos: ICOM nunca divulgar\u00e1 sus datos fuera de sus asociados o terceros autorizados por ley.<\/p>\n<p>Para m\u00e1s pormenores le invitamos a consultar en detalle nuestra\u00a0pol\u00edtica de privacidad y cookies<\/p>\n<h3 class=\"bodytext\">5. Copyright \u00a9 ICOM<\/h3>\n<p class=\"bodytext\"><strong>a) El nombre ICOM- Consejo International de los Museos<\/strong><\/p>\n<p class=\"bodytext\">El nombre y el emblema del ICOM son propiedad exclusiva del ICOM. La marca compleja ICOM &#8211; Conseil international des mus\u00e9es \u2013 International Council of Museums \u2013 Consejo internacional de los museos beneficia de los derechos concedidos por su registro a la Oficina de Armonizaci\u00f3n del Mercado Interior (OAMI). Es prohibido copiar o reproducir de ninguna forma el nombre y el emblema del ICOM sin el permiso por escrito del ICOM. Toda solicitud para obtener este permiso debe ser enviada utilizando nuestro formulario en l\u00ednea.<\/p>\n<p class=\"bodytext\"><strong>b) Cr\u00e9ditos de las fotograf\u00edas y de las publicaciones<\/strong><\/p>\n<p class=\"bodytext\">El ICOM ofrece su informaci\u00f3n en la Internet en beneficio de las personas interesadas en los esfuerzos de la organizaci\u00f3n en favor de la conservaci\u00f3n y la transmisi\u00f3n de los bienes culturales. Si el usuario desea reflejar, reproducir, reimprimir o traducir cualquiera informaci\u00f3n de la p\u00e1gina web para darle una mayor difusi\u00f3n, tiene que avisar al ICOM utilizando el formulario de comentario e indicar el uso que piensa darle al material, incluido la naturaleza y amplitud del p\u00fablico al que desea dirigirse. La utilizaci\u00f3n del material del ICOM en la Internet para cualquier prop\u00f3sito est\u00e1 prohibida a menos que se obtenga previamente un permiso por escrito.<\/p>\n<p>El ICOM se reserva todos sus derechos sobre sus publicaciones, incluido su grafismo y su contenido. El ICOM se reserva los derechos de propiedad del material que aparece en su p\u00e1gina web, incluido su Contenido y los dise\u00f1os gr\u00e1ficos.<\/p>\n<h3 class=\"bodytext\">6. Cr\u00e9ditos de las fotograf\u00edas<\/h3>\n<p class=\"bodytext\">El ICOM agradece todos los individuos y organismos que contribuyeron a la p\u00e1gina web. Sin menci\u00f3n contraria, las fotograf\u00edas presentadas en la p\u00e1gina web son la propiedad del ICOM. Todos los derechos son reservados. Toda reproducci\u00f3n de una o de varias fotograf\u00edas sin la autorizaci\u00f3n del poseedor de los derechos es prohibida por la ley.<\/p>\n<ul>\n<li class=\"bodytext\"><\/li>\n<\/ul>\n","protected":false},"excerpt":{"rendered":"<p>La utilizaci\u00f3n de la p\u00e1gina icom.museum en la red, y de todas las p\u00e1ginas de este dominio (en su conjunto, &#8220;La p\u00e1gina web del ICOM&#8221;), constituye una aceptaci\u00f3n de las normas y condiciones que se indican a continuaci\u00f3n. El ICOM se reserva el derecho de emplear todos los mecanismos judiciales disponibles para combatir cualquier infracci\u00f3n [&hellip;]<\/p>\n","protected":false},"author":1,"featured_media":0,"parent":0,"menu_order":0,"comment_status":"closed","ping_status":"closed","template":"","meta":{"footnotes":""},"yst_prominent_words":[],"acf":[],"_links":{"self":[{"href":"https:\/\/imd.icom.museum\/es\/wp-json\/wp\/v2\/pages\/138"}],"collection":[{"href":"https:\/\/imd.icom.museum\/es\/wp-json\/wp\/v2\/pages"}],"about":[{"href":"https:\/\/imd.icom.museum\/es\/wp-json\/wp\/v2\/types\/page"}],"author":[{"embeddable":true,"href":"https:\/\/imd.icom.museum\/es\/wp-json\/wp\/v2\/users\/1"}],"replies":[{"embeddable":true,"href":"https:\/\/imd.icom.museum\/es\/wp-json\/wp\/v2\/comments?post=138"}],"version-history":[{"count":1,"href":"https:\/\/imd.icom.museum\/es\/wp-json\/wp\/v2\/pages\/138\/revisions"}],"predecessor-version":[{"id":139,"href":"https:\/\/imd.icom.museum\/es\/wp-json\/wp\/v2\/pages\/138\/revisions\/139"}],"wp:attachment":[{"href":"https:\/\/imd.icom.museum\/es\/wp-json\/wp\/v2\/media?parent=138"}],"wp:term":[{"taxonomy":"yst_prominent_words","embeddable":true,"href":"https:\/\/imd.icom.museum\/es\/wp-json\/wp\/v2\/yst_prominent_words?post=138"}],"curies":[{"name":"wp","href":"https:\/\/api.w.org\/{rel}","templated":true}]}}