{"id":1282,"date":"2020-01-31T10:44:34","date_gmt":"2020-01-31T10:44:34","guid":{"rendered":"http:\/\/imd.mini.icom.museum\/?page_id=1282"},"modified":"2020-04-16T14:43:14","modified_gmt":"2020-04-16T14:43:14","slug":"2019-los-museos-como-ejes-culturales-el-futuro-de-la-tradicion","status":"publish","type":"page","link":"https:\/\/imd.icom.museum\/es\/ediciones-pasadas\/2019-los-museos-como-ejes-culturales-el-futuro-de-la-tradicion\/","title":{"rendered":"2019 &#8211; Los museos como ejes culturales: el futuro de la tradici\u00f3n"},"content":{"rendered":"<p>El tema escogido por el DIM 2019 fue <strong>&#8220;Los museos como ejes culturales: el futuro de la tradici\u00f3n&#8221;<\/strong>.<\/p>\n<p>El papel de los museos en la sociedad est\u00e1 cambiando. Los museos se est\u00e1n reinventando continuamente para ser todavia m\u00e1s interactivos, centrados en la audiencia, orientados a la comunidad, flexibles, adaptables y m\u00f3viles. <strong>Se han convertido en ejes culturales que funcionan como plataformas donde la creatividad se combina con el conocimiento y donde los visitantes pueden co-crear, compartir e interactuar.<\/strong><\/p>\n<p><img decoding=\"async\" loading=\"lazy\" class=\"aligncenter wp-image-1283 size-large\" src=\"https:\/\/imd.icom.museum\/wp-content\/uploads\/sites\/54\/2020\/01\/IMD2019-affiche-espagnol_light-683x1024.jpg\" alt=\"\" width=\"683\" height=\"1024\" srcset=\"https:\/\/imd.icom.museum\/wp-content\/uploads\/sites\/54\/2020\/01\/IMD2019-affiche-espagnol_light-683x1024.jpg 683w, https:\/\/imd.icom.museum\/wp-content\/uploads\/sites\/54\/2020\/01\/IMD2019-affiche-espagnol_light-200x300.jpg 200w, https:\/\/imd.icom.museum\/wp-content\/uploads\/sites\/54\/2020\/01\/IMD2019-affiche-espagnol_light-768x1152.jpg 768w, https:\/\/imd.icom.museum\/wp-content\/uploads\/sites\/54\/2020\/01\/IMD2019-affiche-espagnol_light.jpg 1134w\" sizes=\"(max-width: 683px) 100vw, 683px\" \/><\/p>\n<p>A la vez que preservan\u00a0sus misiones principales\u00a0(recolecci\u00f3n, conservaci\u00f3n, comunicaci\u00f3n, investigaci\u00f3n, exhibici\u00f3n), los museos han transformado sus pr\u00e1cticas para acercarse a\u00a0las comunidades a las que sirven. Hoy buscan formas innovadoras de abordar problemas y\u00a0conflictos sociales contempor\u00e1neos. Actuando a nivel local, los museos tambi\u00e9n pueden defender y mitigar problemas de escala global, enfrent\u00e1ndose de manera proactiva a\u00a0los desaf\u00edos que afronta nuestra sociedad. Como instituciones en el coraz\u00f3n de sus comunidades, tienen el poder de establecer un di\u00e1logo entre culturas, de construir puentes para un mundo pac\u00edfico y de definir un futuro sostenible.<\/p>\n<p><img decoding=\"async\" loading=\"lazy\" class=\"aligncenter wp-image-1252 size-full\" src=\"http:\/\/imd.mini.icom.museum\/wp-content\/uploads\/sites\/54\/2020\/01\/Happy-IMD-ES-e1580467253577.png\" alt=\"\" width=\"567\" height=\"355\" srcset=\"https:\/\/imd.icom.museum\/wp-content\/uploads\/sites\/54\/2020\/01\/Happy-IMD-ES-e1580467253577.png 567w, https:\/\/imd.icom.museum\/wp-content\/uploads\/sites\/54\/2020\/01\/Happy-IMD-ES-e1580467253577-300x188.png 300w\" sizes=\"(max-width: 567px) 100vw, 567px\" \/><\/p>\n<p>A medida que los museos se desarrollan\u00a0cada vez m\u00e1s en sus papeles de centros culturales, tambi\u00e9n encuentran nuevas formas de honrar sus colecciones, historias y legados, creando tradiciones que tendr\u00e1n nuevos significados para las generaciones futuras y una nueva relevancia para un p\u00fablico contempor\u00e1neo y global cada vez m\u00e1s diverso.\u00a0Esta transformaci\u00f3n, que tendr\u00e1 un profundo impacto en la teor\u00eda y la pr\u00e1ctica de los museos, tambi\u00e9n obligar\u00e1 a los profesionales de los museos a repensar el propio valor de los museos y a cuestionar los l\u00edmites \u00e9ticos que definen la naturaleza misma de su trabajo.<\/p>\n<p><img decoding=\"async\" loading=\"lazy\" class=\"aligncenter wp-image-1264 size-full\" src=\"https:\/\/imd.icom.museum\/wp-content\/uploads\/sites\/54\/2020\/01\/Culloden-Scotland.jpg\" alt=\"\" width=\"1554\" height=\"1032\" srcset=\"https:\/\/imd.icom.museum\/wp-content\/uploads\/sites\/54\/2020\/01\/Culloden-Scotland.jpg 1554w, https:\/\/imd.icom.museum\/wp-content\/uploads\/sites\/54\/2020\/01\/Culloden-Scotland-300x199.jpg 300w, https:\/\/imd.icom.museum\/wp-content\/uploads\/sites\/54\/2020\/01\/Culloden-Scotland-768x510.jpg 768w, https:\/\/imd.icom.museum\/wp-content\/uploads\/sites\/54\/2020\/01\/Culloden-Scotland-1024x680.jpg 1024w\" sizes=\"(max-width: 1554px) 100vw, 1554px\" \/><\/p>\n<p>Siendo al mismo tiempo un punto focal para la comunidad y parte integral de una red mundial, los museos ofrecen una plataforma para traducir las necesidades y visiones de sus comunidades locales a un contexto global.<\/p>\n<p><img decoding=\"async\" loading=\"lazy\" class=\" wp-image-1604 aligncenter\" src=\"https:\/\/imd.icom.museum\/wp-content\/uploads\/sites\/54\/2020\/04\/Schermata-2020-04-16-alle-12.51.40-214x300.png\" alt=\"\" width=\"296\" height=\"415\" srcset=\"https:\/\/imd.icom.museum\/wp-content\/uploads\/sites\/54\/2020\/04\/Schermata-2020-04-16-alle-12.51.40-214x300.png 214w, https:\/\/imd.icom.museum\/wp-content\/uploads\/sites\/54\/2020\/04\/Schermata-2020-04-16-alle-12.51.40-768x1077.png 768w, https:\/\/imd.icom.museum\/wp-content\/uploads\/sites\/54\/2020\/04\/Schermata-2020-04-16-alle-12.51.40-730x1024.png 730w, https:\/\/imd.icom.museum\/wp-content\/uploads\/sites\/54\/2020\/04\/Schermata-2020-04-16-alle-12.51.40.png 853w\" sizes=\"(max-width: 296px) 100vw, 296px\" \/><\/p>\n<p><img decoding=\"async\" loading=\"lazy\" class=\"aligncenter wp-image-1261 size-full\" src=\"https:\/\/imd.icom.museum\/wp-content\/uploads\/sites\/54\/2020\/01\/Children-Museum-Roma.jpg\" alt=\"\" width=\"635\" height=\"417\" srcset=\"https:\/\/imd.icom.museum\/wp-content\/uploads\/sites\/54\/2020\/01\/Children-Museum-Roma.jpg 635w, https:\/\/imd.icom.museum\/wp-content\/uploads\/sites\/54\/2020\/01\/Children-Museum-Roma-300x197.jpg 300w\" sizes=\"(max-width: 635px) 100vw, 635px\" \/><\/p>\n<p><img decoding=\"async\" loading=\"lazy\" class=\"aligncenter wp-image-1267 size-large\" src=\"https:\/\/imd.icom.museum\/wp-content\/uploads\/sites\/54\/2020\/01\/Kenya-Uhuru-Gardens-Museum-3-683x1024.jpg\" alt=\"\" width=\"683\" height=\"1024\" srcset=\"https:\/\/imd.icom.museum\/wp-content\/uploads\/sites\/54\/2020\/01\/Kenya-Uhuru-Gardens-Museum-3-683x1024.jpg 683w, https:\/\/imd.icom.museum\/wp-content\/uploads\/sites\/54\/2020\/01\/Kenya-Uhuru-Gardens-Museum-3-200x300.jpg 200w, https:\/\/imd.icom.museum\/wp-content\/uploads\/sites\/54\/2020\/01\/Kenya-Uhuru-Gardens-Museum-3-768x1152.jpg 768w, https:\/\/imd.icom.museum\/wp-content\/uploads\/sites\/54\/2020\/01\/Kenya-Uhuru-Gardens-Museum-3.jpg 800w\" sizes=\"(max-width: 683px) 100vw, 683px\" \/><\/p>\n<p><img decoding=\"async\" loading=\"lazy\" class=\"aligncenter wp-image-1270 size-full\" src=\"https:\/\/imd.icom.museum\/wp-content\/uploads\/sites\/54\/2020\/01\/Dublin-2-Copie.jpg\" alt=\"\" width=\"633\" height=\"420\" srcset=\"https:\/\/imd.icom.museum\/wp-content\/uploads\/sites\/54\/2020\/01\/Dublin-2-Copie.jpg 633w, https:\/\/imd.icom.museum\/wp-content\/uploads\/sites\/54\/2020\/01\/Dublin-2-Copie-300x199.jpg 300w\" sizes=\"(max-width: 633px) 100vw, 633px\" \/><\/p>\n","protected":false},"excerpt":{"rendered":"<p>El tema escogido por el DIM 2019 fue &#8220;Los museos como ejes culturales: el futuro de la tradici\u00f3n&#8221;. El papel de los museos en la sociedad est\u00e1 cambiando. Los museos se est\u00e1n reinventando continuamente para ser todavia m\u00e1s interactivos, centrados en la audiencia, orientados a la comunidad, flexibles, adaptables y m\u00f3viles. Se han convertido en [&hellip;]<\/p>\n","protected":false},"author":1,"featured_media":0,"parent":606,"menu_order":0,"comment_status":"closed","ping_status":"closed","template":"","meta":{"footnotes":""},"yst_prominent_words":[577,228,115,94,431,227,843,206,230,574,225,226,573,575,238,576,243,229,236,578],"acf":[],"_links":{"self":[{"href":"https:\/\/imd.icom.museum\/es\/wp-json\/wp\/v2\/pages\/1282"}],"collection":[{"href":"https:\/\/imd.icom.museum\/es\/wp-json\/wp\/v2\/pages"}],"about":[{"href":"https:\/\/imd.icom.museum\/es\/wp-json\/wp\/v2\/types\/page"}],"author":[{"embeddable":true,"href":"https:\/\/imd.icom.museum\/es\/wp-json\/wp\/v2\/users\/1"}],"replies":[{"embeddable":true,"href":"https:\/\/imd.icom.museum\/es\/wp-json\/wp\/v2\/comments?post=1282"}],"version-history":[{"count":6,"href":"https:\/\/imd.icom.museum\/es\/wp-json\/wp\/v2\/pages\/1282\/revisions"}],"predecessor-version":[{"id":1679,"href":"https:\/\/imd.icom.museum\/es\/wp-json\/wp\/v2\/pages\/1282\/revisions\/1679"}],"up":[{"embeddable":true,"href":"https:\/\/imd.icom.museum\/es\/wp-json\/wp\/v2\/pages\/606"}],"wp:attachment":[{"href":"https:\/\/imd.icom.museum\/es\/wp-json\/wp\/v2\/media?parent=1282"}],"wp:term":[{"taxonomy":"yst_prominent_words","embeddable":true,"href":"https:\/\/imd.icom.museum\/es\/wp-json\/wp\/v2\/yst_prominent_words?post=1282"}],"curies":[{"name":"wp","href":"https:\/\/api.w.org\/{rel}","templated":true}]}}